{"id":269,"date":"2025-11-19T14:53:54","date_gmt":"2025-11-19T14:53:54","guid":{"rendered":"https:\/\/artewebmidia.com.br\/comparajuros\/?page_id=269"},"modified":"2025-11-19T14:54:41","modified_gmt":"2025-11-19T14:54:41","slug":"termos-e-condicoes-de-uso","status":"publish","type":"page","link":"https:\/\/artewebmidia.com.br\/comparajuros\/termos-e-condicoes-de-uso\/","title":{"rendered":"Termos E Condi\u00e7\u00f5es De Uso"},"content":{"rendered":"\t\t<div data-elementor-type=\"wp-page\" data-elementor-id=\"269\" class=\"elementor elementor-269\" data-elementor-post-type=\"page\">\n\t\t\t\t<div class=\"elementor-element elementor-element-4e70cf76 e-flex e-con-boxed e-con e-parent\" data-id=\"4e70cf76\" data-element_type=\"container\" data-settings=\"{&quot;background_background&quot;:&quot;classic&quot;}\">\n\t\t\t\t\t<div class=\"e-con-inner\">\n\t\t\t\t<div class=\"elementor-element elementor-element-7607b104 elementor-widget-mobile__width-initial elementor-widget elementor-widget-theme-site-logo elementor-widget-image\" data-id=\"7607b104\" data-element_type=\"widget\" data-widget_type=\"theme-site-logo.default\">\n\t\t\t\t\t\t\t\t\t\t\t<a href=\"https:\/\/artewebmidia.com.br\/comparajuros\">\n\t\t\t<img fetchpriority=\"high\" decoding=\"async\" width=\"2560\" height=\"1440\" src=\"https:\/\/artewebmidia.com.br\/comparajuros\/wp-content\/uploads\/2025\/10\/logo-fluorescente-scaled.png\" class=\"attachment-full size-full wp-image-14\" alt=\"\" srcset=\"https:\/\/artewebmidia.com.br\/comparajuros\/wp-content\/uploads\/2025\/10\/logo-fluorescente-scaled.png 2560w, https:\/\/artewebmidia.com.br\/comparajuros\/wp-content\/uploads\/2025\/10\/logo-fluorescente-300x169.png 300w, https:\/\/artewebmidia.com.br\/comparajuros\/wp-content\/uploads\/2025\/10\/logo-fluorescente-1024x576.png 1024w, https:\/\/artewebmidia.com.br\/comparajuros\/wp-content\/uploads\/2025\/10\/logo-fluorescente-768x432.png 768w, https:\/\/artewebmidia.com.br\/comparajuros\/wp-content\/uploads\/2025\/10\/logo-fluorescente-1536x864.png 1536w, https:\/\/artewebmidia.com.br\/comparajuros\/wp-content\/uploads\/2025\/10\/logo-fluorescente-2048x1152.png 2048w\" sizes=\"(max-width: 2560px) 100vw, 2560px\" \/>\t\t\t\t<\/a>\n\t\t\t\t\t\t\t\t\t\t\t<\/div>\n\t\t\t\t\t<\/div>\n\t\t\t\t<\/div>\n\t\t<div class=\"elementor-element elementor-element-2180e972 e-flex e-con-boxed e-con e-parent\" data-id=\"2180e972\" data-element_type=\"container\" data-settings=\"{&quot;background_background&quot;:&quot;classic&quot;}\">\n\t\t\t\t\t<div class=\"e-con-inner\">\n\t\t\t\t<div class=\"elementor-element elementor-element-7f4ca83f elementor-widget-divider--view-line elementor-widget elementor-widget-divider\" data-id=\"7f4ca83f\" data-element_type=\"widget\" data-widget_type=\"divider.default\">\n\t\t\t\t\t\t\t<div class=\"elementor-divider\">\n\t\t\t<span class=\"elementor-divider-separator\">\n\t\t\t\t\t\t<\/span>\n\t\t<\/div>\n\t\t\t\t\t\t<\/div>\n\t\t\t\t<div class=\"elementor-element elementor-element-239a2074 elementor-widget elementor-widget-text-editor\" data-id=\"239a2074\" data-element_type=\"widget\" data-widget_type=\"text-editor.default\">\n\t\t\t\t\t\t\t\t\t<ul><li aria-level=\"1\"><b>O que s\u00e3o os Termos e Condi\u00e7\u00f5es de Uso?<\/b><\/li><\/ul><p>\u00a0<\/p><p><span style=\"font-weight: 400;\">Os <\/span><b>Termos e Condi\u00e7\u00f5es de Uso<\/b><span style=\"font-weight: 400;\"> fornecem informa\u00e7\u00f5es claras sobre as regras \u00e0s quais o usu\u00e1rio estar\u00e1 sujeito ao utilizar o nosso site, al\u00e9m de apresentar os limites, funcionalidades, responsabilidades e legisla\u00e7\u00f5es aplic\u00e1veis, em conformidade com a Lei n\u00ba 13.709\/2018 (Lei Geral de Prote\u00e7\u00e3o de Dados Pessoais \u2013 LGPD), a Lei n\u00ba 12.965\/2014 (Marco Civil da Internet) e demais normas vigentes.<\/span><\/p><p><br \/><b><\/b><\/p><ul><li aria-level=\"1\"><b>Aceita\u00e7\u00e3o:<\/b><\/li><\/ul><p>\u00a0<\/p><p><span style=\"font-weight: 400;\">Bem-vindo ao <\/span><i><span style=\"font-weight: 400;\">site<\/span><\/i><span style=\"font-weight: 400;\"> da<\/span><b> Compara Juros Solu\u00e7\u00f5es em Cr\u00e9dito Imobili\u00e1rio<\/b><span style=\"font-weight: 400;\">!\u00a0<\/span><\/p><p>\u00a0<\/p><p><span style=\"font-weight: 400;\">Este <\/span><i><span style=\"font-weight: 400;\">site<\/span><\/i><span style=\"font-weight: 400;\"> \u00e9 controlado e operado pela <\/span><b>Compara Juros Solu\u00e7\u00f5es em Cr\u00e9dito Imobili\u00e1rio, <\/b><span style=\"font-weight: 400;\">devidamente<\/span> <span style=\"font-weight: 400;\">inscrita no Cadastro Nacional de Pessoas Jur\u00eddicas (CNPJ) sob o n\u00b0. 41.831.295\/0001-25, <\/span><span style=\"font-weight: 400;\">sediada<\/span><span style=\"font-weight: 400;\"> na Rua Para\u00edba, n\u00b0. 1.174 \u2013 sala 102, no bairro Savassi, na cidade de Belo Horizonte\/MG \u2013 CEP: 30.130-145 e com <\/span><span style=\"font-weight: 400;\">filial <\/span><span style=\"font-weight: 400;\">na Avenida Paulista, n\u00b0 1.471 \u2013 Conjunto 511, no bairro Bela Vista, na cidade de S\u00e3o Paulo\/SP \u2013 CEP: 13.112-00.<\/span><\/p><p>\u00a0<\/p><p><span style=\"font-weight: 400;\">No presente documento (\u201c<\/span><b>Termos e Condi\u00e7\u00f5es de Uso<\/b><span style=\"font-weight: 400;\">\u201d) voc\u00ea encontrar\u00e1 detalhes sobre as normas relativas ao uso do nosso <\/span><i><span style=\"font-weight: 400;\">site<\/span><\/i><span style=\"font-weight: 400;\"> e de nossas aplica\u00e7\u00f5es. Portanto, por favor, leia atentamente as condi\u00e7\u00f5es descritas neste documento. <\/span><b>O acesso, navega\u00e7\u00e3o e utiliza\u00e7\u00e3o de nosso <\/b><b><i>site<\/i><\/b><b> \u00e9 a sua declara\u00e7\u00e3o de aceita\u00e7\u00e3o aos Termos e Condi\u00e7\u00f5es aqui propostos<\/b><span style=\"font-weight: 400;\">.<\/span><\/p><p>\u00a0<\/p><p><span style=\"font-weight: 400;\">Ademais, estes <\/span><b>Termos e Condi\u00e7\u00f5es de Uso<\/b><span style=\"font-weight: 400;\"> se aplicam a todos os visitantes, usu\u00e1rios e outros que acessam ou usam os nossos servi\u00e7os por meio do nosso <\/span><i><span style=\"font-weight: 400;\">site<\/span><\/i><span style=\"font-weight: 400;\">. Assim, voc\u00ea dever\u00e1 ler atentamente todo o conte\u00fado deste documento e, caso esteja de acordo, poder\u00e1 prosseguir com sua navega\u00e7\u00e3o.<\/span><\/p><p>\u00a0<\/p><p><span style=\"font-weight: 400;\">Informamos que, eventualmente, para certas atividades de tratamento de dados pessoais relativas \u00e0s funcionalidades e \u00e0 disponibiliza\u00e7\u00e3o de aplica\u00e7\u00f5es, produtos e\/ou servi\u00e7os, poder\u00e1 ser solicitado seu <\/span><b>consentimento livre, informado e inequ\u00edvoco.\u00a0<\/b><\/p><p>\u00a0<\/p><p><span style=\"font-weight: 400;\">Caso tenha qualquer d\u00favida em rela\u00e7\u00e3o a este documento entre em contato conosco por meio do canal de contato do nosso Encarregado pelo Tratamento dos Dados Pessoais <\/span><a href=\"mailto:privacidade@levicredito.com.br\"><i><span style=\"font-weight: 400;\">privacidade@levicredito.com.br<\/span><\/i><\/a><span style=\"font-weight: 400;\"> , mas, se voc\u00ea <\/span><b>n\u00e3o estiver de acordo<\/b><span style=\"font-weight: 400;\"> com estes <\/span><b>Termos e Condi\u00e7\u00f5es de Uso<\/b> <b>dever\u00e1 descontinuar o seu acesso, imediatamente<\/b><span style=\"font-weight: 400;\">.<\/span><\/p><p>\u00a0<\/p><p><span style=\"font-weight: 400;\">Estes <\/span><b>Termos e Condi\u00e7\u00f5es de Uso<\/b><span style=\"font-weight: 400;\"> n\u00e3o se aplicam a websites e aplica\u00e7\u00f5es de terceiros. A exist\u00eancia de links para esses ambientes n\u00e3o implica qualquer rela\u00e7\u00e3o de endosso, patroc\u00ednio ou responsabilidade da em rela\u00e7\u00e3o a tais terceiros.\u00a0<\/span><\/p><p>\u00a0<\/p><p><span style=\"font-weight: 400;\">Ressaltamos que, ao acessar esses sites ou aplica\u00e7\u00f5es, voc\u00ea estar\u00e1 sujeito aos respectivos <\/span><b>Termos e Condi\u00e7\u00f5es de Uso, Pol\u00edticas e Avisos de Privacidade pr\u00f3prios destas plataformas.<\/b><\/p><p><br \/><b><\/b><\/p><ul><li aria-level=\"1\"><b>Objeto:<\/b><\/li><\/ul><p>\u00a0<\/p><p><span style=\"font-weight: 400;\">A<\/span><b> Compara Juros Solu\u00e7\u00f5es em Cr\u00e9dito Imobili\u00e1rio<\/b><span style=\"font-weight: 400;\">, por meio deste site, proporciona informa\u00e7\u00f5es gerais sobre a empresa, suas a\u00e7\u00f5es, seus canais de contato, seus produtos e servi\u00e7os.\u00a0<\/span><\/p><p><br \/><b><\/b><\/p><ul><li aria-level=\"1\"><b>Elegibilidade: Declara\u00e7\u00e3o de Maioridade:<\/b><\/li><\/ul><p>\u00a0<\/p><p><span style=\"font-weight: 400;\">Como condi\u00e7\u00e3o para acesso e uso das funcionalidades exclusivas deste <\/span><i><span style=\"font-weight: 400;\">website<\/span><\/i><span style=\"font-weight: 400;\"> e \u00e0 todos os servi\u00e7os a ele relacionados, <\/span><b>voc\u00ea declara ser maior de 18 (dezoito) anos<\/b><span style=\"font-weight: 400;\">, al\u00e9m, de declarar que fez a leitura completa e atenta \u00e0s regras deste documento, <\/span><b>expressando livremente a sua concord\u00e2ncia com os Termos e Condi\u00e7\u00f5es aqui estipulados.<\/b><\/p><p><br \/><b><\/b><\/p><ul><li aria-level=\"1\"><b>Utiliza\u00e7\u00e3o das Aplica\u00e7\u00f5es:<\/b><\/li><\/ul><p>\u00a0<\/p><p><span style=\"font-weight: 400;\">Algumas aplica\u00e7\u00f5es e servi\u00e7os da <\/span><b>Compara Juros Solu\u00e7\u00f5es em Cr\u00e9dito Imobili\u00e1rio<\/b><span style=\"font-weight: 400;\"> est\u00e3o dispon\u00edveis na <\/span><i><span style=\"font-weight: 400;\">Internet<\/span><\/i><span style=\"font-weight: 400;\">, para que voc\u00ea possa acessar seus conte\u00fados, as esp\u00e9cies de servi\u00e7os e produtos ofertados.\u00a0<\/span><\/p><p>\u00a0<\/p><p><span style=\"font-weight: 400;\">Para tanto, a <\/span><b>Compara Juros Solu\u00e7\u00f5es em Cr\u00e9dito Imobili\u00e1rio<\/b><span style=\"font-weight: 400;\"> sempre solicitar\u00e1 a voc\u00ea algumas permiss\u00f5es para o ideal funcionamento das aplica\u00e7\u00f5es durante sua sess\u00e3o de uso.\u00a0<\/span><\/p><p>\u00a0<\/p><p><span style=\"font-weight: 400;\">Em alguns casos, ser\u00e1 necess\u00e1rio que voc\u00ea se cadastre, inserindo na aplica\u00e7\u00e3o informa\u00e7\u00f5es e dados pessoais, como por exemplo dados solcicitados nas abas dispon\u00edveis em nosso site:<\/span><\/p><p><br \/><b><\/b><\/p><ul><li aria-level=\"1\"><b>Contato &#8211; Fale Conosco: <\/b><span style=\"font-weight: 400;\">nome, sobrenome e endere\u00e7o de <\/span><i><span style=\"font-weight: 400;\">e-mail <\/span><\/i><span style=\"font-weight: 400;\">e;<\/span><\/li><\/ul><p><b><\/b><br \/><b><\/b><\/p><ul><li aria-level=\"1\"><b>Seja um Associado \u2013 Pessoa F\u00edsica: <\/b><span style=\"font-weight: 400;\">nome, sobrenome, CPF, data de nascimento, endere\u00e7o residencial, telefone e endere\u00e7o de <\/span><i><span style=\"font-weight: 400;\">e-mail<\/span><\/i><span style=\"font-weight: 400;\"> .<\/span><\/li><\/ul><p>\u00a0<\/p><p><span style=\"font-weight: 400;\">Assim, ao aceitar estes <\/span><b>Termos e Condi\u00e7\u00f5es de Uso<\/b><span style=\"font-weight: 400;\">, voc\u00ea reconhece ser o \u00fanico respons\u00e1vel pelo fornecimento de informa\u00e7\u00f5es e dados pessoais corretos e precisos, para o cadastro, eximindo a <\/span><b>Compara Juros Solu\u00e7\u00f5es em Cr\u00e9dito Imobili\u00e1rio<\/b><span style=\"font-weight: 400;\"> de toda e qualquer responsabilidade relativa a eventuais informa\u00e7\u00f5es falsas e\/ou inexatas, bem como por eventuais danos e\/ou preju\u00edzos decorrentes de tais informa\u00e7\u00f5es causadas a voc\u00ea, a terceiros ou \u00e0 pr\u00f3pria<\/span><b> Compara Juros Solu\u00e7\u00f5es em Cr\u00e9dito Imobili\u00e1rio.<\/b><\/p><p>\u00a0<\/p><p><span style=\"font-weight: 400;\">Neste mesmo sentido, voc\u00ea reconhece que, excepcionalmente, caso a <\/span><b>Compara Juros Solu\u00e7\u00f5es em Cr\u00e9dito Imobili\u00e1rio<\/b><span style=\"font-weight: 400;\"> verifique qualquer erro, inexatid\u00e3o ou inconsist\u00eancia nas informa\u00e7\u00f5es fornecidas, o acesso e utiliza\u00e7\u00e3o das aplica\u00e7\u00f5es, produtos e servi\u00e7os podem ficar prejudicados, at\u00e9 que a irregularidade seja corrigida por voc\u00ea, nos casos poss\u00edveis.<\/span><\/p><p>\u00a0<\/p><p><span style=\"font-weight: 400;\">Por fim, ao aceitar os presentes <\/span><b>Termos e Condi\u00e7\u00f5es de Uso<\/b><span style=\"font-weight: 400;\">, voc\u00ea se declara de que \u00e9 o \u00fanico e exclusivo respons\u00e1vel pelas informa\u00e7\u00f5es fornecidas quando de seu acesso \u00e0s nossas aplica\u00e7\u00f5es, produtos e servi\u00e7os, responsabilizando-se perante terceiros, por danos ou preju\u00edzos decorrentes de informa\u00e7\u00f5es incorretas, incompletas ou inver\u00eddicas inseridas.<\/span><\/p><p><br \/><b><\/b><\/p><ul><li aria-level=\"1\"><b>Propriedade Intelectual:<\/b><\/li><\/ul><p>\u00a0<\/p><p><span style=\"font-weight: 400;\">A<\/span><b> Compara Juros Solu\u00e7\u00f5es em Cr\u00e9dito Imobili\u00e1rio<\/b><span style=\"font-weight: 400;\">, salvo disposi\u00e7\u00e3o em sentido contr\u00e1rio, \u00e9 a detentora dos direitos autorais de toda a informa\u00e7\u00e3o disponibilizada no seu <\/span><i><span style=\"font-weight: 400;\">website<\/span><\/i><span style=\"font-weight: 400;\">, bem como, de todos os direitos de propriedade intelectual e direitos conexos.<\/span><\/p><p>\u00a0<\/p><p><span style=\"font-weight: 400;\">\u00a0Deste modo, fica expressamente vedada a utiliza\u00e7\u00e3o do seu nome, marca ou logotipo, exceto e somente quando houver a pr\u00e9via, expressa e escrita autoriza\u00e7\u00e3o da <\/span><b>Compara Juros Solu\u00e7\u00f5es em Cr\u00e9dito Imobili\u00e1rio.<\/b><\/p><p>\u00a0<\/p><p><span style=\"font-weight: 400;\">Voc\u00ea poder\u00e1 fazer <\/span><i><span style=\"font-weight: 400;\">download<\/span><\/i><span style=\"font-weight: 400;\">, imprimir, ou armazenar informa\u00e7\u00f5es e\/ou materiais disponibilizados neste <\/span><i><span style=\"font-weight: 400;\">website<\/span><\/i> <b>para o seu uso particular<\/b><span style=\"font-weight: 400;\">, exclusivamente, <\/span><b>e desde que voc\u00ea mantenha intactas todas as notifica\u00e7\u00f5es de direitos autorais e outras notifica\u00e7\u00f5es de propriedade<\/b><span style=\"font-weight: 400;\">.\u00a0<\/span><\/p><p>\u00a0<\/p><p><span style=\"font-weight: 400;\">Pontuamos que, <\/span><b>voc\u00ea n\u00e3o tem permiss\u00e3o para fazer uso das informa\u00e7\u00f5es, no todo ou em parte, para ganhos comerciais.<\/b><\/p><p><br \/><b><\/b><\/p><ul><li aria-level=\"1\"><b>Limita\u00e7\u00e3o de Responsabilidade:<\/b><\/li><\/ul><p>\u00a0<\/p><p><span style=\"font-weight: 400;\">Para o correto funcionamento deste <\/span><i><span style=\"font-weight: 400;\">website,<\/span><\/i><span style=\"font-weight: 400;\"> se torna indispens\u00e1vel o acesso e tr\u00e1fego de dados entre terminais de seu computador ou dispositivo m\u00f3vel e os servidores que hospedam este <\/span><i><span style=\"font-weight: 400;\">site.\u00a0<\/span><\/i><\/p><p>\u00a0<\/p><p><span style=\"font-weight: 400;\">Portanto, a <\/span><b>Compara Juros Solu\u00e7\u00f5es em Cr\u00e9dito Imobili\u00e1rio<\/b><span style=\"font-weight: 400;\"> n\u00e3o garante e nem se responsabiliza pela disponibilidade integral e ininterrupta dos servi\u00e7os aqui disponibilizados, n\u00e3o possuindo, pois, nenhuma inger\u00eancia e n\u00e3o sendo respons\u00e1vel por eventuais falhas no tr\u00e1fego destes dados e no acesso a este <\/span><i><span style=\"font-weight: 400;\">website.<\/span><\/i><\/p><p>\u00a0<\/p><p><b>SOB NENHUMA CIRCUNST\u00c2NCIA A COMPARA JUROS SOLU\u00c7\u00d5ES EM CR\u00c9DITO IMOBILI\u00c1RIO SER\u00c1 RESPONS\u00c1VEL POR QUAISQUER RECLAMA\u00c7\u00d5ES, DANOS, PERDAS, DESPESAS, CUSTOS OU RESPONSABILIDADES DE QUALQUER NATUREZA, DECORRENTES, DIRETA OU INDIRETAMENTE, DO USO OU DA INCAPACIDADE DE USO DESTE SITE, BEM COMO DA CONFIAN\u00c7A NAS INFORMA\u00c7\u00d5ES OU MATERIAIS NELE DISPONIBILIZADOS.<\/b><\/p><p>\u00a0<\/p><p><span style=\"font-weight: 400;\">Nosso <\/span><i><span style=\"font-weight: 400;\">site<\/span><\/i><span style=\"font-weight: 400;\"> tamb\u00e9m pode conter links para outros sites da <\/span><i><span style=\"font-weight: 400;\">Internet, <\/span><\/i><span style=\"font-weight: 400;\">assim<\/span><i><span style=\"font-weight: 400;\">, c<\/span><\/i><span style=\"font-weight: 400;\">omo n\u00e3o temos o controle sobre <\/span><b><i>sites <\/i><\/b><b>de terceiros<\/b><span style=\"font-weight: 400;\">, voc\u00ea reconhece e concorda que a <\/span><b>Compara Juros Solu\u00e7\u00f5es em Cr\u00e9dito Imobili\u00e1rio<\/b><span style=\"font-weight: 400;\"> n\u00e3o \u00e9 respons\u00e1vel por qualquer conte\u00fado ou material nesses <\/span><i><span style=\"font-weight: 400;\">sites<\/span><\/i><span style=\"font-weight: 400;\">. Somado a isso, voc\u00ea ainda reconhece e concorda que a <\/span><b>Compara Juros Solu\u00e7\u00f5es em Cr\u00e9dito Imobili\u00e1rio<\/b><span style=\"font-weight: 400;\"> n\u00e3o ser\u00e1 respons\u00e1vel ou responsabilizada, direta ou indiretamente, por quaisquer danos ou perdas causadas ou sofridos, em raz\u00e3o do uso ou confian\u00e7a em informa\u00e7\u00f5es ou materiais obtidos de <\/span><b><i>sites<\/i><\/b><b> de terceiros.<\/b><\/p><p><br \/><b><\/b><\/p><ul><li aria-level=\"1\"><b>Privacidade e Prote\u00e7\u00e3o de Dados Pessoais:<\/b><\/li><\/ul><p>\u00a0<\/p><p><span style=\"font-weight: 400;\">A utiliza\u00e7\u00e3o de alguns servi\u00e7os oferecidos no <\/span><i><span style=\"font-weight: 400;\">website<\/span><\/i><span style=\"font-weight: 400;\"> implica a necessidade do fornecimento de dados de car\u00e1ter pessoal, os quais ser\u00e3o processados nos termos da nossa <\/span><a href=\"https:\/\/artewebmidia.com.br\/comparajuros\/politica-de-privacidade\/\"><b>Pol\u00edtica de Privacidade e Prote\u00e7\u00e3o de Dados Pessoais<\/b><\/a><span style=\"font-weight: 400;\"> a qualquer momento <\/span><b>clique aqui para acesso.<\/b><\/p><p>\u00a0<\/p><p><span style=\"font-weight: 400;\">Informamos ainda que, a <\/span><b>Compara Juros Solu\u00e7\u00f5es em Cr\u00e9dito Imobili\u00e1rio<\/b><span style=\"font-weight: 400;\"> adota todas as medidas de seguran\u00e7a t\u00e9cnicas, f\u00edsicas e administrativas, aptas \u00e0 prote\u00e7\u00e3o de dados pessoais, nos termos da Lei n\u00b0. 13.709\/2018 (Lei Geral de Prote\u00e7\u00e3o de Dados Pessoais \u2013 LGPD), a Lei n\u00ba 12.965\/2014 (Marco Civil da Internet) e demais normas correlatas sobre o tema.<\/span><\/p><p>\u00a0<\/p><p><span style=\"font-weight: 400;\">Para informa\u00e7\u00f5es e d\u00favidas relacionadas aos seus dados pessoais, bem como para exerc\u00edcio dos seus direitos enquanto titular, entre em contato com o nosso <\/span><b>Encarregado pelo Tratamento dos Dados Pessoais (DPO),<\/b><span style=\"font-weight: 400;\"> atrav\u00e9s do canal: <\/span><a href=\"mailto:privacidade@levicredito.com.br\"><i><span style=\"font-weight: 400;\">privacidade@levicredito.com.br<\/span><\/i><\/a><span style=\"font-weight: 400;\"> .<\/span><b>\u00a0<\/b><\/p><p><br \/><b><\/b><\/p><ul><li aria-level=\"1\"><b>Dura\u00e7\u00e3o e Finaliza\u00e7\u00e3o de Servi\u00e7os:<\/b><\/li><\/ul><p>\u00a0<\/p><p><span style=\"font-weight: 400;\">Os conte\u00fados disponibilizados neste <\/span><i><span style=\"font-weight: 400;\">website<\/span><\/i><span style=\"font-weight: 400;\"> t\u00eam uma dura\u00e7\u00e3o indefinida, assim, a <\/span><b>Compara Juros Solu\u00e7\u00f5es em Cr\u00e9dito Imobili\u00e1rio<\/b><span style=\"font-weight: 400;\"> est\u00e1 facultada a terminar, interromper, ou suspender unilateralmente, a qualquer momento e sem necessidade de aviso pr\u00e9vio, o fornecimento do conte\u00fado ou do pr\u00f3prio <\/span><i><span style=\"font-weight: 400;\">website<\/span><\/i><span style=\"font-weight: 400;\">, sem preju\u00edzo do disposto no presente <\/span><b>Termos e Condi\u00e7\u00f5es de Uso<\/b><span style=\"font-weight: 400;\">.<\/span><\/p><p><br \/><b><\/b><\/p><ul><li aria-level=\"1\"><b>Encarregado pelo Tratamento dos Dados Pessoais (DPO):<\/b><\/li><\/ul><p>\u00a0<\/p><p><span style=\"font-weight: 400;\">N\u00f3s nomeamos nosso <\/span><b>Encarregado pelo Tratamento dos Dados Pessoais (DPO)<\/b><span style=\"font-weight: 400;\"> e disponibilizamos abaixo as informa\u00e7\u00f5es de sua identifica\u00e7\u00e3o e seu canal de contato.<\/span><\/p><p>\u00a0<\/p><p><b>ENCARREGADO PELO TRATAMENTO DOS DADOS PESSOAIS (DPO):<\/b><\/p><p><b>TITULAR<\/b><span style=\"font-weight: 400;\">: Rodrigo Mundim Pena Veloso<\/span><\/p><p><b>SUBSTITUTO:<\/b><span style=\"font-weight: 400;\"> Mariana Pedrosa<\/span><\/p><p><b><i>E-mail<\/i><\/b><span style=\"font-weight: 400;\">: <\/span><a href=\"mailto:privacidade@levicredito.com.br\"><span style=\"font-weight: 400;\">privacidade@levicredito.com.br<\/span><\/a><span style=\"font-weight: 400;\">\u00a0<\/span><\/p><p><br \/><b><\/b><\/p><ul><li aria-level=\"1\"><b>Legisla\u00e7\u00e3o e Foro:<\/b><\/li><\/ul><p>\u00a0<\/p><p><span style=\"font-weight: 400;\">Estes <\/span><b>Termos e Condi\u00e7\u00f5es de Uso<\/b><span style=\"font-weight: 400;\"> ser\u00e3o regidos e interpretados de acordo com a da Lei n\u00b0. 13.709\/2018 (Lei Geral de Prote\u00e7\u00e3o de Dados Pessoais \u2013 LGPD), a Lei n\u00ba 12.965\/2014 (Marco Civil da Internet) e demais normas brasileiras correlatas sobre o tema, independentemente dos conflitos dessas leis com leis de outros estados ou pa\u00edses, sendo competente o <\/span><b>Foro da Comarca de Belo Horizonte\/MG,<\/b><span style=\"font-weight: 400;\"> com exclus\u00e3o de qualquer outro, para dirimir qualquer d\u00favida decorrente deste documento.\u00a0<\/span><\/p><p>\u00a0<\/p><p><span style=\"font-weight: 400;\">Dito isto, <\/span><b>o usu\u00e1rio consente expressamente<\/b><span style=\"font-weight: 400;\">, com a compet\u00eancia deste Ju\u00edzo e com exclus\u00e3o de qualquer outro, por mais privilegiado que seja.<\/span><\/p><p><br \/><b><\/b><\/p><ul><li aria-level=\"1\"><b>Disposi\u00e7\u00f5es Finais:<\/b><\/li><\/ul><p>\u00a0<\/p><p><span style=\"font-weight: 400;\">Os presentes <\/span><b>Termos e Condi\u00e7\u00f5es de Uso<\/b><span style=\"font-weight: 400;\">, podem ser atualizados sem pr\u00e9vio aviso ao usu\u00e1rio, garantindo a manuten\u00e7\u00e3o da vers\u00e3o mais atualizada neste site.\u00a0<\/span><\/p><p>\u00a0<\/p><p><span style=\"font-weight: 400;\">Assim, recomendamos que voc\u00ea consulte estes <\/span><b>Termos e Condi\u00e7\u00f5es de Uso<\/b><span style=\"font-weight: 400;\">, periodicamente, para verificar eventuais altera\u00e7\u00f5es.<\/span><\/p><p><br \/><b><\/b><\/p><ul><li aria-level=\"1\"><b>Controle de Atualiza\u00e7\u00f5es:<\/b><\/li><\/ul><p>\u00a0<\/p><p><span style=\"font-weight: 400;\">Estes <\/span><b>Termos e Condi\u00e7\u00f5es de Uso<\/b><span style=\"font-weight: 400;\"> foram atualizados em <\/span><b>27\/10\/2025.<\/b><\/p>\t\t\t\t\t\t\t\t<\/div>\n\t\t\t\t<div class=\"elementor-element elementor-element-539d087a elementor-widget__width-initial elementor-widget elementor-widget-button\" data-id=\"539d087a\" data-element_type=\"widget\" data-widget_type=\"button.default\">\n\t\t\t\t\t\t\t\t\t\t<a class=\"elementor-button elementor-button-link elementor-size-sm\" href=\"https:\/\/artewebmidia.com.br\/comparajuros\/\">\n\t\t\t\t\t\t<span class=\"elementor-button-content-wrapper\">\n\t\t\t\t\t\t<span class=\"elementor-button-icon\">\n\t\t\t\t<svg xmlns=\"http:\/\/www.w3.org\/2000\/svg\" id=\"Outline\" viewBox=\"0 0 24 24\" width=\"512\" height=\"512\"><path d=\"M23.12,9.91,19.25,6a1,1,0,0,0-1.42,0h0a1,1,0,0,0,0,1.41L21.39,11H1a1,1,0,0,0-1,1H0a1,1,0,0,0,1,1H21.45l-3.62,3.61a1,1,0,0,0,0,1.42h0a1,1,0,0,0,1.42,0l3.87-3.88A3,3,0,0,0,23.12,9.91Z\"><\/path><\/svg>\t\t\t<\/span>\n\t\t\t\t\t\t\t\t\t<span class=\"elementor-button-text\">Voltar<\/span>\n\t\t\t\t\t<\/span>\n\t\t\t\t\t<\/a>\n\t\t\t\t\t\t\t\t<\/div>\n\t\t\t\t\t<\/div>\n\t\t\t\t<\/div>\n\t\t\t\t<\/div>\n\t\t","protected":false},"excerpt":{"rendered":"<p>O que s\u00e3o os Termos e Condi\u00e7\u00f5es de Uso? \u00a0 Os Termos e Condi\u00e7\u00f5es de Uso fornecem informa\u00e7\u00f5es claras sobre as regras \u00e0s quais o usu\u00e1rio estar\u00e1 sujeito ao utilizar o nosso site, al\u00e9m de apresentar os limites, funcionalidades, responsabilidades e legisla\u00e7\u00f5es aplic\u00e1veis, em conformidade com a Lei n\u00ba 13.709\/2018 (Lei Geral de Prote\u00e7\u00e3o de [&hellip;]<\/p>\n","protected":false},"author":1,"featured_media":0,"parent":0,"menu_order":0,"comment_status":"closed","ping_status":"closed","template":"elementor_canvas","meta":{"footnotes":""},"class_list":["post-269","page","type-page","status-publish","hentry"],"_links":{"self":[{"href":"https:\/\/artewebmidia.com.br\/comparajuros\/wp-json\/wp\/v2\/pages\/269","targetHints":{"allow":["GET"]}}],"collection":[{"href":"https:\/\/artewebmidia.com.br\/comparajuros\/wp-json\/wp\/v2\/pages"}],"about":[{"href":"https:\/\/artewebmidia.com.br\/comparajuros\/wp-json\/wp\/v2\/types\/page"}],"author":[{"embeddable":true,"href":"https:\/\/artewebmidia.com.br\/comparajuros\/wp-json\/wp\/v2\/users\/1"}],"replies":[{"embeddable":true,"href":"https:\/\/artewebmidia.com.br\/comparajuros\/wp-json\/wp\/v2\/comments?post=269"}],"version-history":[{"count":4,"href":"https:\/\/artewebmidia.com.br\/comparajuros\/wp-json\/wp\/v2\/pages\/269\/revisions"}],"predecessor-version":[{"id":273,"href":"https:\/\/artewebmidia.com.br\/comparajuros\/wp-json\/wp\/v2\/pages\/269\/revisions\/273"}],"wp:attachment":[{"href":"https:\/\/artewebmidia.com.br\/comparajuros\/wp-json\/wp\/v2\/media?parent=269"}],"curies":[{"name":"wp","href":"https:\/\/api.w.org\/{rel}","templated":true}]}}