{"id":3,"date":"2025-10-24T17:31:38","date_gmt":"2025-10-24T17:31:38","guid":{"rendered":"https:\/\/artewebmidia.com.br\/comparajuros\/?page_id=3"},"modified":"2025-10-28T14:57:49","modified_gmt":"2025-10-28T14:57:49","slug":"politica-de-privacidade","status":"publish","type":"page","link":"https:\/\/artewebmidia.com.br\/comparajuros\/politica-de-privacidade\/","title":{"rendered":"Pol\u00edtica de Privacidade"},"content":{"rendered":"\t\t<div data-elementor-type=\"wp-page\" data-elementor-id=\"3\" class=\"elementor elementor-3\" data-elementor-post-type=\"page\">\n\t\t\t\t<div class=\"elementor-element elementor-element-64544542 e-flex e-con-boxed e-con e-parent\" data-id=\"64544542\" data-element_type=\"container\" data-settings=\"{&quot;background_background&quot;:&quot;classic&quot;}\">\n\t\t\t\t\t<div class=\"e-con-inner\">\n\t\t\t\t<div class=\"elementor-element elementor-element-2dfac17 elementor-widget-mobile__width-initial elementor-widget elementor-widget-theme-site-logo elementor-widget-image\" data-id=\"2dfac17\" data-element_type=\"widget\" data-widget_type=\"theme-site-logo.default\">\n\t\t\t\t\t\t\t\t\t\t\t<a href=\"https:\/\/artewebmidia.com.br\/comparajuros\">\n\t\t\t<img fetchpriority=\"high\" decoding=\"async\" width=\"2560\" height=\"1440\" src=\"https:\/\/artewebmidia.com.br\/comparajuros\/wp-content\/uploads\/2025\/10\/logo-fluorescente-scaled.png\" class=\"attachment-full size-full wp-image-14\" alt=\"\" srcset=\"https:\/\/artewebmidia.com.br\/comparajuros\/wp-content\/uploads\/2025\/10\/logo-fluorescente-scaled.png 2560w, https:\/\/artewebmidia.com.br\/comparajuros\/wp-content\/uploads\/2025\/10\/logo-fluorescente-300x169.png 300w, https:\/\/artewebmidia.com.br\/comparajuros\/wp-content\/uploads\/2025\/10\/logo-fluorescente-1024x576.png 1024w, https:\/\/artewebmidia.com.br\/comparajuros\/wp-content\/uploads\/2025\/10\/logo-fluorescente-768x432.png 768w, https:\/\/artewebmidia.com.br\/comparajuros\/wp-content\/uploads\/2025\/10\/logo-fluorescente-1536x864.png 1536w, https:\/\/artewebmidia.com.br\/comparajuros\/wp-content\/uploads\/2025\/10\/logo-fluorescente-2048x1152.png 2048w\" sizes=\"(max-width: 2560px) 100vw, 2560px\" \/>\t\t\t\t<\/a>\n\t\t\t\t\t\t\t\t\t\t\t<\/div>\n\t\t\t\t\t<\/div>\n\t\t\t\t<\/div>\n\t\t<div class=\"elementor-element elementor-element-3062d9c e-flex e-con-boxed e-con e-parent\" data-id=\"3062d9c\" data-element_type=\"container\" data-settings=\"{&quot;background_background&quot;:&quot;classic&quot;}\">\n\t\t\t\t\t<div class=\"e-con-inner\">\n\t\t\t\t<div class=\"elementor-element elementor-element-9a19f57 elementor-widget-divider--view-line elementor-widget elementor-widget-divider\" data-id=\"9a19f57\" data-element_type=\"widget\" data-widget_type=\"divider.default\">\n\t\t\t\t\t\t\t<div class=\"elementor-divider\">\n\t\t\t<span class=\"elementor-divider-separator\">\n\t\t\t\t\t\t<\/span>\n\t\t<\/div>\n\t\t\t\t\t\t<\/div>\n\t\t\t\t<div class=\"elementor-element elementor-element-245d67a elementor-widget elementor-widget-text-editor\" data-id=\"245d67a\" data-element_type=\"widget\" data-widget_type=\"text-editor.default\">\n\t\t\t\t\t\t\t\t\t<p><b>POL\u00cdTICA DE PRIVACIDADE E PROTE\u00c7\u00c3O DE DADOS PESSOAIS \u2013 COMPARA JUROS SOLU\u00c7\u00d5ES EM CR\u00c9DITO IMOBILI\u00c1RIO<\/b><\/p>\n<ul>\n<li aria-level=\"1\"><b>NO\u00c7\u00d5ES GERAIS:<\/b><\/li>\n<\/ul>\n<p><span style=\"font-weight: 400;\">A inviolabilidade da intimidade, da vida privada, da honra e da imagem dos indiv\u00edduos \u00e9 um direito fundamental assegurado pela Constitui\u00e7\u00e3o Federal de 1988. Resultado de uma das dimens\u00f5es desse direito fundamental, a prote\u00e7\u00e3o das pessoas naturais no que diz ao tratamento dos dados de car\u00e1ter pessoal se consolida como um direito no Brasil, assegurado pela legisla\u00e7\u00e3o brasileira, especialmente pela Lei n\u00ba 13.709\/2018 (Lei Geral de Prote\u00e7\u00e3o de Dados &#8211; LGPD).<\/span><\/p>\n<p><span style=\"font-weight: 400;\">Por isso, n\u00f3s, da<\/span><b> Compara Juros Solu\u00e7\u00f5es em Cr\u00e9dito Imobili\u00e1rio<\/b><span style=\"font-weight: 400;\">, al\u00e9m de valorizarmos a privacidade e a prote\u00e7\u00e3o dos dados pessoais dos usu\u00e1rios do nosso <\/span><i><span style=\"font-weight: 400;\">website (site)<\/span><\/i><span style=\"font-weight: 400;\">, estamos atentos e comprometidos com a Lei Geral de Prote\u00e7\u00e3o de Dados (Lei 13.709\/2018 &#8211; \u201cLGPD\u201d) e demais previs\u00f5es sobre o tema.&nbsp;<\/span><\/p>\n<ul>\n<li aria-level=\"1\"><b>ESCOPO DE APLICA\u00c7\u00c3O:<\/b><\/li>\n<\/ul>\n<p><span style=\"font-weight: 400;\">No que diz respeito ao escopo de aplica\u00e7\u00e3o, o art. 3\u00ba estabelece que a LGPD se aplica a qualquer opera\u00e7\u00e3o de tratamento realizada por pessoa natural ou por pessoa jur\u00eddica de direito p\u00fablico ou privado, independentemente do meio, do pa\u00eds de sua sede ou do pa\u00eds onde estejam localizados os dados, desde que:<\/span><\/p>\n<ul>\n<li aria-level=\"1\"><span style=\"font-weight: 400;\">A opera\u00e7\u00e3o de tratamento seja realizada no territ\u00f3rio nacional;<\/span><\/li>\n<\/ul>\n<p><b><\/b><br><b><\/b><\/p>\n<ul>\n<li aria-level=\"1\"><span style=\"font-weight: 400;\">A atividade de tratamento tenha por objetivo a oferta ou o fornecimento de bens ou servi\u00e7os ou o tratamento de dados de indiv\u00edduos localizados no territ\u00f3rio nacional ou;<\/span><\/li>\n<\/ul>\n<p><b><\/b><br><b><\/b><\/p>\n<ul>\n<li aria-level=\"1\"><span style=\"font-weight: 400;\">Os dados pessoais, objeto do tratamento, tenham sido coletados no territ\u00f3rio nacional.&nbsp;<\/span><\/li>\n<\/ul>\n<p><span style=\"font-weight: 400;\">Para tanto, consideram-se coletados no territ\u00f3rio nacional, os dados pessoais cujo titular nele se encontre no momento da coleta.<\/span><\/p>\n<ul>\n<li aria-level=\"1\"><b>GER\u00caNCIA E VERS\u00c3O DO DOCUMENTO:<\/b><\/li>\n<\/ul>\n<p><b>Vers\u00e3o:<\/b><span style=\"font-weight: 400;\"> 2\u00ba\/2025<\/span><\/p>\n<p><b>Data: <\/b><span style=\"font-weight: 400;\">27\/10\/2025<\/span><\/p>\n<ul>\n<li aria-level=\"1\"><b>DEFINI\u00c7\u00d5ES IMPORTANTES<\/b><span style=\"font-weight: 400;\">:<\/span><\/li>\n<\/ul>\n<ul>\n<li style=\"font-weight: 400;\" aria-level=\"1\"><b>LGPD:<\/b> <span style=\"font-weight: 400;\">Diploma normativo (Lei n\u00ba 13.709, de 14 de agosto de 2018) que disp\u00f5e sobre o tratamento de dados pessoais em meios digitais ou f\u00edsicos realizados por pessoa natural ou por pessoa jur\u00eddica, de direito p\u00fablico ou privado, tendo como objetivo assegurar a prote\u00e7\u00e3o da privacidade dos dados aos titulares e garantir o desenvolvimento tecnol\u00f3gico, econ\u00f4mico e a inova\u00e7\u00e3o;<\/span><\/li>\n<\/ul>\n<ul>\n<li style=\"font-weight: 400;\" aria-level=\"1\"><b>AGENTES DE TRATAMENTO:<\/b><span style=\"font-weight: 400;\"> Controlador e Operador;<\/span><\/li>\n<\/ul>\n<ul>\n<li style=\"font-weight: 400;\" aria-level=\"1\"><b>CONTROLADOR:<\/b><span style=\"font-weight: 400;\"> Pessoa natural ou jur\u00eddica, de direito p\u00fablico ou privado, a quem competem as decis\u00f5es referentes ao tratamento de dados pessoais;<\/span><\/li>\n<\/ul>\n<ul>\n<li style=\"font-weight: 400;\" aria-level=\"1\"><b>OPERADOR:<\/b><span style=\"font-weight: 400;\"> Pessoa natural ou jur\u00eddica, de direito p\u00fablico ou privado, que realiza o tratamento de dados pessoais em nome do controlador;<\/span><\/li>\n<\/ul>\n<ul>\n<li style=\"font-weight: 400;\" aria-level=\"1\"><b>ENCARREGADO PELO TRATAMENTO DE DADOS PESSOAIS (DATA PROTECTION OFFICER \u2013 DPO):<\/b><span style=\"font-weight: 400;\">&nbsp; Pessoa indicada pelo controlador e operador para atuar como canal de comunica\u00e7\u00e3o entre o controlador, os titulares dos dados e a Autoridade Nacional de Prote\u00e7\u00e3o de Dados (ANPD);<\/span><\/li>\n<\/ul>\n<ul>\n<li style=\"font-weight: 400;\" aria-level=\"1\"><b>AUTORIDADE NACIONAL DE PROTE\u00c7\u00c3O DE DADOS (ANPD):<\/b> <span style=\"font-weight: 400;\">\u00d3rg\u00e3o da administra\u00e7\u00e3o p\u00fablica federal, integrante da Presid\u00eancia da Rep\u00fablica, respons\u00e1vel por zelar, implementar e fiscalizar o cumprimento da LGPD em todo o territ\u00f3rio nacional;<\/span><\/li>\n<\/ul>\n<ul>\n<li style=\"font-weight: 400;\" aria-level=\"1\"><b>TITULAR: <\/b><span style=\"font-weight: 400;\">&nbsp;Pessoa natural a quem se referem os dados pessoais;<\/span><\/li>\n<\/ul>\n<ul>\n<li style=\"font-weight: 400;\" aria-level=\"1\"><b>DADO PESSOAL: <\/b><span style=\"font-weight: 400;\">Toda e qualquer informa\u00e7\u00e3o relacionada a pessoa natural identificada ou identific\u00e1vel. Entre os exemplos de dados pessoais podemos citar o nome, RG, CPF, e-mail, telefone fixo e celular, endere\u00e7o residencial etc.;<\/span><\/li>\n<\/ul>\n<ul>\n<li style=\"font-weight: 400;\" aria-level=\"1\"><b>DADO PESSOAL SENS\u00cdVEL<\/b><span style=\"font-weight: 400;\">: Todo dado pessoal que pode gerar qualquer tipo de discrimina\u00e7\u00e3o, tais como os dados sobre origem racial ou \u00e9tnica, convic\u00e7\u00e3o religiosa, opini\u00e3o pol\u00edtica, filia\u00e7\u00e3o a sindicato ou a organiza\u00e7\u00e3o de car\u00e1ter religioso, filos\u00f3fico ou pol\u00edtico, dado referente \u00e0 sa\u00fade ou \u00e0 vida sexual, dado gen\u00e9tico ou biom\u00e9trico;<\/span><\/li>\n<\/ul>\n<ul>\n<li style=\"font-weight: 400;\" aria-level=\"1\"><b>TRATAMENTO DE DADOS PESSOAIS<\/b><span style=\"font-weight: 400;\">: Toda opera\u00e7\u00e3o realizada com dados pessoais, como as que se referem a coleta, produ\u00e7\u00e3o, recep\u00e7\u00e3o, classifica\u00e7\u00e3o, utiliza\u00e7\u00e3o, acesso, reprodu\u00e7\u00e3o, transmiss\u00e3o, distribui\u00e7\u00e3o, processamento, arquivamento, armazenamento, elimina\u00e7\u00e3o, avalia\u00e7\u00e3o ou controle da informa\u00e7\u00e3o, modifica\u00e7\u00e3o, comunica\u00e7\u00e3o, transfer\u00eancia, difus\u00e3o ou extra\u00e7\u00e3o;<\/span><\/li>\n<\/ul>\n<ul>\n<li style=\"font-weight: 400;\" aria-level=\"1\"><b>USU\u00c1RIO<\/b><span style=\"font-weight: 400;\">: S\u00e3o todas as pessoas f\u00edsicas que utilizar\u00e3o ou visitar\u00e3o o site, maiores de 18 (dezoito) anos ou menores devidamente aptos nos termos da lei;<\/span><\/li>\n<\/ul>\n<ul>\n<li style=\"font-weight: 400;\" aria-level=\"1\"><b>FINALIDADE:<\/b><span style=\"font-weight: 400;\">&nbsp; \u00c9 o objetivo que a <\/span><b>Compara Juros Solu\u00e7\u00f5es em Cr\u00e9dito Imobili\u00e1rio<\/b><span style=\"font-weight: 400;\"> deseja alcan\u00e7ar a partir de cada ato de tratamento dos dados pessoais;<\/span><\/li>\n<\/ul>\n<ul>\n<li style=\"font-weight: 400;\" aria-level=\"1\"><b>NECESSIDADE:<\/b><span style=\"font-weight: 400;\"> \u00c9 a limita\u00e7\u00e3o do tratamento de dados pessoais ao m\u00ednimo necess\u00e1rio para a realiza\u00e7\u00e3o de suas finalidades, evitando a coleta excessiva de informa\u00e7\u00f5es;<\/span><\/li>\n<\/ul>\n<ul>\n<li style=\"font-weight: 400;\" aria-level=\"1\"><b>BASES LEGAIS<\/b><span style=\"font-weight: 400;\">: S\u00e3o as hip\u00f3teses em que a LGPD autoriza o tratamento dos seus dados pessoais e;<\/span><\/li>\n<\/ul>\n<ul>\n<li style=\"font-weight: 400;\" aria-level=\"1\"><b>CONSENTIMENTO:<\/b><span style=\"font-weight: 400;\"> Manifesta\u00e7\u00e3o livre, informada e inequ\u00edvoca pela qual o titular concorda com o tratamento de seus dados pessoais para uma finalidade determinada.<\/span><\/li>\n<\/ul>\n<ul>\n<li aria-level=\"1\"><b>INFORMA\u00c7\u00c3O IMPORTANTE:<br><br><\/b><\/li>\n<\/ul>\n<p><span style=\"font-weight: 400;\">Ao acessar e\/ou utilizar o <\/span><i><span style=\"font-weight: 400;\">site<\/span><\/i><span style=\"font-weight: 400;\"> da<\/span><b> Compara Juros Solu\u00e7\u00f5es em Cr\u00e9dito Imobili\u00e1rio<\/b><span style=\"font-weight: 400;\">, o Usu\u00e1rio declara ter no m\u00ednimo 18 (dezoito) anos de idade, al\u00e9m de declarar estar ciente dos termos e condi\u00e7\u00f5es desta <\/span><b>Pol\u00edtica de Privacidade e Prote\u00e7\u00e3o de Dados Pessoais<\/b><span style=\"font-weight: 400;\">.&nbsp;<\/span><\/p>\n<p><span style=\"font-weight: 400;\">Caso o Usu\u00e1rio n\u00e3o se enquadre na descri\u00e7\u00e3o acima e\/ou n\u00e3o concorde, ainda que em parte, n\u00e3o dever\u00e1 navegar ou permanecer navegando no <\/span><i><span style=\"font-weight: 400;\">website<\/span><\/i><span style=\"font-weight: 400;\"> da<\/span><b> Compara Juros Solu\u00e7\u00f5es em Cr\u00e9dito Imobili\u00e1rio.<\/b><\/p>\n<p><b>6- QUAIS DADOS PESSOAIS COLETAMOS?<\/b><\/p>\n<p><span style=\"font-weight: 400;\">N\u00f3s trataremos os dados pessoais fornecidos diretamente por voc\u00ea ou aqueles dados pessoais coletados em raz\u00e3o da utiliza\u00e7\u00e3o de <\/span><i><span style=\"font-weight: 400;\">cookies<\/span><\/i><span style=\"font-weight: 400;\"> ou de tecnologias similares (acesse nossa <\/span><i><span style=\"font-weight: 400;\">Pol\u00edtica de Cookies<\/span><\/i><span style=\"font-weight: 400;\">). E isso s\u00f3 ocorre a partir da sua intera\u00e7\u00e3o com o nosso <\/span><i><span style=\"font-weight: 400;\">website.<\/span><\/i><\/p>\n<ul>\n<li aria-level=\"1\"><span style=\"font-weight: 400;\">Voc\u00ea pode nos contatar por meio da aba \u201c<\/span><b>FALE CONOSCO<\/b><span style=\"font-weight: 400;\">\u201d, e neste caso, trataremos os seguintes dados pessoais: <\/span><b>nome, e-mail e telefone.<br><br><\/b><\/li>\n<\/ul>\n<p><b>7- PARA QUAL FINALIDADE?<\/b><\/p>\n<ul>\n<li style=\"font-weight: 400;\" aria-level=\"1\"><span style=\"font-weight: 400;\">Para poder acessar conte\u00fados, receber material promocional e para obter maiores informa\u00e7\u00f5es, a <\/span><b>Compara Juros Solu\u00e7\u00f5es em Cr\u00e9dito Imobili\u00e1rio<\/b><span style=\"font-weight: 400;\"> precisar\u00e1 que o usu\u00e1rio forne\u00e7a seu <\/span><b><b>nome, e-mail e telefone.<\/b><\/b>\n<p><\/p>\n<\/li>\n<\/ul>\n<p><b>8 &#8211; COMPARTILHAMENTO DE DADOS PESSOAIS<\/b><\/p>\n<p><span style=\"font-weight: 400;\">N\u00f3s poderemos compartilhar e\/ou divulgar os dados pessoais coletados a terceiros por meio do nosso web<\/span><i><span style=\"font-weight: 400;\">site<\/span><\/i><span style=\"font-weight: 400;\">, somente nas seguintes situa\u00e7\u00f5es e nos limites exigidos e autorizados pela Lei:<\/span><\/p>\n<ul>\n<li aria-level=\"1\"><span style=\"font-weight: 400;\">Com os nossos clientes e parceiros quando necess\u00e1rio e\/ou apropriado \u00e0 presta\u00e7\u00e3o de servi\u00e7os relacionados;<\/span><\/li>\n<\/ul>\n<ul>\n<li aria-level=\"1\"><span style=\"font-weight: 400;\">Com institui\u00e7\u00f5es financeiras e assessorias de cr\u00e9dito parceiras, para an\u00e1lise de cr\u00e9dito do usu\u00e1rio (Ita\u00fa Unibanco, Bradesco, Santander, Banco Inter, BRB e Caixa Econ\u00f4mica Federal);<\/span><\/li>\n<\/ul>\n<ul>\n<li aria-level=\"1\"><span style=\"font-weight: 400;\">Com as empresas e indiv\u00edduos contratados para a execu\u00e7\u00e3o de determinadas atividades e servi\u00e7os em nome da<\/span><b> Compara Juros Solu\u00e7\u00f5es em Cr\u00e9dito Imobili\u00e1rio<\/b><span style=\"font-weight: 400;\">;<\/span><\/li>\n<\/ul>\n<ul>\n<li aria-level=\"1\"><span style=\"font-weight: 400;\">Com fornecedores e parceiros para consecu\u00e7\u00e3o dos servi\u00e7os contratados pela <\/span><b>Compara Juros Solu\u00e7\u00f5es em Cr\u00e9dito Imobili\u00e1rio<\/b><span style=\"font-weight: 400;\"> (como tecnologia da informa\u00e7\u00e3o, contabilidade, entre outros);<\/span><\/li>\n<\/ul>\n<ul>\n<li aria-level=\"1\"><span style=\"font-weight: 400;\">Para prop\u00f3sitos administrativos como: pesquisa, planejamento, desenvolvimento de servi\u00e7os, seguran\u00e7a e gerenciamento de risco e;<\/span><\/li>\n<\/ul>\n<ul>\n<li aria-level=\"1\"><span style=\"font-weight: 400;\">Quando necess\u00e1rio em decorr\u00eancia de obriga\u00e7\u00e3o legal, determina\u00e7\u00e3o de autoridade competente, ou decis\u00e3o judicial.<br><br><\/span><\/li>\n<\/ul>\n<p><span style=\"font-weight: 400;\">Mas n\u00e3o se preocupe. Nas hip\u00f3teses de compartilhamento de Dados Pessoais com terceiros, todo tratamento dado a este dado pessoal estar\u00e1 restrito \u00e0s finalidades informadas aos Titulares.<\/span><\/p>\n<p><b>9 &#8211; TRANSFER\u00caNCIA INTERNACIONAL DE DADOS PESSOAIS:<\/b><\/p>\n<p><span style=\"font-weight: 400;\">N\u00f3s poderemos transferir alguns de seus dados pessoais a prestadores de servi\u00e7os localizados no exterior, incluindo prestadores de servi\u00e7os em nuvem, como \u00e9 o caso da <\/span><i><span style=\"font-weight: 400;\">Microsoft.<\/span><\/i><\/p>\n<p><span style=\"font-weight: 400;\">Nestes casos, asseguramos que a transfer\u00eancia internacional de dados pessoais enviados para outros pa\u00edses ou organiza\u00e7\u00f5es internacionais estejam devidamente protegidos e em total atendimento \u00e0 norma especif\u00edca, al\u00e9m de ocorrerem apenas em situa\u00e7\u00f5es espec\u00edficas e para pa\u00edses que garantam um n\u00edvel adequado de prote\u00e7\u00e3o dos dados pessoais.<\/span><\/p>\n<p><span style=\"font-weight: 400;\">Al\u00e9m disso, neste processo, garantimos a utiliza\u00e7\u00e3o de cl\u00e1usulas contratuais padr\u00e3o aprovadas pela ANPD, conforme determina a Resolu\u00e7\u00e3o CD\/ANPD n\u00ba 19\/2024.<\/span><\/p>\n<p><b>10- MEDIDAS DE PROTE\u00c7\u00c3O E SEGURAN\u00c7A DOS DADOS PESSOAIS:<\/b><\/p>\n<p><span style=\"font-weight: 400;\">N\u00f3s garantimos a ado\u00e7\u00e3o de medidas t\u00e9cnicas, administrativas e organizacionais apropriadas para proteger seus dados pessoais contra tratamento desautorizado ou ilegal e contra perda acidental, destrui\u00e7\u00e3o ou danos.&nbsp;<\/span><\/p>\n<p><span style=\"font-weight: 400;\">Assim, seus dados pessoais s\u00e3o armazenados de maneira segura em equipamentos protegidos, al\u00e9m de procedimentos de seguran\u00e7a para proteger a confidencialidade, a seguran\u00e7a e a integridade de seus Dados Pessoais, prevenindo a ocorr\u00eancia de eventuais incidentes de seguran\u00e7a da informa\u00e7\u00e3o.<\/span><\/p>\n<p><b>11- PRAZO DE ARMAZENAMENTO DOS DADOS PESSOAIS:<\/b><\/p>\n<p><span style=\"font-weight: 400;\">N\u00f3s manteremos todos os Dados Pessoais coletados enquanto durar nosso relacionamento com voc\u00ea e conforme as finalidades para as quais foram coletados.<\/span><\/p>\n<p><span style=\"font-weight: 400;\">Ademais, os seus dados ser\u00e3o mantidos pelo tempo necess\u00e1rio para cumprimento de obriga\u00e7\u00f5es legais e regulat\u00f3rias, bem como em caso de ordens judiciais e solicita\u00e7\u00f5es de autoridades competentes, sempre em conformidade com a legisla\u00e7\u00e3o vigente.<\/span><\/p>\n<p><b>12 \u2013 INFORMA\u00c7\u00d5ES SOBRE COOKIES:<\/b><\/p>\n<p><span style=\"font-weight: 400;\">Informamos que n\u00f3s, da<\/span><b> Compara Juros Solu\u00e7\u00f5es em Cr\u00e9dito Imobili\u00e1rio<\/b><span style=\"font-weight: 400;\">, utilizamos cookies para finalidades t\u00e9cnicas e para melhorar sua navega\u00e7\u00e3o e sua experi\u00eancia enquanto navega no nosso <\/span><i><span style=\"font-weight: 400;\">site.<\/span><\/i><\/p>\n<p><span style=\"font-weight: 400;\">Para maiores informa\u00e7\u00f5es sobre os <\/span><i><span style=\"font-weight: 400;\">cookies<\/span><\/i><span style=\"font-weight: 400;\">, acesso nossa <\/span><i><span style=\"font-weight: 400;\">Pol\u00edtica de Cookies<\/span><\/i><span style=\"font-weight: 400;\">.<\/span><\/p>\n<p><b>13- ENCARREGADO PELO TRATAMENTO DOS DADOS PESSOAIS (<\/b><b><i>DATA PROTECTION OFFICER<\/i><\/b><b> \u2013 DPO):&nbsp;<\/b><\/p>\n<p><span style=\"font-weight: 400;\">N\u00f3s nomeamos nosso Encarregado pelo Tratamento dos Dados Pessoais (DPO) e disponibilizamos abaixo as informa\u00e7\u00f5es de sua identifica\u00e7\u00e3o e seu canal de contato.<\/span><\/p>\n<p><b>ENCARREGADO PELO TRATAMENTO DOS DADOS PESSOAIS (DPO):<\/b><\/p>\n<ul>\n<li style=\"list-style-type: none;\">\n<ul>\n<li style=\"font-weight: 400;\" aria-level=\"1\"><b>Titular:<\/b><span style=\"font-weight: 400;\"> Rodrigo Mundim Pena Veloso<\/span><\/li>\n<li style=\"font-weight: 400;\" aria-level=\"1\"><b>Substituto:<\/b><span style=\"font-weight: 400;\"> Mariana Pedrosa<\/span><\/li>\n<li style=\"font-weight: 400;\" aria-level=\"1\"><b style=\"background-color: transparent;\">Canal de contato (<\/b><b style=\"background-color: transparent;\"><i>e-mail<\/i><\/b><b style=\"background-color: transparent;\">):<\/b><span style=\"background-color: transparent;\"> <\/span><a href=\"mailto:privacidade@levicredito.com.br\"><i>privacidade@levicredito.com.br<\/i><\/a><i style=\"background-color: transparent;\">&nbsp;<br><br><\/i><\/li>\n<\/ul>\n<\/li>\n<\/ul>\n<p><b>14- EXERC\u00cdCIO DOS DIREITOS DOS TITULARES DOS DADOS PESSOAIS:<\/b><\/p>\n<p><span style=\"font-weight: 400;\">Voc\u00ea poder\u00e1 solicitar o exerc\u00edcio de seus direitos previstos pela LGPD e\/ou tirar d\u00favidas sobre o tratamento de dados de seus Dados Pessoais, entrando em contato com a nossa Encarregada pela Prote\u00e7\u00e3o de Dados Pessoais (DPO) por meio do <\/span><a href=\"mailto:privacidade@levicredito.com.br\"><i><span style=\"font-weight: 400;\">privacidade@levicredito.com.br<\/span><\/i><\/a><i><span style=\"font-weight: 400;\">&nbsp;<\/span><\/i><\/p>\n<p><b>15- ALTERA\u00c7\u00d5ES NO NOSSO AVISO DE PRIVACIDADE:<\/b><\/p>\n<p><span style=\"font-weight: 400;\">Caso necess\u00e1ria a altera\u00e7\u00e3o desta nossa <\/span><b>Pol\u00edtica de Privacidade e Prote\u00e7\u00e3o de Dados Pessoais<\/b><span style=\"font-weight: 400;\">, publicaremos a vers\u00e3o atualizada em nosso <\/span><i><span style=\"font-weight: 400;\">website<\/span><\/i> <span style=\"font-weight: 400;\">xxxxxxx<\/span><span style=\"font-weight: 400;\">.<\/span><\/p>\n<p><b>16 &#8211; LEGISLA\u00c7\u00c3O E FORO:<\/b><\/p>\n<p><span style=\"font-weight: 400;\">Esta <\/span><b>Pol\u00edtica de Privacidade<\/b> <b>e Prote\u00e7\u00e3o de Dados Pessoais<\/b><span style=\"font-weight: 400;\">, ser\u00e1 regida, interpretada e executada de acordo com as Leis vigentes da Rep\u00fablica Federativa do Brasil, especialmente a Lei Federal n\u00ba. 13.709\/2018 (LGPD), independentemente das Leis de outros estados ou pa\u00edses, sendo competente o foro de domic\u00edlio do usu\u00e1rio para dirimir qualquer d\u00favida decorrente deste documento.<\/span><\/p>\n<p><b>17 \u2013 CONTROLE DE ATUALIZA\u00c7\u00d5ES:<\/b><\/p>\n<p><span style=\"font-weight: 400;\">Esta <\/span><b>Pol\u00edtica de Privacidade<\/b> <b>e Prote\u00e7\u00e3o de Dados Pessoais<\/b><span style=\"font-weight: 400;\"> foi atualizado em <\/span><b>27\/10\/2025.<\/b><\/p>\t\t\t\t\t\t\t\t<\/div>\n\t\t\t\t<div class=\"elementor-element elementor-element-24c53d6 elementor-widget__width-initial elementor-widget elementor-widget-button\" data-id=\"24c53d6\" data-element_type=\"widget\" data-widget_type=\"button.default\">\n\t\t\t\t\t\t\t\t\t\t<a class=\"elementor-button elementor-button-link elementor-size-sm\" href=\"https:\/\/artewebmidia.com.br\/comparajuros\/\">\n\t\t\t\t\t\t<span class=\"elementor-button-content-wrapper\">\n\t\t\t\t\t\t<span class=\"elementor-button-icon\">\n\t\t\t\t<svg xmlns=\"http:\/\/www.w3.org\/2000\/svg\" id=\"Outline\" viewBox=\"0 0 24 24\" width=\"512\" height=\"512\"><path d=\"M23.12,9.91,19.25,6a1,1,0,0,0-1.42,0h0a1,1,0,0,0,0,1.41L21.39,11H1a1,1,0,0,0-1,1H0a1,1,0,0,0,1,1H21.45l-3.62,3.61a1,1,0,0,0,0,1.42h0a1,1,0,0,0,1.42,0l3.87-3.88A3,3,0,0,0,23.12,9.91Z\"><\/path><\/svg>\t\t\t<\/span>\n\t\t\t\t\t\t\t\t\t<span class=\"elementor-button-text\">Voltar<\/span>\n\t\t\t\t\t<\/span>\n\t\t\t\t\t<\/a>\n\t\t\t\t\t\t\t\t<\/div>\n\t\t\t\t\t<\/div>\n\t\t\t\t<\/div>\n\t\t\t\t<\/div>\n\t\t","protected":false},"excerpt":{"rendered":"<p>POL\u00cdTICA DE PRIVACIDADE E PROTE\u00c7\u00c3O DE DADOS PESSOAIS \u2013 COMPARA JUROS SOLU\u00c7\u00d5ES EM CR\u00c9DITO IMOBILI\u00c1RIO NO\u00c7\u00d5ES GERAIS: A inviolabilidade da intimidade, da vida privada, da honra e da imagem dos indiv\u00edduos \u00e9 um direito fundamental assegurado pela Constitui\u00e7\u00e3o Federal de 1988. Resultado de uma das dimens\u00f5es desse direito fundamental, a prote\u00e7\u00e3o das pessoas naturais no [&hellip;]<\/p>\n","protected":false},"author":1,"featured_media":0,"parent":0,"menu_order":0,"comment_status":"closed","ping_status":"open","template":"elementor_canvas","meta":{"footnotes":""},"class_list":["post-3","page","type-page","status-publish","hentry"],"_links":{"self":[{"href":"https:\/\/artewebmidia.com.br\/comparajuros\/wp-json\/wp\/v2\/pages\/3","targetHints":{"allow":["GET"]}}],"collection":[{"href":"https:\/\/artewebmidia.com.br\/comparajuros\/wp-json\/wp\/v2\/pages"}],"about":[{"href":"https:\/\/artewebmidia.com.br\/comparajuros\/wp-json\/wp\/v2\/types\/page"}],"author":[{"embeddable":true,"href":"https:\/\/artewebmidia.com.br\/comparajuros\/wp-json\/wp\/v2\/users\/1"}],"replies":[{"embeddable":true,"href":"https:\/\/artewebmidia.com.br\/comparajuros\/wp-json\/wp\/v2\/comments?post=3"}],"version-history":[{"count":14,"href":"https:\/\/artewebmidia.com.br\/comparajuros\/wp-json\/wp\/v2\/pages\/3\/revisions"}],"predecessor-version":[{"id":249,"href":"https:\/\/artewebmidia.com.br\/comparajuros\/wp-json\/wp\/v2\/pages\/3\/revisions\/249"}],"wp:attachment":[{"href":"https:\/\/artewebmidia.com.br\/comparajuros\/wp-json\/wp\/v2\/media?parent=3"}],"curies":[{"name":"wp","href":"https:\/\/api.w.org\/{rel}","templated":true}]}}