{"id":15,"date":"2023-09-11T15:12:58","date_gmt":"2023-09-11T18:12:58","guid":{"rendered":"https:\/\/artewebmidia.com.br\/infinita\/carrinho\/"},"modified":"2023-10-06T21:29:28","modified_gmt":"2023-10-07T00:29:28","slug":"carrinho","status":"publish","type":"page","link":"https:\/\/artewebmidia.com.br\/infinita\/carrinho\/","title":{"rendered":"Carrinho"},"content":{"rendered":"\t\t<div data-elementor-type=\"wp-page\" data-elementor-id=\"15\" class=\"elementor elementor-15\">\n\t\t\t\t<div class=\"elementor-element elementor-element-8e1b7e6 e-flex e-con-boxed e-con e-parent\" data-id=\"8e1b7e6\" data-element_type=\"container\">\n\t\t\t\t\t<div class=\"e-con-inner\">\n\t\t\t\t\t<\/div>\n\t\t\t\t<\/div>\n\t\t\t\t<\/div>\n\t\t","protected":false},"excerpt":{"rendered":"<p>Remover item Imagem de miniatura Produto Pre\u00e7o Quantidade Subtotal &times; NANO AMOLECEDOR DE COMED\u00d5ES &#82;&#36;98,90 NANO AMOLECEDOR DE COMED\u00d5ES quantidade &#82;&#36;98,90 Aplicar cupons Total do carrinho Subtotal &#82;&#36;98,90 Entrega Loggi Express (7 a 8 dias \u00fateis): &#82;&#36;10,80 Correios Pac (10 a 11 dias \u00fateis): &#82;&#36;28,66 Jadlog Package (9 a 10 dias \u00fateis): &#82;&#36;44,05 Jadlog .Com [&hellip;]<\/p>\n","protected":false},"author":1,"featured_media":0,"parent":0,"menu_order":0,"comment_status":"closed","ping_status":"closed","template":"","meta":{"_joinchat":[],"footnotes":""},"class_list":["post-15","page","type-page","status-publish","hentry"],"_links":{"self":[{"href":"https:\/\/artewebmidia.com.br\/infinita\/wp-json\/wp\/v2\/pages\/15","targetHints":{"allow":["GET"]}}],"collection":[{"href":"https:\/\/artewebmidia.com.br\/infinita\/wp-json\/wp\/v2\/pages"}],"about":[{"href":"https:\/\/artewebmidia.com.br\/infinita\/wp-json\/wp\/v2\/types\/page"}],"author":[{"embeddable":true,"href":"https:\/\/artewebmidia.com.br\/infinita\/wp-json\/wp\/v2\/users\/1"}],"replies":[{"embeddable":true,"href":"https:\/\/artewebmidia.com.br\/infinita\/wp-json\/wp\/v2\/comments?post=15"}],"version-history":[{"count":9,"href":"https:\/\/artewebmidia.com.br\/infinita\/wp-json\/wp\/v2\/pages\/15\/revisions"}],"predecessor-version":[{"id":319,"href":"https:\/\/artewebmidia.com.br\/infinita\/wp-json\/wp\/v2\/pages\/15\/revisions\/319"}],"wp:attachment":[{"href":"https:\/\/artewebmidia.com.br\/infinita\/wp-json\/wp\/v2\/media?parent=15"}],"curies":[{"name":"wp","href":"https:\/\/api.w.org\/{rel}","templated":true}]}}