{"id":1001,"date":"2023-11-13T10:04:22","date_gmt":"2023-11-13T13:04:22","guid":{"rendered":"https:\/\/artewebmidia.com.br\/infinita\/?post_type=product&#038;p=1001"},"modified":"2024-09-02T11:10:46","modified_gmt":"2024-09-02T14:10:46","slug":"serum-smart-booster-anti-age-30-ml-smart-gr","status":"publish","type":"product","link":"https:\/\/artewebmidia.com.br\/infinita\/produto\/serum-smart-booster-anti-age-30-ml-smart-gr\/","title":{"rendered":"S\u00c9RUM SMART BOOSTER ANTI-AGE 30 ML- Smart GR"},"content":{"rendered":"<p>\u2022 Skin Booster<\/p>\n<p>\u2022 Super Hidrata\u00e7\u00e3o<\/p>\n<p>\u2022 Rejuvenescimento<\/p>\n<p>\u2022 Anti-age<\/p>\n<p>\u2022 Rejuvenescimento facial<\/p>\n<p>\u2022 A\u00e7\u00e3o antioxidante<\/p>\n<p>\u2022 Hidrata\u00e7\u00e3o em multicamadas<\/p>\n<p>\u2022 Est\u00edmulo da s\u00edntese de col\u00e1geno e elastina.<\/p>\n","protected":false},"excerpt":{"rendered":"<p>O SMART BOOSTER S\u00c9RUM ANTI-AGE possui uma combina\u00e7\u00e3o \u00fanica de 9 tipos de \u00c1cido Hialur\u00f4nico, estimulando a s\u00edntese de col\u00e1geno e elastina e mantendo uma hidrata\u00e7\u00e3o profunda. Combina\u00e7\u00e3o de ativos capaz de surpreender os clientes mais exigentes.<\/p>\n","protected":false},"featured_media":1002,"comment_status":"open","ping_status":"closed","template":"","meta":{"_joinchat":[]},"product_brand":[],"product_cat":[21],"product_tag":[],"class_list":{"0":"post-1001","1":"product","2":"type-product","3":"status-publish","4":"has-post-thumbnail","6":"product_cat-estetica-facial","8":"first","9":"instock","10":"shipping-taxable","11":"purchasable","12":"product-type-simple"},"_links":{"self":[{"href":"https:\/\/artewebmidia.com.br\/infinita\/wp-json\/wp\/v2\/product\/1001","targetHints":{"allow":["GET"]}}],"collection":[{"href":"https:\/\/artewebmidia.com.br\/infinita\/wp-json\/wp\/v2\/product"}],"about":[{"href":"https:\/\/artewebmidia.com.br\/infinita\/wp-json\/wp\/v2\/types\/product"}],"replies":[{"embeddable":true,"href":"https:\/\/artewebmidia.com.br\/infinita\/wp-json\/wp\/v2\/comments?post=1001"}],"wp:featuredmedia":[{"embeddable":true,"href":"https:\/\/artewebmidia.com.br\/infinita\/wp-json\/wp\/v2\/media\/1002"}],"wp:attachment":[{"href":"https:\/\/artewebmidia.com.br\/infinita\/wp-json\/wp\/v2\/media?parent=1001"}],"wp:term":[{"taxonomy":"product_brand","embeddable":true,"href":"https:\/\/artewebmidia.com.br\/infinita\/wp-json\/wp\/v2\/product_brand?post=1001"},{"taxonomy":"product_cat","embeddable":true,"href":"https:\/\/artewebmidia.com.br\/infinita\/wp-json\/wp\/v2\/product_cat?post=1001"},{"taxonomy":"product_tag","embeddable":true,"href":"https:\/\/artewebmidia.com.br\/infinita\/wp-json\/wp\/v2\/product_tag?post=1001"}],"curies":[{"name":"wp","href":"https:\/\/api.w.org\/{rel}","templated":true}]}}