{"id":1003,"date":"2023-11-13T10:11:39","date_gmt":"2023-11-13T13:11:39","guid":{"rendered":"https:\/\/artewebmidia.com.br\/infinita\/?post_type=product&#038;p=1003"},"modified":"2024-09-02T11:09:20","modified_gmt":"2024-09-02T14:09:20","slug":"smart-booster-foam-150-ml-smart-gr","status":"publish","type":"product","link":"https:\/\/artewebmidia.com.br\/infinita\/produto\/smart-booster-foam-150-ml-smart-gr\/","title":{"rendered":"SMART BOOSTER FOAM 150 ML &#8211; Smart GR"},"content":{"rendered":"<ul>\n<li>Higieniza\u00e7\u00e3o e limpeza di\u00e1ria da pele.<\/li>\n<li>A\u00e7\u00e3o anti-idade, redu\u00e7\u00e3o de rugas e linhas de express\u00e3o<\/li>\n<li>Antioxidante<\/li>\n<li>Remineralizante<\/li>\n<li>Promove efeito renovador e hidrata\u00e7\u00e3o.<\/li>\n<\/ul>\n","protected":false},"excerpt":{"rendered":"<p>Espuma de limpeza antioxidante com \u00c1cido Hialur\u00f4nico, o Smart Booster Foam foi desenvolvido com a tecnologia Smart Ozonedeep, a combina\u00e7\u00e3o perfeita de \u00f3leos ozonizados. Promove uma higieniza\u00e7\u00e3o profunda, aumentando a hidrata\u00e7\u00e3o e o aspecto aveludado da pele. Auxilia na produ\u00e7\u00e3o de col\u00e1geno, mantendo a firmeza e revertendo o envelhecimento precoce.<\/p>\n","protected":false},"featured_media":1004,"comment_status":"open","ping_status":"closed","template":"","meta":{"_joinchat":[]},"product_brand":[],"product_cat":[21],"product_tag":[],"class_list":{"0":"post-1003","1":"product","2":"type-product","3":"status-publish","4":"has-post-thumbnail","6":"product_cat-estetica-facial","8":"first","9":"outofstock","10":"shipping-taxable","11":"purchasable","12":"product-type-simple"},"_links":{"self":[{"href":"https:\/\/artewebmidia.com.br\/infinita\/wp-json\/wp\/v2\/product\/1003","targetHints":{"allow":["GET"]}}],"collection":[{"href":"https:\/\/artewebmidia.com.br\/infinita\/wp-json\/wp\/v2\/product"}],"about":[{"href":"https:\/\/artewebmidia.com.br\/infinita\/wp-json\/wp\/v2\/types\/product"}],"replies":[{"embeddable":true,"href":"https:\/\/artewebmidia.com.br\/infinita\/wp-json\/wp\/v2\/comments?post=1003"}],"wp:featuredmedia":[{"embeddable":true,"href":"https:\/\/artewebmidia.com.br\/infinita\/wp-json\/wp\/v2\/media\/1004"}],"wp:attachment":[{"href":"https:\/\/artewebmidia.com.br\/infinita\/wp-json\/wp\/v2\/media?parent=1003"}],"wp:term":[{"taxonomy":"product_brand","embeddable":true,"href":"https:\/\/artewebmidia.com.br\/infinita\/wp-json\/wp\/v2\/product_brand?post=1003"},{"taxonomy":"product_cat","embeddable":true,"href":"https:\/\/artewebmidia.com.br\/infinita\/wp-json\/wp\/v2\/product_cat?post=1003"},{"taxonomy":"product_tag","embeddable":true,"href":"https:\/\/artewebmidia.com.br\/infinita\/wp-json\/wp\/v2\/product_tag?post=1003"}],"curies":[{"name":"wp","href":"https:\/\/api.w.org\/{rel}","templated":true}]}}