{"id":1008,"date":"2023-11-13T10:28:25","date_gmt":"2023-11-13T13:28:25","guid":{"rendered":"https:\/\/artewebmidia.com.br\/infinita\/?post_type=product&#038;p=1008"},"modified":"2023-11-13T10:32:26","modified_gmt":"2023-11-13T13:32:26","slug":"hair-fluido-60-ml-smart-gr","status":"publish","type":"product","link":"https:\/\/artewebmidia.com.br\/infinita\/produto\/hair-fluido-60-ml-smart-gr\/","title":{"rendered":"HAIR FLU\u00cdDO 60 ML &#8211; Smart GR"},"content":{"rendered":"<p>Desenvolvido com ativos inovadores para estimular a microcircula\u00e7\u00e3o do couro cabeludo e o fortalecimento dos fios, auxiliando na redu\u00e7\u00e3o da queda de cabelo, melhora do crescimento, al\u00e9m de proporcionar uma sensa\u00e7\u00e3o de refresc\u00e2ncia no couro cabeludo.<\/p>\n","protected":false},"excerpt":{"rendered":"<p>Desenvolvido com ativos inovadores para estimular a microcircula\u00e7\u00e3o do couro cabeludo e o fortalecimento dos fios, auxiliando na redu\u00e7\u00e3o da queda de cabelo, melhora do crescimento, al\u00e9m de proporcionar uma sensa\u00e7\u00e3o de refresc\u00e2ncia no couro cabeludo.<\/p>\n","protected":false},"featured_media":1010,"comment_status":"open","ping_status":"closed","template":"","meta":{"_joinchat":[]},"product_brand":[],"product_cat":[23],"product_tag":[],"class_list":{"0":"post-1008","1":"product","2":"type-product","3":"status-publish","4":"has-post-thumbnail","6":"product_cat-cabelo","8":"first","9":"instock","10":"shipping-taxable","11":"purchasable","12":"product-type-simple"},"_links":{"self":[{"href":"https:\/\/artewebmidia.com.br\/infinita\/wp-json\/wp\/v2\/product\/1008","targetHints":{"allow":["GET"]}}],"collection":[{"href":"https:\/\/artewebmidia.com.br\/infinita\/wp-json\/wp\/v2\/product"}],"about":[{"href":"https:\/\/artewebmidia.com.br\/infinita\/wp-json\/wp\/v2\/types\/product"}],"replies":[{"embeddable":true,"href":"https:\/\/artewebmidia.com.br\/infinita\/wp-json\/wp\/v2\/comments?post=1008"}],"wp:featuredmedia":[{"embeddable":true,"href":"https:\/\/artewebmidia.com.br\/infinita\/wp-json\/wp\/v2\/media\/1010"}],"wp:attachment":[{"href":"https:\/\/artewebmidia.com.br\/infinita\/wp-json\/wp\/v2\/media?parent=1008"}],"wp:term":[{"taxonomy":"product_brand","embeddable":true,"href":"https:\/\/artewebmidia.com.br\/infinita\/wp-json\/wp\/v2\/product_brand?post=1008"},{"taxonomy":"product_cat","embeddable":true,"href":"https:\/\/artewebmidia.com.br\/infinita\/wp-json\/wp\/v2\/product_cat?post=1008"},{"taxonomy":"product_tag","embeddable":true,"href":"https:\/\/artewebmidia.com.br\/infinita\/wp-json\/wp\/v2\/product_tag?post=1008"}],"curies":[{"name":"wp","href":"https:\/\/api.w.org\/{rel}","templated":true}]}}