{"id":1014,"date":"2023-11-13T10:39:37","date_gmt":"2023-11-13T13:39:37","guid":{"rendered":"https:\/\/artewebmidia.com.br\/infinita\/?post_type=product&#038;p=1014"},"modified":"2024-09-02T11:08:37","modified_gmt":"2024-09-02T14:08:37","slug":"hair-shampoo-130-ml-smart-gr","status":"publish","type":"product","link":"https:\/\/artewebmidia.com.br\/infinita\/produto\/hair-shampoo-130-ml-smart-gr\/","title":{"rendered":"HAIR SHAMPOO 130 ML- Smart GR"},"content":{"rendered":"<p>\u2022 Atua no controle da oleosidade, sem ressecar os fios<\/p>\n<p>\u2022 Auxilia no aumento gradativo do crescimento dos cabelos<\/p>\n<p>\u2022 Acalma o couro cabeludo e diminui a coceira<\/p>\n<p>\u2022 Higieniza profundamente o couro cabeludo ao mesmo tempo que promove hidrata\u00e7\u00e3o e prote\u00e7\u00e3o aos cabelos<\/p>\n","protected":false},"excerpt":{"rendered":"<p>O Hair Shampoo Dermatol\u00f3gico &#8211; Anticaspa da Smart GR \u00e9 um poderoso aliado em tratamentos est\u00e9ticos, especialmente para combater a caspa, amenizar a coceira e controlar a oleosidade. Al\u00e9m disso, ele hidrata, nutre e estimula o crescimento capilar. Sua f\u00f3rmula conta com ingredientes que possuem a\u00e7\u00e3o antif\u00fangica, antibacteriana e antimic\u00f3tica, proporcionando equil\u00edbrio ao couro cabeludo.<\/p>\n","protected":false},"featured_media":1015,"comment_status":"open","ping_status":"closed","template":"","meta":{"_joinchat":[]},"product_brand":[],"product_cat":[23],"product_tag":[],"class_list":{"0":"post-1014","1":"product","2":"type-product","3":"status-publish","4":"has-post-thumbnail","6":"product_cat-cabelo","8":"first","9":"instock","10":"shipping-taxable","11":"purchasable","12":"product-type-simple"},"_links":{"self":[{"href":"https:\/\/artewebmidia.com.br\/infinita\/wp-json\/wp\/v2\/product\/1014","targetHints":{"allow":["GET"]}}],"collection":[{"href":"https:\/\/artewebmidia.com.br\/infinita\/wp-json\/wp\/v2\/product"}],"about":[{"href":"https:\/\/artewebmidia.com.br\/infinita\/wp-json\/wp\/v2\/types\/product"}],"replies":[{"embeddable":true,"href":"https:\/\/artewebmidia.com.br\/infinita\/wp-json\/wp\/v2\/comments?post=1014"}],"wp:featuredmedia":[{"embeddable":true,"href":"https:\/\/artewebmidia.com.br\/infinita\/wp-json\/wp\/v2\/media\/1015"}],"wp:attachment":[{"href":"https:\/\/artewebmidia.com.br\/infinita\/wp-json\/wp\/v2\/media?parent=1014"}],"wp:term":[{"taxonomy":"product_brand","embeddable":true,"href":"https:\/\/artewebmidia.com.br\/infinita\/wp-json\/wp\/v2\/product_brand?post=1014"},{"taxonomy":"product_cat","embeddable":true,"href":"https:\/\/artewebmidia.com.br\/infinita\/wp-json\/wp\/v2\/product_cat?post=1014"},{"taxonomy":"product_tag","embeddable":true,"href":"https:\/\/artewebmidia.com.br\/infinita\/wp-json\/wp\/v2\/product_tag?post=1014"}],"curies":[{"name":"wp","href":"https:\/\/api.w.org\/{rel}","templated":true}]}}