{"id":1016,"date":"2023-11-13T10:50:43","date_gmt":"2023-11-13T13:50:43","guid":{"rendered":"https:\/\/artewebmidia.com.br\/infinita\/?post_type=product&#038;p=1016"},"modified":"2023-11-13T10:50:43","modified_gmt":"2023-11-13T13:50:43","slug":"smart-lips-care-espuma-de-limpeza-labial-50-ml-smart-gr","status":"publish","type":"product","link":"https:\/\/artewebmidia.com.br\/infinita\/produto\/smart-lips-care-espuma-de-limpeza-labial-50-ml-smart-gr\/","title":{"rendered":"SMART LIPS CARE &#8211; ESPUMA DE LIMPEZA LABIAL 50 ML &#8211; Smart GR"},"content":{"rendered":"<p>\u2022 Higieniza\u00e7\u00e3o com a\u00e7\u00e3o hidratante<\/p>\n<p>\u2022 A\u00e7\u00e3o antiss\u00e9ptica<\/p>\n<p>\u2022 Minimiza a sensibilidade e ressecamentos dos l\u00e1bios<\/p>\n","protected":false},"excerpt":{"rendered":"<p>A Smart Lipscare Espuma de Limpeza Profunda, com textura macia, possui a\u00e7\u00e3o antiss\u00e9ptica e bactericida, devido \u00e0 presen\u00e7a de clorexidina, garantindo uma higieniza\u00e7\u00e3o eficiente, eliminando 99,9% dos microorganismos. Sua f\u00f3rmula exclusiva apresenta ingredientes hidratantes e regeneradores, minimizando qualquer sensibilidade e prevenindo o ressecamento labial.<\/p>\n","protected":false},"featured_media":1017,"comment_status":"open","ping_status":"closed","template":"","meta":{"_joinchat":[]},"product_brand":[],"product_cat":[21],"product_tag":[],"class_list":{"0":"post-1016","1":"product","2":"type-product","3":"status-publish","4":"has-post-thumbnail","6":"product_cat-estetica-facial","8":"first","9":"instock","10":"shipping-taxable","11":"purchasable","12":"product-type-simple"},"_links":{"self":[{"href":"https:\/\/artewebmidia.com.br\/infinita\/wp-json\/wp\/v2\/product\/1016","targetHints":{"allow":["GET"]}}],"collection":[{"href":"https:\/\/artewebmidia.com.br\/infinita\/wp-json\/wp\/v2\/product"}],"about":[{"href":"https:\/\/artewebmidia.com.br\/infinita\/wp-json\/wp\/v2\/types\/product"}],"replies":[{"embeddable":true,"href":"https:\/\/artewebmidia.com.br\/infinita\/wp-json\/wp\/v2\/comments?post=1016"}],"wp:featuredmedia":[{"embeddable":true,"href":"https:\/\/artewebmidia.com.br\/infinita\/wp-json\/wp\/v2\/media\/1017"}],"wp:attachment":[{"href":"https:\/\/artewebmidia.com.br\/infinita\/wp-json\/wp\/v2\/media?parent=1016"}],"wp:term":[{"taxonomy":"product_brand","embeddable":true,"href":"https:\/\/artewebmidia.com.br\/infinita\/wp-json\/wp\/v2\/product_brand?post=1016"},{"taxonomy":"product_cat","embeddable":true,"href":"https:\/\/artewebmidia.com.br\/infinita\/wp-json\/wp\/v2\/product_cat?post=1016"},{"taxonomy":"product_tag","embeddable":true,"href":"https:\/\/artewebmidia.com.br\/infinita\/wp-json\/wp\/v2\/product_tag?post=1016"}],"curies":[{"name":"wp","href":"https:\/\/api.w.org\/{rel}","templated":true}]}}