{"id":1018,"date":"2023-11-13T10:55:21","date_gmt":"2023-11-13T13:55:21","guid":{"rendered":"https:\/\/artewebmidia.com.br\/infinita\/?post_type=product&#038;p=1018"},"modified":"2023-11-13T10:55:21","modified_gmt":"2023-11-13T13:55:21","slug":"smart-lips-care-mascara-labial-10g-smart-gr","status":"publish","type":"product","link":"https:\/\/artewebmidia.com.br\/infinita\/produto\/smart-lips-care-mascara-labial-10g-smart-gr\/","title":{"rendered":"SMART LIPS CARE &#8211; M\u00c1SCARA LABIAL 10g &#8211; Smart GR"},"content":{"rendered":"<p>\u2022 Auxilia na regenera\u00e7\u00e3o<\/p>\n<p>\u2022 Acalma e suaviza as irrita\u00e7\u00f5es<\/p>\n<p>\u2022 Equilibra a microbiota<\/p>\n<p>\u2022 Fortalece as defesas naturais<\/p>\n<p>\u2022 Reduz as linhas de envelhecimento<\/p>\n<p>\u2022 Hidrata e amacia os l\u00e1bios<\/p>\n<p>\u2022 Nutre e previne o ressecamento<\/p>\n","protected":false},"excerpt":{"rendered":"<p>A m\u00e1scara Smart Lips Care contribui para a hidrata\u00e7\u00e3o, revitaliza\u00e7\u00e3o e melhora do aspecto dos l\u00e1bios ap\u00f3s procedimentos est\u00e9ticos labiais ou para cuidados di\u00e1rios. Proporciona uma a\u00e7\u00e3o calmante e suavizante, nutrindo e renovando a barreira cut\u00e2nea.<\/p>\n","protected":false},"featured_media":1019,"comment_status":"open","ping_status":"closed","template":"","meta":{"_joinchat":[]},"product_brand":[],"product_cat":[21],"product_tag":[],"class_list":{"0":"post-1018","1":"product","2":"type-product","3":"status-publish","4":"has-post-thumbnail","6":"product_cat-estetica-facial","8":"first","9":"instock","10":"shipping-taxable","11":"purchasable","12":"product-type-simple"},"_links":{"self":[{"href":"https:\/\/artewebmidia.com.br\/infinita\/wp-json\/wp\/v2\/product\/1018","targetHints":{"allow":["GET"]}}],"collection":[{"href":"https:\/\/artewebmidia.com.br\/infinita\/wp-json\/wp\/v2\/product"}],"about":[{"href":"https:\/\/artewebmidia.com.br\/infinita\/wp-json\/wp\/v2\/types\/product"}],"replies":[{"embeddable":true,"href":"https:\/\/artewebmidia.com.br\/infinita\/wp-json\/wp\/v2\/comments?post=1018"}],"wp:featuredmedia":[{"embeddable":true,"href":"https:\/\/artewebmidia.com.br\/infinita\/wp-json\/wp\/v2\/media\/1019"}],"wp:attachment":[{"href":"https:\/\/artewebmidia.com.br\/infinita\/wp-json\/wp\/v2\/media?parent=1018"}],"wp:term":[{"taxonomy":"product_brand","embeddable":true,"href":"https:\/\/artewebmidia.com.br\/infinita\/wp-json\/wp\/v2\/product_brand?post=1018"},{"taxonomy":"product_cat","embeddable":true,"href":"https:\/\/artewebmidia.com.br\/infinita\/wp-json\/wp\/v2\/product_cat?post=1018"},{"taxonomy":"product_tag","embeddable":true,"href":"https:\/\/artewebmidia.com.br\/infinita\/wp-json\/wp\/v2\/product_tag?post=1018"}],"curies":[{"name":"wp","href":"https:\/\/api.w.org\/{rel}","templated":true}]}}