{"id":1020,"date":"2023-11-13T11:00:06","date_gmt":"2023-11-13T14:00:06","guid":{"rendered":"https:\/\/artewebmidia.com.br\/infinita\/?post_type=product&#038;p=1020"},"modified":"2023-11-13T11:00:06","modified_gmt":"2023-11-13T14:00:06","slug":"smart-lips-care-serum-labial-6-ml-smart-gr","status":"publish","type":"product","link":"https:\/\/artewebmidia.com.br\/infinita\/produto\/smart-lips-care-serum-labial-6-ml-smart-gr\/","title":{"rendered":"SMART LIPS CARE &#8211; S\u00c9RUM LABIAL 6 ML &#8211; Smart GR"},"content":{"rendered":"<p>\u2022 Rejuvenescimento e intensa hidrata\u00e7\u00e3o<\/p>\n<p>\u2022 Revitaliza\u00e7\u00e3o<\/p>\n<p>\u2022 Suaviza linhas de envelhecimento<\/p>\n<p>\u2022 Previne o ressecamento dos l\u00e1bios<\/p>\n","protected":false},"excerpt":{"rendered":"<p>O Smart Lips Care S\u00e9rum Labial promove intensa hidrata\u00e7\u00e3o dos l\u00e1bios, al\u00e9m de ser um potente antioxidante. A sinergia dos ingredientes \u00e9 capaz de proporcionar a\u00e7\u00e3o calmante e rejuvenescedora. Perfeito para hidrata\u00e7\u00e3o sem efeito glow.<\/p>\n","protected":false},"featured_media":1021,"comment_status":"open","ping_status":"closed","template":"","meta":{"_joinchat":[]},"product_brand":[],"product_cat":[21],"product_tag":[],"class_list":{"0":"post-1020","1":"product","2":"type-product","3":"status-publish","4":"has-post-thumbnail","6":"product_cat-estetica-facial","8":"first","9":"instock","10":"shipping-taxable","11":"purchasable","12":"product-type-simple"},"_links":{"self":[{"href":"https:\/\/artewebmidia.com.br\/infinita\/wp-json\/wp\/v2\/product\/1020","targetHints":{"allow":["GET"]}}],"collection":[{"href":"https:\/\/artewebmidia.com.br\/infinita\/wp-json\/wp\/v2\/product"}],"about":[{"href":"https:\/\/artewebmidia.com.br\/infinita\/wp-json\/wp\/v2\/types\/product"}],"replies":[{"embeddable":true,"href":"https:\/\/artewebmidia.com.br\/infinita\/wp-json\/wp\/v2\/comments?post=1020"}],"wp:featuredmedia":[{"embeddable":true,"href":"https:\/\/artewebmidia.com.br\/infinita\/wp-json\/wp\/v2\/media\/1021"}],"wp:attachment":[{"href":"https:\/\/artewebmidia.com.br\/infinita\/wp-json\/wp\/v2\/media?parent=1020"}],"wp:term":[{"taxonomy":"product_brand","embeddable":true,"href":"https:\/\/artewebmidia.com.br\/infinita\/wp-json\/wp\/v2\/product_brand?post=1020"},{"taxonomy":"product_cat","embeddable":true,"href":"https:\/\/artewebmidia.com.br\/infinita\/wp-json\/wp\/v2\/product_cat?post=1020"},{"taxonomy":"product_tag","embeddable":true,"href":"https:\/\/artewebmidia.com.br\/infinita\/wp-json\/wp\/v2\/product_tag?post=1020"}],"curies":[{"name":"wp","href":"https:\/\/api.w.org\/{rel}","templated":true}]}}