{"id":1023,"date":"2023-11-13T11:07:52","date_gmt":"2023-11-13T14:07:52","guid":{"rendered":"https:\/\/artewebmidia.com.br\/infinita\/?post_type=product&#038;p=1023"},"modified":"2024-09-02T11:07:08","modified_gmt":"2024-09-02T14:07:08","slug":"smart-lips-care-gloss-volumizador-de-cereja-6-ml-smart-gr","status":"publish","type":"product","link":"https:\/\/artewebmidia.com.br\/infinita\/produto\/smart-lips-care-gloss-volumizador-de-cereja-6-ml-smart-gr\/","title":{"rendered":"SMART LIPS CARE \u2013 GLOSS VOLUMIZADOR DE CEREJA 6 ML &#8211; Smart GR"},"content":{"rendered":"<p>\u2022 Proporciona contorno aos l\u00e1bios.<br \/>\n\u2022 Auxilia no aumento do volume labial.<br \/>\n\u2022 Hidrata e revitaliza.<br \/>\n\u2022 Suaviza linhas de envelhecimento.<br \/>\n\u2022 Previne o ressecamento dos l\u00e1bios<\/p>\n","protected":false},"excerpt":{"rendered":"<p>O Smart Lipscare Gloss Volumizador \u00e9 perfeito para quem deseja ter l\u00e1bios volumosos e macios. Este produto proporciona uma sensa\u00e7\u00e3o de aquecimento na regi\u00e3o, aumentando a circula\u00e7\u00e3o sangu\u00ednea e, consequentemente, uniformizando o contorno dos l\u00e1bios.<\/p>\n","protected":false},"featured_media":1024,"comment_status":"open","ping_status":"closed","template":"","meta":{"_joinchat":[]},"product_brand":[],"product_cat":[21],"product_tag":[],"class_list":{"0":"post-1023","1":"product","2":"type-product","3":"status-publish","4":"has-post-thumbnail","6":"product_cat-estetica-facial","8":"first","9":"instock","10":"shipping-taxable","11":"purchasable","12":"product-type-simple"},"_links":{"self":[{"href":"https:\/\/artewebmidia.com.br\/infinita\/wp-json\/wp\/v2\/product\/1023","targetHints":{"allow":["GET"]}}],"collection":[{"href":"https:\/\/artewebmidia.com.br\/infinita\/wp-json\/wp\/v2\/product"}],"about":[{"href":"https:\/\/artewebmidia.com.br\/infinita\/wp-json\/wp\/v2\/types\/product"}],"replies":[{"embeddable":true,"href":"https:\/\/artewebmidia.com.br\/infinita\/wp-json\/wp\/v2\/comments?post=1023"}],"wp:featuredmedia":[{"embeddable":true,"href":"https:\/\/artewebmidia.com.br\/infinita\/wp-json\/wp\/v2\/media\/1024"}],"wp:attachment":[{"href":"https:\/\/artewebmidia.com.br\/infinita\/wp-json\/wp\/v2\/media?parent=1023"}],"wp:term":[{"taxonomy":"product_brand","embeddable":true,"href":"https:\/\/artewebmidia.com.br\/infinita\/wp-json\/wp\/v2\/product_brand?post=1023"},{"taxonomy":"product_cat","embeddable":true,"href":"https:\/\/artewebmidia.com.br\/infinita\/wp-json\/wp\/v2\/product_cat?post=1023"},{"taxonomy":"product_tag","embeddable":true,"href":"https:\/\/artewebmidia.com.br\/infinita\/wp-json\/wp\/v2\/product_tag?post=1023"}],"curies":[{"name":"wp","href":"https:\/\/api.w.org\/{rel}","templated":true}]}}