{"id":1029,"date":"2023-11-13T11:31:16","date_gmt":"2023-11-13T14:31:16","guid":{"rendered":"https:\/\/artewebmidia.com.br\/infinita\/?post_type=product&#038;p=1029"},"modified":"2024-09-02T11:05:46","modified_gmt":"2024-09-02T14:05:46","slug":"smart-peptide-skin-creme-30-ml-smart-gr","status":"publish","type":"product","link":"https:\/\/artewebmidia.com.br\/infinita\/produto\/smart-peptide-skin-creme-30-ml-smart-gr\/","title":{"rendered":"SMART PEPTIDE SKIN CREME 30 ML &#8211; Smart GR"},"content":{"rendered":"<p>\u2022 Redu\u00e7\u00e3o das rugas din\u00e2micas<\/p>\n<p>\u2022 Hidrata\u00e7\u00e3o e preven\u00e7\u00e3o de rugas<\/p>\n<p>\u2022 Melhora da maciez<\/p>\n<p>\u2022 Uniformiza\u00e7\u00e3o da textura da pele<\/p>\n","protected":false},"excerpt":{"rendered":"<p>O Peptideskin Creme Facial Pro Age, com toque seco, suaviza as rugas din\u00e2micas e linhas de express\u00e3o, melhora a sa\u00fade celular e promove a regenera\u00e7\u00e3o da pele, ajudando a proteger os danos causados pelos radicais livres e a manter uma apar\u00eancia da pele saud\u00e1vel e radiante. Possui alto poder de hidrata\u00e7\u00e3o para todos os tipos de pele. Dia e Noite.<\/p>\n","protected":false},"featured_media":1030,"comment_status":"open","ping_status":"closed","template":"","meta":{"_joinchat":[]},"product_brand":[],"product_cat":[21],"product_tag":[],"class_list":{"0":"post-1029","1":"product","2":"type-product","3":"status-publish","4":"has-post-thumbnail","6":"product_cat-estetica-facial","8":"first","9":"outofstock","10":"shipping-taxable","11":"purchasable","12":"product-type-simple"},"_links":{"self":[{"href":"https:\/\/artewebmidia.com.br\/infinita\/wp-json\/wp\/v2\/product\/1029","targetHints":{"allow":["GET"]}}],"collection":[{"href":"https:\/\/artewebmidia.com.br\/infinita\/wp-json\/wp\/v2\/product"}],"about":[{"href":"https:\/\/artewebmidia.com.br\/infinita\/wp-json\/wp\/v2\/types\/product"}],"replies":[{"embeddable":true,"href":"https:\/\/artewebmidia.com.br\/infinita\/wp-json\/wp\/v2\/comments?post=1029"}],"wp:featuredmedia":[{"embeddable":true,"href":"https:\/\/artewebmidia.com.br\/infinita\/wp-json\/wp\/v2\/media\/1030"}],"wp:attachment":[{"href":"https:\/\/artewebmidia.com.br\/infinita\/wp-json\/wp\/v2\/media?parent=1029"}],"wp:term":[{"taxonomy":"product_brand","embeddable":true,"href":"https:\/\/artewebmidia.com.br\/infinita\/wp-json\/wp\/v2\/product_brand?post=1029"},{"taxonomy":"product_cat","embeddable":true,"href":"https:\/\/artewebmidia.com.br\/infinita\/wp-json\/wp\/v2\/product_cat?post=1029"},{"taxonomy":"product_tag","embeddable":true,"href":"https:\/\/artewebmidia.com.br\/infinita\/wp-json\/wp\/v2\/product_tag?post=1029"}],"curies":[{"name":"wp","href":"https:\/\/api.w.org\/{rel}","templated":true}]}}