{"id":1031,"date":"2023-11-13T11:44:30","date_gmt":"2023-11-13T14:44:30","guid":{"rendered":"https:\/\/artewebmidia.com.br\/infinita\/?post_type=product&#038;p=1031"},"modified":"2024-02-19T08:42:58","modified_gmt":"2024-02-19T11:42:58","slug":"ampola-seringa-descartavel-caneta-pressurizada-05ml-smart-gr","status":"publish","type":"product","link":"https:\/\/artewebmidia.com.br\/infinita\/produto\/ampola-seringa-descartavel-caneta-pressurizada-05ml-smart-gr\/","title":{"rendered":"AMPOLA SERINGA DESCART\u00c1VEL CANETA PRESSURIZADA 0,5mL Smart GR"},"content":{"rendered":"<p>Com o uso associado \u00e0 caneta de pressuriza\u00e7\u00e3o, \u00e9 poss\u00edvel trabalhar a permea\u00e7\u00e3o de ativos em procedimentos est\u00e9ticos faciais, como Skinbooster, lifting, hidrata\u00e7\u00e3o e volume labial, redu\u00e7\u00e3o de gordura de papada, al\u00e9m de procedimentos est\u00e9ticos corporais, como redu\u00e7\u00e3o de medidas, lipedema e celulite.<\/p>\n","protected":false},"excerpt":{"rendered":"<p>A Smart Ampola Press \u00e9 um acess\u00f3rio descart\u00e1vel com capacidade de at\u00e9 0,5ml, desenvolvido para uso nas Canetas Pressurizadas Smart Press XS e GR.<\/p>\n<p>Cont\u00e9m 10 unidades.<\/p>\n","protected":false},"featured_media":1033,"comment_status":"open","ping_status":"closed","template":"","meta":{"_joinchat":[]},"product_brand":[],"product_cat":[22,21],"product_tag":[],"class_list":{"0":"post-1031","1":"product","2":"type-product","3":"status-publish","4":"has-post-thumbnail","6":"product_cat-estetica-corporal","7":"product_cat-estetica-facial","9":"first","10":"outofstock","11":"shipping-taxable","12":"purchasable","13":"product-type-simple"},"_links":{"self":[{"href":"https:\/\/artewebmidia.com.br\/infinita\/wp-json\/wp\/v2\/product\/1031","targetHints":{"allow":["GET"]}}],"collection":[{"href":"https:\/\/artewebmidia.com.br\/infinita\/wp-json\/wp\/v2\/product"}],"about":[{"href":"https:\/\/artewebmidia.com.br\/infinita\/wp-json\/wp\/v2\/types\/product"}],"replies":[{"embeddable":true,"href":"https:\/\/artewebmidia.com.br\/infinita\/wp-json\/wp\/v2\/comments?post=1031"}],"wp:featuredmedia":[{"embeddable":true,"href":"https:\/\/artewebmidia.com.br\/infinita\/wp-json\/wp\/v2\/media\/1033"}],"wp:attachment":[{"href":"https:\/\/artewebmidia.com.br\/infinita\/wp-json\/wp\/v2\/media?parent=1031"}],"wp:term":[{"taxonomy":"product_brand","embeddable":true,"href":"https:\/\/artewebmidia.com.br\/infinita\/wp-json\/wp\/v2\/product_brand?post=1031"},{"taxonomy":"product_cat","embeddable":true,"href":"https:\/\/artewebmidia.com.br\/infinita\/wp-json\/wp\/v2\/product_cat?post=1031"},{"taxonomy":"product_tag","embeddable":true,"href":"https:\/\/artewebmidia.com.br\/infinita\/wp-json\/wp\/v2\/product_tag?post=1031"}],"curies":[{"name":"wp","href":"https:\/\/api.w.org\/{rel}","templated":true}]}}