{"id":1036,"date":"2023-11-14T09:55:14","date_gmt":"2023-11-14T12:55:14","guid":{"rendered":"https:\/\/artewebmidia.com.br\/infinita\/?post_type=product&#038;p=1036"},"modified":"2023-11-14T09:55:14","modified_gmt":"2023-11-14T12:55:14","slug":"smart-agulha-de-lebel-32g-4mm-smart-gr","status":"publish","type":"product","link":"https:\/\/artewebmidia.com.br\/infinita\/produto\/smart-agulha-de-lebel-32g-4mm-smart-gr\/","title":{"rendered":"SMART AGULHA DE LEBEL 32G 4mm &#8211; Smart GR"},"content":{"rendered":"<p>\u2022 Procedimentos est\u00e9ticos faciais e corporais, como mesoterapia.<br \/>\n\u2022 Aplica\u00e7\u00e3o de toxina botul\u00ednica.<br \/>\n\u2022 Mesobotox.<br \/>\n\u2022 Microbotox.<br \/>\n\u2022 Skinbooster<\/p>\n<p>\u2022 As agulhas ultrafinas permitem uma aplica\u00e7\u00e3o mais confort\u00e1vel ao paciente.<br \/>\n\u2022 A profundidade na medida certa proporciona uma aplica\u00e7\u00e3o mais segura e versatilidade nos tratamentos, desde a mesoterapia at\u00e9 a toxina botul\u00ednica.<br \/>\n\u2022 Tecnologia zero res\u00edduo.<\/p>\n","protected":false},"excerpt":{"rendered":"<p>A Smart Agulha de Lebel \u00e9 uma agulha ultrafina que proporciona conforto, seguran\u00e7a e economia de produto ao profissional, gra\u00e7as \u00e0 tecnologia zero res\u00edduo. Com um comprimento de 4mm, \u00e9 o tamanho ideal para uma variedade de procedimentos est\u00e9ticos minimamente invasivos.<\/p>\n","protected":false},"featured_media":1038,"comment_status":"open","ping_status":"closed","template":"","meta":{"_joinchat":[]},"product_brand":[],"product_cat":[22,21],"product_tag":[],"class_list":{"0":"post-1036","1":"product","2":"type-product","3":"status-publish","4":"has-post-thumbnail","6":"product_cat-estetica-corporal","7":"product_cat-estetica-facial","9":"first","10":"instock","11":"shipping-taxable","12":"purchasable","13":"product-type-simple"},"_links":{"self":[{"href":"https:\/\/artewebmidia.com.br\/infinita\/wp-json\/wp\/v2\/product\/1036","targetHints":{"allow":["GET"]}}],"collection":[{"href":"https:\/\/artewebmidia.com.br\/infinita\/wp-json\/wp\/v2\/product"}],"about":[{"href":"https:\/\/artewebmidia.com.br\/infinita\/wp-json\/wp\/v2\/types\/product"}],"replies":[{"embeddable":true,"href":"https:\/\/artewebmidia.com.br\/infinita\/wp-json\/wp\/v2\/comments?post=1036"}],"wp:featuredmedia":[{"embeddable":true,"href":"https:\/\/artewebmidia.com.br\/infinita\/wp-json\/wp\/v2\/media\/1038"}],"wp:attachment":[{"href":"https:\/\/artewebmidia.com.br\/infinita\/wp-json\/wp\/v2\/media?parent=1036"}],"wp:term":[{"taxonomy":"product_brand","embeddable":true,"href":"https:\/\/artewebmidia.com.br\/infinita\/wp-json\/wp\/v2\/product_brand?post=1036"},{"taxonomy":"product_cat","embeddable":true,"href":"https:\/\/artewebmidia.com.br\/infinita\/wp-json\/wp\/v2\/product_cat?post=1036"},{"taxonomy":"product_tag","embeddable":true,"href":"https:\/\/artewebmidia.com.br\/infinita\/wp-json\/wp\/v2\/product_tag?post=1036"}],"curies":[{"name":"wp","href":"https:\/\/api.w.org\/{rel}","templated":true}]}}