{"id":1043,"date":"2023-11-14T10:29:27","date_gmt":"2023-11-14T13:29:27","guid":{"rendered":"https:\/\/artewebmidia.com.br\/infinita\/?post_type=product&#038;p=1043"},"modified":"2024-09-02T11:04:58","modified_gmt":"2024-09-02T14:04:58","slug":"smart-microcanula-sc22g-50mm-smart-gr","status":"publish","type":"product","link":"https:\/\/artewebmidia.com.br\/infinita\/produto\/smart-microcanula-sc22g-50mm-smart-gr\/","title":{"rendered":"SMART MICROC\u00c2NULA SC22G 50mm &#8211; Smart GR"},"content":{"rendered":"<p>\u2022 Perfeito para procedimentos est\u00e9ticos como entrega de ativos de mesoterapia<\/p>\n<p>\u2022 Indicado para preenchimentos faciais e corporais<\/p>\n<p>\u2022 Utilizado em procedimentos com bioestimuladores faciais e corporais<\/p>\n<p>\u2022 Aplica\u00e7\u00e3o segura<\/p>\n<p>\u2022 Possui alto poder de alcance em diferentes \u00e1reas de aplica\u00e7\u00e3o<\/p>\n<p>\u2022 Conta com um sinalizador de sa\u00edda<\/p>\n<p>\u2022 Deslizamento perfeito no tecido devido \u00e0 sua ponta arredondada e sem corte<\/p>\n","protected":false},"excerpt":{"rendered":"<p>A Smart Microc\u00e2nula SC22G\/50mm da Smart GR \u00e9 um dispositivo flex\u00edvel e male\u00e1vel utilizado para inje\u00e7\u00e3o intra ou subd\u00e9rmica de ativos. Sua ponta arredondada garante uma aplica\u00e7\u00e3o segura, e o corpo da microc\u00e2nula possui marca\u00e7\u00e3o de cent\u00edmetros para melhor controle e posicionamento durante o procedimento. A Smart Microc\u00e2nula acompanha agulha de pertuito, o que permite uma melhor performance, sendo ideal para seringas luer lock e slip. Cont\u00e9m 10 unidades<\/p>\n","protected":false},"featured_media":1044,"comment_status":"open","ping_status":"closed","template":"","meta":{"_joinchat":[]},"product_brand":[],"product_cat":[22,21],"product_tag":[],"class_list":{"0":"post-1043","1":"product","2":"type-product","3":"status-publish","4":"has-post-thumbnail","6":"product_cat-estetica-corporal","7":"product_cat-estetica-facial","9":"first","10":"outofstock","11":"shipping-taxable","12":"purchasable","13":"product-type-simple"},"_links":{"self":[{"href":"https:\/\/artewebmidia.com.br\/infinita\/wp-json\/wp\/v2\/product\/1043","targetHints":{"allow":["GET"]}}],"collection":[{"href":"https:\/\/artewebmidia.com.br\/infinita\/wp-json\/wp\/v2\/product"}],"about":[{"href":"https:\/\/artewebmidia.com.br\/infinita\/wp-json\/wp\/v2\/types\/product"}],"replies":[{"embeddable":true,"href":"https:\/\/artewebmidia.com.br\/infinita\/wp-json\/wp\/v2\/comments?post=1043"}],"wp:featuredmedia":[{"embeddable":true,"href":"https:\/\/artewebmidia.com.br\/infinita\/wp-json\/wp\/v2\/media\/1044"}],"wp:attachment":[{"href":"https:\/\/artewebmidia.com.br\/infinita\/wp-json\/wp\/v2\/media?parent=1043"}],"wp:term":[{"taxonomy":"product_brand","embeddable":true,"href":"https:\/\/artewebmidia.com.br\/infinita\/wp-json\/wp\/v2\/product_brand?post=1043"},{"taxonomy":"product_cat","embeddable":true,"href":"https:\/\/artewebmidia.com.br\/infinita\/wp-json\/wp\/v2\/product_cat?post=1043"},{"taxonomy":"product_tag","embeddable":true,"href":"https:\/\/artewebmidia.com.br\/infinita\/wp-json\/wp\/v2\/product_tag?post=1043"}],"curies":[{"name":"wp","href":"https:\/\/api.w.org\/{rel}","templated":true}]}}