{"id":1048,"date":"2023-11-14T11:02:20","date_gmt":"2023-11-14T14:02:20","guid":{"rendered":"https:\/\/artewebmidia.com.br\/infinita\/?post_type=product&#038;p=1048"},"modified":"2023-11-14T11:02:20","modified_gmt":"2023-11-14T14:02:20","slug":"smart-mesofill-15-cartucho-5-microagulhas-32g-smart-gr","status":"publish","type":"product","link":"https:\/\/artewebmidia.com.br\/infinita\/produto\/smart-mesofill-15-cartucho-5-microagulhas-32g-smart-gr\/","title":{"rendered":"SMART MESOFILL 1,5 CARTUCHO 5 MICROAGULHAS 32G &#8211; Smart GR"},"content":{"rendered":"<p>A Smart Mesofill \u00e9 a ferramenta ideal para m\u00faltiplos procedimentos de est\u00e9tica avan\u00e7ada. Suas microagulhas possuem a mais alta tecnologia, possibilitando a entrega de ativos de forma controlada, sendo a \u00fanica que permite a aplica\u00e7\u00e3o em 0,6mm da pele.\u00a0 As agulhas s\u00e3o pequenas e ultrafinas, permitindo uma aplica\u00e7\u00e3o em camadas superficiais e chegando at\u00e9 a jun\u00e7\u00e3o dermoepid\u00e9rmica.<\/p>\n","protected":false},"excerpt":{"rendered":"<p>A Smart Mesofill \u00e9 indicada para procedimentos minimamente invasivos que necessitam de m\u00e1xima precis\u00e3o. Clareamento de manchas e tratamentos de Melasma Tratamento de flacidez facial, corporal, colo e pesco\u00e7o. Rejuvenescimento facial Redu\u00e7\u00e3o de rugas e linhas de express\u00e3o. Mesobotox Est\u00e9tica \u00edntima Skinbooster. Tratamento de estrias e cicatrizes. Terapia capilar, tratamentos de alopecia e calv\u00edcie Reparo de sequelas de acne.Cont\u00e9m 20 unidades<\/p>\n","protected":false},"featured_media":1049,"comment_status":"open","ping_status":"closed","template":"","meta":{"_joinchat":[]},"product_brand":[],"product_cat":[22,21],"product_tag":[],"class_list":{"0":"post-1048","1":"product","2":"type-product","3":"status-publish","4":"has-post-thumbnail","6":"product_cat-estetica-corporal","7":"product_cat-estetica-facial","9":"first","10":"instock","11":"shipping-taxable","12":"purchasable","13":"product-type-simple"},"_links":{"self":[{"href":"https:\/\/artewebmidia.com.br\/infinita\/wp-json\/wp\/v2\/product\/1048","targetHints":{"allow":["GET"]}}],"collection":[{"href":"https:\/\/artewebmidia.com.br\/infinita\/wp-json\/wp\/v2\/product"}],"about":[{"href":"https:\/\/artewebmidia.com.br\/infinita\/wp-json\/wp\/v2\/types\/product"}],"replies":[{"embeddable":true,"href":"https:\/\/artewebmidia.com.br\/infinita\/wp-json\/wp\/v2\/comments?post=1048"}],"wp:featuredmedia":[{"embeddable":true,"href":"https:\/\/artewebmidia.com.br\/infinita\/wp-json\/wp\/v2\/media\/1049"}],"wp:attachment":[{"href":"https:\/\/artewebmidia.com.br\/infinita\/wp-json\/wp\/v2\/media?parent=1048"}],"wp:term":[{"taxonomy":"product_brand","embeddable":true,"href":"https:\/\/artewebmidia.com.br\/infinita\/wp-json\/wp\/v2\/product_brand?post=1048"},{"taxonomy":"product_cat","embeddable":true,"href":"https:\/\/artewebmidia.com.br\/infinita\/wp-json\/wp\/v2\/product_cat?post=1048"},{"taxonomy":"product_tag","embeddable":true,"href":"https:\/\/artewebmidia.com.br\/infinita\/wp-json\/wp\/v2\/product_tag?post=1048"}],"curies":[{"name":"wp","href":"https:\/\/api.w.org\/{rel}","templated":true}]}}