{"id":1059,"date":"2023-11-14T11:39:14","date_gmt":"2023-11-14T14:39:14","guid":{"rendered":"https:\/\/artewebmidia.com.br\/infinita\/?post_type=product&#038;p=1059"},"modified":"2023-11-14T11:39:15","modified_gmt":"2023-11-14T14:39:15","slug":"adaptador-descartavel-caneta-pressurizada-03ml-smart-gr","status":"publish","type":"product","link":"https:\/\/artewebmidia.com.br\/infinita\/produto\/adaptador-descartavel-caneta-pressurizada-03ml-smart-gr\/","title":{"rendered":"ADAPTADOR DESCART\u00c1VEL CANETA PRESSURIZADA 0,3ml &#8211; Smart GR"},"content":{"rendered":"<p>\u2022 O Smart Adaptador Descart\u00e1vel para caneta pressurizada Smart Press \u00e9 indicado para utiliza\u00e7\u00e3o na Caneta Pressurizada Smart Press GR, para extrair o ativo da ampola.<\/p>\n","protected":false},"excerpt":{"rendered":"<p>O Smart Adaptador \u00e9 um item descart\u00e1vel para utiliza\u00e7\u00e3o com a Caneta Pressurizada Smart Press e foi desenvolvido para abastecer as ampolas dos ativos de alta performance.<\/p>\n<p>Cont\u00e9m 10 unidades<\/p>\n","protected":false},"featured_media":1060,"comment_status":"open","ping_status":"closed","template":"","meta":{"_joinchat":[]},"product_brand":[],"product_cat":[15],"product_tag":[],"class_list":{"0":"post-1059","1":"product","2":"type-product","3":"status-publish","4":"has-post-thumbnail","6":"product_cat-infinita-estetica","8":"first","9":"instock","10":"shipping-taxable","11":"purchasable","12":"product-type-simple"},"_links":{"self":[{"href":"https:\/\/artewebmidia.com.br\/infinita\/wp-json\/wp\/v2\/product\/1059","targetHints":{"allow":["GET"]}}],"collection":[{"href":"https:\/\/artewebmidia.com.br\/infinita\/wp-json\/wp\/v2\/product"}],"about":[{"href":"https:\/\/artewebmidia.com.br\/infinita\/wp-json\/wp\/v2\/types\/product"}],"replies":[{"embeddable":true,"href":"https:\/\/artewebmidia.com.br\/infinita\/wp-json\/wp\/v2\/comments?post=1059"}],"wp:featuredmedia":[{"embeddable":true,"href":"https:\/\/artewebmidia.com.br\/infinita\/wp-json\/wp\/v2\/media\/1060"}],"wp:attachment":[{"href":"https:\/\/artewebmidia.com.br\/infinita\/wp-json\/wp\/v2\/media?parent=1059"}],"wp:term":[{"taxonomy":"product_brand","embeddable":true,"href":"https:\/\/artewebmidia.com.br\/infinita\/wp-json\/wp\/v2\/product_brand?post=1059"},{"taxonomy":"product_cat","embeddable":true,"href":"https:\/\/artewebmidia.com.br\/infinita\/wp-json\/wp\/v2\/product_cat?post=1059"},{"taxonomy":"product_tag","embeddable":true,"href":"https:\/\/artewebmidia.com.br\/infinita\/wp-json\/wp\/v2\/product_tag?post=1059"}],"curies":[{"name":"wp","href":"https:\/\/api.w.org\/{rel}","templated":true}]}}