{"id":1062,"date":"2023-11-14T13:33:05","date_gmt":"2023-11-14T16:33:05","guid":{"rendered":"https:\/\/artewebmidia.com.br\/infinita\/?post_type=product&#038;p=1062"},"modified":"2023-11-14T13:33:05","modified_gmt":"2023-11-14T16:33:05","slug":"ampola-seringa-descartavel-caneta-pressurizada-03ml-smart-gr","status":"publish","type":"product","link":"https:\/\/artewebmidia.com.br\/infinita\/produto\/ampola-seringa-descartavel-caneta-pressurizada-03ml-smart-gr\/","title":{"rendered":"AMPOLA SERINGA DESCART\u00c1VEL CANETA PRESSURIZADA 0,3ml &#8211; Smart GR"},"content":{"rendered":"<p>Com o uso associado \u00e0 caneta de pressuriza\u00e7\u00e3o, \u00e9 poss\u00edvel trabalhar a permea\u00e7\u00e3o de ativos em procedimentos est\u00e9ticos faciais, como Skinbooster, lifting, hidrata\u00e7\u00e3o e volume labial, redu\u00e7\u00e3o de gordura de papada, al\u00e9m de procedimentos est\u00e9ticos corporais, como redu\u00e7\u00e3o de medidas, lipedema e celulite.<\/p>\n<p>\u2022 Livre de agulhas;<br \/>\n\u2022 Consum\u00edveis descart\u00e1veis;<br \/>\n\u2022 Ajuste de volume.<\/p>\n","protected":false},"excerpt":{"rendered":"<p>A Smart Ampola Press \u00e9 um acess\u00f3rio descart\u00e1vel com capacidade de at\u00e9 0,3ml, desenvolvido para uso na Caneta Pressurizada Smart Press GR.<\/p>\n","protected":false},"featured_media":1063,"comment_status":"open","ping_status":"closed","template":"","meta":{"_joinchat":[]},"product_brand":[],"product_cat":[21],"product_tag":[],"class_list":{"0":"post-1062","1":"product","2":"type-product","3":"status-publish","4":"has-post-thumbnail","6":"product_cat-estetica-facial","8":"first","9":"instock","10":"shipping-taxable","11":"purchasable","12":"product-type-simple"},"_links":{"self":[{"href":"https:\/\/artewebmidia.com.br\/infinita\/wp-json\/wp\/v2\/product\/1062","targetHints":{"allow":["GET"]}}],"collection":[{"href":"https:\/\/artewebmidia.com.br\/infinita\/wp-json\/wp\/v2\/product"}],"about":[{"href":"https:\/\/artewebmidia.com.br\/infinita\/wp-json\/wp\/v2\/types\/product"}],"replies":[{"embeddable":true,"href":"https:\/\/artewebmidia.com.br\/infinita\/wp-json\/wp\/v2\/comments?post=1062"}],"wp:featuredmedia":[{"embeddable":true,"href":"https:\/\/artewebmidia.com.br\/infinita\/wp-json\/wp\/v2\/media\/1063"}],"wp:attachment":[{"href":"https:\/\/artewebmidia.com.br\/infinita\/wp-json\/wp\/v2\/media?parent=1062"}],"wp:term":[{"taxonomy":"product_brand","embeddable":true,"href":"https:\/\/artewebmidia.com.br\/infinita\/wp-json\/wp\/v2\/product_brand?post=1062"},{"taxonomy":"product_cat","embeddable":true,"href":"https:\/\/artewebmidia.com.br\/infinita\/wp-json\/wp\/v2\/product_cat?post=1062"},{"taxonomy":"product_tag","embeddable":true,"href":"https:\/\/artewebmidia.com.br\/infinita\/wp-json\/wp\/v2\/product_tag?post=1062"}],"curies":[{"name":"wp","href":"https:\/\/api.w.org\/{rel}","templated":true}]}}