{"id":1075,"date":"2023-11-14T13:56:14","date_gmt":"2023-11-14T16:56:14","guid":{"rendered":"https:\/\/artewebmidia.com.br\/infinita\/?post_type=product&#038;p=1075"},"modified":"2024-09-02T10:38:53","modified_gmt":"2024-09-02T13:38:53","slug":"cartucho-smart-derma-pen-preto-01-agulha-smart-gr","status":"publish","type":"product","link":"https:\/\/artewebmidia.com.br\/infinita\/produto\/cartucho-smart-derma-pen-preto-01-agulha-smart-gr\/","title":{"rendered":"CARTUCHO SMART DERMA PEN PRETO 01 AGULHA &#8211; Smart GR"},"content":{"rendered":"<p>Indica\u00e7\u00f5es:<\/p>\n<p>\u2022 Drug Delivery<br \/>\n\u2022 Indu\u00e7\u00e3o Percut\u00e2nea de col\u00e1geno<br \/>\n\u2022 Renova\u00e7\u00e3o celular<br \/>\n\u2022 Rejuvenescimento<br \/>\n\u2022 Sequelas p\u00f3s-acne, p\u00f3s-queimadura<br \/>\n\u2022 Estrias<br \/>\n\u2022 Flacidez de pele<br \/>\n\u2022 Alopecia<br \/>\n\u2022 Celulite e gordura localizada<\/p>\n","protected":false},"excerpt":{"rendered":"<p>O Smart Cartucho \u00e9 um acess\u00f3rio exclusivo para a caneta el\u00e9trica de microagulhamento Smart Dermapen, contendo microagulhas de material de tit\u00e2nio.<\/p>\n","protected":false},"featured_media":1076,"comment_status":"open","ping_status":"closed","template":"","meta":{"_joinchat":[]},"product_brand":[],"product_cat":[22,21],"product_tag":[],"class_list":{"0":"post-1075","1":"product","2":"type-product","3":"status-publish","4":"has-post-thumbnail","6":"product_cat-estetica-corporal","7":"product_cat-estetica-facial","9":"first","10":"onbackorder","11":"shipping-taxable","12":"purchasable","13":"product-type-simple"},"_links":{"self":[{"href":"https:\/\/artewebmidia.com.br\/infinita\/wp-json\/wp\/v2\/product\/1075","targetHints":{"allow":["GET"]}}],"collection":[{"href":"https:\/\/artewebmidia.com.br\/infinita\/wp-json\/wp\/v2\/product"}],"about":[{"href":"https:\/\/artewebmidia.com.br\/infinita\/wp-json\/wp\/v2\/types\/product"}],"replies":[{"embeddable":true,"href":"https:\/\/artewebmidia.com.br\/infinita\/wp-json\/wp\/v2\/comments?post=1075"}],"wp:featuredmedia":[{"embeddable":true,"href":"https:\/\/artewebmidia.com.br\/infinita\/wp-json\/wp\/v2\/media\/1076"}],"wp:attachment":[{"href":"https:\/\/artewebmidia.com.br\/infinita\/wp-json\/wp\/v2\/media?parent=1075"}],"wp:term":[{"taxonomy":"product_brand","embeddable":true,"href":"https:\/\/artewebmidia.com.br\/infinita\/wp-json\/wp\/v2\/product_brand?post=1075"},{"taxonomy":"product_cat","embeddable":true,"href":"https:\/\/artewebmidia.com.br\/infinita\/wp-json\/wp\/v2\/product_cat?post=1075"},{"taxonomy":"product_tag","embeddable":true,"href":"https:\/\/artewebmidia.com.br\/infinita\/wp-json\/wp\/v2\/product_tag?post=1075"}],"curies":[{"name":"wp","href":"https:\/\/api.w.org\/{rel}","templated":true}]}}