{"id":1122,"date":"2023-12-05T10:22:20","date_gmt":"2023-12-05T13:22:20","guid":{"rendered":"https:\/\/artewebmidia.com.br\/infinita\/?post_type=product&#038;p=1122"},"modified":"2024-07-23T08:46:01","modified_gmt":"2024-07-23T11:46:01","slug":"serum-preenchedor-acido-hialuronico","status":"publish","type":"product","link":"https:\/\/artewebmidia.com.br\/infinita\/produto\/serum-preenchedor-acido-hialuronico\/","title":{"rendered":"S\u00c9RUM PREENCHEDOR \u00c1CIDO HIALUR\u00d4NICO"},"content":{"rendered":"<p>Ativos: \u00c1cido Hialur\u00f4nico, 1% Vitamina B5 e Sil\u00edcio.<\/p>\n","protected":false},"excerpt":{"rendered":"<p>O S\u00e9rum Preenchedor Facial \u00c1cido Hialur\u00f4nico, n\u00e3o pode faltar na sua rotina skin care. Sua f\u00f3rmula aquosa \u00e9 de textura leve e r\u00e1pida absor\u00e7\u00e3o e possui ativos de alta performance como \u00c1cido Hialur\u00f4nico vetorizado em Sil\u00edcio Org\u00e2nico e Vitamina B5, fornece hidrata\u00e7\u00e3o profunda de at\u00e9 8 horas e redu\u00e7\u00e3o das linhas de express\u00e3o.<\/p>\n","protected":false},"featured_media":1123,"comment_status":"open","ping_status":"closed","template":"","meta":{"_joinchat":[]},"product_brand":[],"product_cat":[21],"product_tag":[],"class_list":{"0":"post-1122","1":"product","2":"type-product","3":"status-publish","4":"has-post-thumbnail","6":"product_cat-estetica-facial","8":"first","9":"instock","10":"shipping-taxable","11":"purchasable","12":"product-type-simple"},"_links":{"self":[{"href":"https:\/\/artewebmidia.com.br\/infinita\/wp-json\/wp\/v2\/product\/1122","targetHints":{"allow":["GET"]}}],"collection":[{"href":"https:\/\/artewebmidia.com.br\/infinita\/wp-json\/wp\/v2\/product"}],"about":[{"href":"https:\/\/artewebmidia.com.br\/infinita\/wp-json\/wp\/v2\/types\/product"}],"replies":[{"embeddable":true,"href":"https:\/\/artewebmidia.com.br\/infinita\/wp-json\/wp\/v2\/comments?post=1122"}],"wp:featuredmedia":[{"embeddable":true,"href":"https:\/\/artewebmidia.com.br\/infinita\/wp-json\/wp\/v2\/media\/1123"}],"wp:attachment":[{"href":"https:\/\/artewebmidia.com.br\/infinita\/wp-json\/wp\/v2\/media?parent=1122"}],"wp:term":[{"taxonomy":"product_brand","embeddable":true,"href":"https:\/\/artewebmidia.com.br\/infinita\/wp-json\/wp\/v2\/product_brand?post=1122"},{"taxonomy":"product_cat","embeddable":true,"href":"https:\/\/artewebmidia.com.br\/infinita\/wp-json\/wp\/v2\/product_cat?post=1122"},{"taxonomy":"product_tag","embeddable":true,"href":"https:\/\/artewebmidia.com.br\/infinita\/wp-json\/wp\/v2\/product_tag?post=1122"}],"curies":[{"name":"wp","href":"https:\/\/api.w.org\/{rel}","templated":true}]}}