{"id":1125,"date":"2023-12-05T10:29:31","date_gmt":"2023-12-05T13:29:31","guid":{"rendered":"https:\/\/artewebmidia.com.br\/infinita\/?post_type=product&#038;p=1125"},"modified":"2024-07-23T08:46:44","modified_gmt":"2024-07-23T11:46:44","slug":"serum-iluminador-nano-vit-c","status":"publish","type":"product","link":"https:\/\/artewebmidia.com.br\/infinita\/produto\/serum-iluminador-nano-vit-c\/","title":{"rendered":"S\u00c9RUM ILUMINADOR  NANO VIT C"},"content":{"rendered":"<p>Ativos: Nano Vitamina C + 5 Fontes de Vitamina C.<\/p>\n<p>Livre de Parabenos, Petrolatos, Corantes e Silicones. Ingredientes 95% Naturais.<\/p>\n","protected":false},"excerpt":{"rendered":"<p>Com Nano Vitamina C e mais 5 fontes de Vitamina C, sua f\u00f3rmula aquosa \u00e9 de textura leve e r\u00e1pida absor\u00e7\u00e3o, possui um efeito iluminador, auxilia na diminui\u00e7\u00e3o das manchas, tornando a pele mais macia e hidratada, com sensa\u00e7\u00e3o sedosa e agrad\u00e1vel, sem deixar a pele oleosa.<\/p>\n","protected":false},"featured_media":1127,"comment_status":"open","ping_status":"closed","template":"","meta":{"_joinchat":[]},"product_brand":[],"product_cat":[21],"product_tag":[],"class_list":{"0":"post-1125","1":"product","2":"type-product","3":"status-publish","4":"has-post-thumbnail","6":"product_cat-estetica-facial","8":"first","9":"instock","10":"shipping-taxable","11":"purchasable","12":"product-type-simple"},"_links":{"self":[{"href":"https:\/\/artewebmidia.com.br\/infinita\/wp-json\/wp\/v2\/product\/1125","targetHints":{"allow":["GET"]}}],"collection":[{"href":"https:\/\/artewebmidia.com.br\/infinita\/wp-json\/wp\/v2\/product"}],"about":[{"href":"https:\/\/artewebmidia.com.br\/infinita\/wp-json\/wp\/v2\/types\/product"}],"replies":[{"embeddable":true,"href":"https:\/\/artewebmidia.com.br\/infinita\/wp-json\/wp\/v2\/comments?post=1125"}],"wp:featuredmedia":[{"embeddable":true,"href":"https:\/\/artewebmidia.com.br\/infinita\/wp-json\/wp\/v2\/media\/1127"}],"wp:attachment":[{"href":"https:\/\/artewebmidia.com.br\/infinita\/wp-json\/wp\/v2\/media?parent=1125"}],"wp:term":[{"taxonomy":"product_brand","embeddable":true,"href":"https:\/\/artewebmidia.com.br\/infinita\/wp-json\/wp\/v2\/product_brand?post=1125"},{"taxonomy":"product_cat","embeddable":true,"href":"https:\/\/artewebmidia.com.br\/infinita\/wp-json\/wp\/v2\/product_cat?post=1125"},{"taxonomy":"product_tag","embeddable":true,"href":"https:\/\/artewebmidia.com.br\/infinita\/wp-json\/wp\/v2\/product_tag?post=1125"}],"curies":[{"name":"wp","href":"https:\/\/api.w.org\/{rel}","templated":true}]}}