{"id":1129,"date":"2023-12-05T10:34:21","date_gmt":"2023-12-05T13:34:21","guid":{"rendered":"https:\/\/artewebmidia.com.br\/infinita\/?post_type=product&#038;p=1129"},"modified":"2024-07-23T08:47:37","modified_gmt":"2024-07-23T11:47:37","slug":"serum-concentrado-nano-retinol","status":"publish","type":"product","link":"https:\/\/artewebmidia.com.br\/infinita\/produto\/serum-concentrado-nano-retinol\/","title":{"rendered":"S\u00c9RUM CONCENTRADO NANO RETINOL"},"content":{"rendered":"<p>Ativos: Nano Retinol.<\/p>\n<p>Livre de Parabenos, Petrolatos, Corantes e Silicones. Ingredientes 95% Naturais.<\/p>\n","protected":false},"excerpt":{"rendered":"<p>S\u00e9rum Concentrado Facial Nano Retinol, age profundamente na pele, auxiliando na redu\u00e7\u00e3o de rugas acentuadas, melhorando a firmeza e elasticidade da pele. Sua f\u00f3rmula aquosa \u00e9 de textura leve e r\u00e1pida absor\u00e7\u00e3o. A tecnologia inovadora de encapsula\u00e7\u00e3o do Retinol garante uma f\u00f3rmula mais segura, com alta efic\u00e1cia nos resultados e m\u00e1xima toler\u00e2ncia na pele.<\/p>\n","protected":false},"featured_media":1130,"comment_status":"open","ping_status":"closed","template":"","meta":{"_joinchat":[]},"product_brand":[],"product_cat":[21],"product_tag":[],"class_list":{"0":"post-1129","1":"product","2":"type-product","3":"status-publish","4":"has-post-thumbnail","6":"product_cat-estetica-facial","8":"first","9":"instock","10":"shipping-taxable","11":"purchasable","12":"product-type-simple"},"_links":{"self":[{"href":"https:\/\/artewebmidia.com.br\/infinita\/wp-json\/wp\/v2\/product\/1129","targetHints":{"allow":["GET"]}}],"collection":[{"href":"https:\/\/artewebmidia.com.br\/infinita\/wp-json\/wp\/v2\/product"}],"about":[{"href":"https:\/\/artewebmidia.com.br\/infinita\/wp-json\/wp\/v2\/types\/product"}],"replies":[{"embeddable":true,"href":"https:\/\/artewebmidia.com.br\/infinita\/wp-json\/wp\/v2\/comments?post=1129"}],"wp:featuredmedia":[{"embeddable":true,"href":"https:\/\/artewebmidia.com.br\/infinita\/wp-json\/wp\/v2\/media\/1130"}],"wp:attachment":[{"href":"https:\/\/artewebmidia.com.br\/infinita\/wp-json\/wp\/v2\/media?parent=1129"}],"wp:term":[{"taxonomy":"product_brand","embeddable":true,"href":"https:\/\/artewebmidia.com.br\/infinita\/wp-json\/wp\/v2\/product_brand?post=1129"},{"taxonomy":"product_cat","embeddable":true,"href":"https:\/\/artewebmidia.com.br\/infinita\/wp-json\/wp\/v2\/product_cat?post=1129"},{"taxonomy":"product_tag","embeddable":true,"href":"https:\/\/artewebmidia.com.br\/infinita\/wp-json\/wp\/v2\/product_tag?post=1129"}],"curies":[{"name":"wp","href":"https:\/\/api.w.org\/{rel}","templated":true}]}}