{"id":1134,"date":"2023-12-05T10:43:56","date_gmt":"2023-12-05T13:43:56","guid":{"rendered":"https:\/\/artewebmidia.com.br\/infinita\/?post_type=product&#038;p=1134"},"modified":"2024-01-09T11:49:13","modified_gmt":"2024-01-09T14:49:13","slug":"serum-facial-vit-c10","status":"publish","type":"product","link":"https:\/\/artewebmidia.com.br\/infinita\/produto\/serum-facial-vit-c10\/","title":{"rendered":"S\u00c9RUM FACIAL VIT C10"},"content":{"rendered":"<p>Ativos: 10% Vitamina C pura, \u00c1cido Fer\u00falico Extrato Glic\u00f3lico de Tomate e Vitamina E. Livre de Parabenos, Corantes e Petrolatos.<\/p>\n<p>Ingredientes 80% Naturais.<\/p>\n","protected":false},"excerpt":{"rendered":"<p>Possui 10% de \u00c1cido Asc\u00f3rbico puro e estabilizado. Uniformiza o tom da pele e reduz hipercromias. F\u00f3rmula enriquecida com \u00c1cido Fer\u00falico, Extrato Glic\u00f3lico de Tomate e Vitamina E, ativos altamente hidratantes e antioxidantes que previnem os sinais do tempo na pele.<\/p>\n","protected":false},"featured_media":1135,"comment_status":"open","ping_status":"closed","template":"","meta":{"_joinchat":[]},"product_brand":[],"product_cat":[21],"product_tag":[],"class_list":{"0":"post-1134","1":"product","2":"type-product","3":"status-publish","4":"has-post-thumbnail","6":"product_cat-estetica-facial","8":"first","9":"outofstock","10":"shipping-taxable","11":"purchasable","12":"product-type-simple"},"_links":{"self":[{"href":"https:\/\/artewebmidia.com.br\/infinita\/wp-json\/wp\/v2\/product\/1134","targetHints":{"allow":["GET"]}}],"collection":[{"href":"https:\/\/artewebmidia.com.br\/infinita\/wp-json\/wp\/v2\/product"}],"about":[{"href":"https:\/\/artewebmidia.com.br\/infinita\/wp-json\/wp\/v2\/types\/product"}],"replies":[{"embeddable":true,"href":"https:\/\/artewebmidia.com.br\/infinita\/wp-json\/wp\/v2\/comments?post=1134"}],"wp:featuredmedia":[{"embeddable":true,"href":"https:\/\/artewebmidia.com.br\/infinita\/wp-json\/wp\/v2\/media\/1135"}],"wp:attachment":[{"href":"https:\/\/artewebmidia.com.br\/infinita\/wp-json\/wp\/v2\/media?parent=1134"}],"wp:term":[{"taxonomy":"product_brand","embeddable":true,"href":"https:\/\/artewebmidia.com.br\/infinita\/wp-json\/wp\/v2\/product_brand?post=1134"},{"taxonomy":"product_cat","embeddable":true,"href":"https:\/\/artewebmidia.com.br\/infinita\/wp-json\/wp\/v2\/product_cat?post=1134"},{"taxonomy":"product_tag","embeddable":true,"href":"https:\/\/artewebmidia.com.br\/infinita\/wp-json\/wp\/v2\/product_tag?post=1134"}],"curies":[{"name":"wp","href":"https:\/\/api.w.org\/{rel}","templated":true}]}}