{"id":1136,"date":"2023-12-05T10:47:44","date_gmt":"2023-12-05T13:47:44","guid":{"rendered":"https:\/\/artewebmidia.com.br\/infinita\/?post_type=product&#038;p=1136"},"modified":"2024-01-09T11:48:39","modified_gmt":"2024-01-09T14:48:39","slug":"serum-facial-antissinais","status":"publish","type":"product","link":"https:\/\/artewebmidia.com.br\/infinita\/produto\/serum-facial-antissinais\/","title":{"rendered":"S\u00c9RUM FACIAL ANTISSINAIS"},"content":{"rendered":"<p>Ativos: \u00c1cido Hialur\u00f4nico, Niacinamida e Prebi\u00f3ticos. Livre de Parabenos, Corantes e Petrolatos. Ingredientes 96% Naturais.<\/p>\n","protected":false},"excerpt":{"rendered":"<p>Textura leve de r\u00e1pida absor\u00e7\u00e3o que restaura e renova sua pele! Hidrata\u00e7\u00e3o com a\u00e7\u00e3o preenchedora de linhas finas e marcas de express\u00e3o, previne os principais sinais de envelhecimento, uniformiza o tom da pele corrigindo marcas escurecidas e melhora sua luminosidade. Com poderoso complexo de Prebi\u00f3ticos, fortalece as barreiras naturais de prote\u00e7\u00e3o da pele, auxilia na melhora da hidrata\u00e7\u00e3o e elasticidade, aspecto de pele jovem e saud\u00e1vel.<\/p>\n","protected":false},"featured_media":1137,"comment_status":"open","ping_status":"closed","template":"","meta":{"_joinchat":[]},"product_brand":[],"product_cat":[21],"product_tag":[],"class_list":{"0":"post-1136","1":"product","2":"type-product","3":"status-publish","4":"has-post-thumbnail","6":"product_cat-estetica-facial","8":"first","9":"outofstock","10":"shipping-taxable","11":"purchasable","12":"product-type-simple"},"_links":{"self":[{"href":"https:\/\/artewebmidia.com.br\/infinita\/wp-json\/wp\/v2\/product\/1136","targetHints":{"allow":["GET"]}}],"collection":[{"href":"https:\/\/artewebmidia.com.br\/infinita\/wp-json\/wp\/v2\/product"}],"about":[{"href":"https:\/\/artewebmidia.com.br\/infinita\/wp-json\/wp\/v2\/types\/product"}],"replies":[{"embeddable":true,"href":"https:\/\/artewebmidia.com.br\/infinita\/wp-json\/wp\/v2\/comments?post=1136"}],"wp:featuredmedia":[{"embeddable":true,"href":"https:\/\/artewebmidia.com.br\/infinita\/wp-json\/wp\/v2\/media\/1137"}],"wp:attachment":[{"href":"https:\/\/artewebmidia.com.br\/infinita\/wp-json\/wp\/v2\/media?parent=1136"}],"wp:term":[{"taxonomy":"product_brand","embeddable":true,"href":"https:\/\/artewebmidia.com.br\/infinita\/wp-json\/wp\/v2\/product_brand?post=1136"},{"taxonomy":"product_cat","embeddable":true,"href":"https:\/\/artewebmidia.com.br\/infinita\/wp-json\/wp\/v2\/product_cat?post=1136"},{"taxonomy":"product_tag","embeddable":true,"href":"https:\/\/artewebmidia.com.br\/infinita\/wp-json\/wp\/v2\/product_tag?post=1136"}],"curies":[{"name":"wp","href":"https:\/\/api.w.org\/{rel}","templated":true}]}}