{"id":1140,"date":"2023-12-05T10:58:39","date_gmt":"2023-12-05T13:58:39","guid":{"rendered":"https:\/\/artewebmidia.com.br\/infinita\/?post_type=product&#038;p=1140"},"modified":"2024-01-09T11:47:34","modified_gmt":"2024-01-09T14:47:34","slug":"tonico-adstringente-facial-controle-da-oleosidade","status":"publish","type":"product","link":"https:\/\/artewebmidia.com.br\/infinita\/produto\/tonico-adstringente-facial-controle-da-oleosidade\/","title":{"rendered":"T\u00d4NICO ADSTRINGENTE FACIAL CONTROLE DA OLEOSIDADE"},"content":{"rendered":"<p>Ativos: \u00c1cido Salic\u00edlico, Extrato de Alecrim e D-Pantenol. Livre de Parabenos, Petrolatos, Corantes e Silicones. Ingredientes 96% Naturais.<\/p>\n","protected":false},"excerpt":{"rendered":"<p>Tonifica, controla a oleosidade da pele. Cont\u00e9m Extrato de Alecrim com a\u00e7\u00e3o adstringente e \u00c1cido Salic\u00edlico que promove uma renova\u00e7\u00e3o celular. Rico em D-Pantenol que mant\u00e9m a pele hidratada. Indicado para pele mista e oleosa.<\/p>\n","protected":false},"featured_media":1353,"comment_status":"open","ping_status":"closed","template":"","meta":{"_joinchat":[]},"product_brand":[],"product_cat":[21],"product_tag":[],"class_list":{"0":"post-1140","1":"product","2":"type-product","3":"status-publish","4":"has-post-thumbnail","6":"product_cat-estetica-facial","8":"first","9":"outofstock","10":"shipping-taxable","11":"purchasable","12":"product-type-simple"},"_links":{"self":[{"href":"https:\/\/artewebmidia.com.br\/infinita\/wp-json\/wp\/v2\/product\/1140","targetHints":{"allow":["GET"]}}],"collection":[{"href":"https:\/\/artewebmidia.com.br\/infinita\/wp-json\/wp\/v2\/product"}],"about":[{"href":"https:\/\/artewebmidia.com.br\/infinita\/wp-json\/wp\/v2\/types\/product"}],"replies":[{"embeddable":true,"href":"https:\/\/artewebmidia.com.br\/infinita\/wp-json\/wp\/v2\/comments?post=1140"}],"wp:featuredmedia":[{"embeddable":true,"href":"https:\/\/artewebmidia.com.br\/infinita\/wp-json\/wp\/v2\/media\/1353"}],"wp:attachment":[{"href":"https:\/\/artewebmidia.com.br\/infinita\/wp-json\/wp\/v2\/media?parent=1140"}],"wp:term":[{"taxonomy":"product_brand","embeddable":true,"href":"https:\/\/artewebmidia.com.br\/infinita\/wp-json\/wp\/v2\/product_brand?post=1140"},{"taxonomy":"product_cat","embeddable":true,"href":"https:\/\/artewebmidia.com.br\/infinita\/wp-json\/wp\/v2\/product_cat?post=1140"},{"taxonomy":"product_tag","embeddable":true,"href":"https:\/\/artewebmidia.com.br\/infinita\/wp-json\/wp\/v2\/product_tag?post=1140"}],"curies":[{"name":"wp","href":"https:\/\/api.w.org\/{rel}","templated":true}]}}