{"id":1146,"date":"2023-12-05T11:07:25","date_gmt":"2023-12-05T14:07:25","guid":{"rendered":"https:\/\/artewebmidia.com.br\/infinita\/?post_type=product&#038;p=1146"},"modified":"2024-09-02T10:59:46","modified_gmt":"2024-09-02T13:59:46","slug":"sabonete-liquido-facial-controle-da-oleosidade","status":"publish","type":"product","link":"https:\/\/artewebmidia.com.br\/infinita\/produto\/sabonete-liquido-facial-controle-da-oleosidade\/","title":{"rendered":"SABONETE L\u00cdQUIDO FACIAL CONTROLE DA OLEOSIDADE"},"content":{"rendered":"<p>Ativos: \u00c1cido Salic\u00edlico e \u00c1cido Glic\u00f3lico. Livre de Parabenos, Petrolatos, Corantes e Silicones. Ingredientes 87% Naturais.<\/p>\n","protected":false},"excerpt":{"rendered":"<p>Controle da Oleosidade atrav\u00e9s da associa\u00e7\u00e3o dos ativos \u00c1cido Glic\u00f3lico e \u00c1cido Salic\u00edlico. Promove uma limpeza profunda e ajuda remover res\u00edduos de maquiagem sem ressecar a pele. Sua f\u00f3rmula cont\u00e9m ativo obtido por meio de processos biotecnol\u00f3gicos que contribui para uma hidrata\u00e7\u00e3o gradativa. Proporciona uma sensa\u00e7\u00e3o de refresc\u00e2ncia e bem-estar. Indicado para pele mista e oleosa.<\/p>\n","protected":false},"featured_media":1148,"comment_status":"open","ping_status":"closed","template":"","meta":{"_joinchat":[]},"product_brand":[],"product_cat":[21],"product_tag":[],"class_list":{"0":"post-1146","1":"product","2":"type-product","3":"status-publish","4":"has-post-thumbnail","6":"product_cat-estetica-facial","8":"first","9":"instock","10":"shipping-taxable","11":"purchasable","12":"product-type-simple"},"_links":{"self":[{"href":"https:\/\/artewebmidia.com.br\/infinita\/wp-json\/wp\/v2\/product\/1146","targetHints":{"allow":["GET"]}}],"collection":[{"href":"https:\/\/artewebmidia.com.br\/infinita\/wp-json\/wp\/v2\/product"}],"about":[{"href":"https:\/\/artewebmidia.com.br\/infinita\/wp-json\/wp\/v2\/types\/product"}],"replies":[{"embeddable":true,"href":"https:\/\/artewebmidia.com.br\/infinita\/wp-json\/wp\/v2\/comments?post=1146"}],"wp:featuredmedia":[{"embeddable":true,"href":"https:\/\/artewebmidia.com.br\/infinita\/wp-json\/wp\/v2\/media\/1148"}],"wp:attachment":[{"href":"https:\/\/artewebmidia.com.br\/infinita\/wp-json\/wp\/v2\/media?parent=1146"}],"wp:term":[{"taxonomy":"product_brand","embeddable":true,"href":"https:\/\/artewebmidia.com.br\/infinita\/wp-json\/wp\/v2\/product_brand?post=1146"},{"taxonomy":"product_cat","embeddable":true,"href":"https:\/\/artewebmidia.com.br\/infinita\/wp-json\/wp\/v2\/product_cat?post=1146"},{"taxonomy":"product_tag","embeddable":true,"href":"https:\/\/artewebmidia.com.br\/infinita\/wp-json\/wp\/v2\/product_tag?post=1146"}],"curies":[{"name":"wp","href":"https:\/\/api.w.org\/{rel}","templated":true}]}}