{"id":1154,"date":"2023-12-05T11:22:46","date_gmt":"2023-12-05T14:22:46","guid":{"rendered":"https:\/\/artewebmidia.com.br\/infinita\/?post_type=product&#038;p=1154"},"modified":"2024-01-09T11:45:44","modified_gmt":"2024-01-09T14:45:44","slug":"agua-hidratante-facial","status":"publish","type":"product","link":"https:\/\/artewebmidia.com.br\/infinita\/produto\/agua-hidratante-facial\/","title":{"rendered":"\u00c1GUA HIDRATANTE FACIAL"},"content":{"rendered":"<p>Ativos: Alanto\u00edna, Alfa Bisabolol e Aloe Vera. Livre de Parabenos, Corantes e Petrolatos. Ingredientes 97% Naturais.<\/p>\n","protected":false},"excerpt":{"rendered":"<p>A \u00c1gua Hidratante \u00e9 indicada para todos os tipos de pele. Possui a\u00e7\u00e3o calmante e refrescante, auxiliando na restaura\u00e7\u00e3o da umidade da pele. Proporciona maciez e suavidade, fornecendo uma sensa\u00e7\u00e3o de conforto e bem-estar.<\/p>\n","protected":false},"featured_media":1156,"comment_status":"open","ping_status":"closed","template":"","meta":{"_joinchat":[]},"product_brand":[],"product_cat":[21],"product_tag":[],"class_list":{"0":"post-1154","1":"product","2":"type-product","3":"status-publish","4":"has-post-thumbnail","6":"product_cat-estetica-facial","8":"first","9":"outofstock","10":"shipping-taxable","11":"purchasable","12":"product-type-simple"},"_links":{"self":[{"href":"https:\/\/artewebmidia.com.br\/infinita\/wp-json\/wp\/v2\/product\/1154","targetHints":{"allow":["GET"]}}],"collection":[{"href":"https:\/\/artewebmidia.com.br\/infinita\/wp-json\/wp\/v2\/product"}],"about":[{"href":"https:\/\/artewebmidia.com.br\/infinita\/wp-json\/wp\/v2\/types\/product"}],"replies":[{"embeddable":true,"href":"https:\/\/artewebmidia.com.br\/infinita\/wp-json\/wp\/v2\/comments?post=1154"}],"wp:featuredmedia":[{"embeddable":true,"href":"https:\/\/artewebmidia.com.br\/infinita\/wp-json\/wp\/v2\/media\/1156"}],"wp:attachment":[{"href":"https:\/\/artewebmidia.com.br\/infinita\/wp-json\/wp\/v2\/media?parent=1154"}],"wp:term":[{"taxonomy":"product_brand","embeddable":true,"href":"https:\/\/artewebmidia.com.br\/infinita\/wp-json\/wp\/v2\/product_brand?post=1154"},{"taxonomy":"product_cat","embeddable":true,"href":"https:\/\/artewebmidia.com.br\/infinita\/wp-json\/wp\/v2\/product_cat?post=1154"},{"taxonomy":"product_tag","embeddable":true,"href":"https:\/\/artewebmidia.com.br\/infinita\/wp-json\/wp\/v2\/product_tag?post=1154"}],"curies":[{"name":"wp","href":"https:\/\/api.w.org\/{rel}","templated":true}]}}