{"id":1157,"date":"2023-12-05T11:25:53","date_gmt":"2023-12-05T14:25:53","guid":{"rendered":"https:\/\/artewebmidia.com.br\/infinita\/?post_type=product&#038;p=1157"},"modified":"2024-09-02T11:01:15","modified_gmt":"2024-09-02T14:01:15","slug":"kit-facial-cuidados-essenciais","status":"publish","type":"product","link":"https:\/\/artewebmidia.com.br\/infinita\/produto\/kit-facial-cuidados-essenciais\/","title":{"rendered":"KIT FACIAL &#8211; CUIDADOS ESSENCIAIS"},"content":{"rendered":"<p>Os 3 passos dos cuidados essenciais.<\/p>\n<p>1. REVITALIZA\u00c7\u00c3O: Sabonete L\u00edquido Revitalizante &#8211; 120ml<br \/>\n2. EQUIL\u00cdBRIO: \u00c1gua Tonificante Reequilibrante &#8211; 100ml<br \/>\n3. HIDRATA\u00c7\u00c3O: Hidratante Multifuncional &#8211; 40g<\/p>\n","protected":false},"excerpt":{"rendered":"<p>Formulado especialmente para todos os tipos de pele, o kit oferece um rosto limpo, revigorado e protegido a qualquer hora, todos os dias.<\/p>\n","protected":false},"featured_media":1158,"comment_status":"open","ping_status":"closed","template":"","meta":{"_joinchat":[]},"product_brand":[],"product_cat":[21],"product_tag":[],"class_list":{"0":"post-1157","1":"product","2":"type-product","3":"status-publish","4":"has-post-thumbnail","6":"product_cat-estetica-facial","8":"first","9":"instock","10":"shipping-taxable","11":"purchasable","12":"product-type-simple"},"_links":{"self":[{"href":"https:\/\/artewebmidia.com.br\/infinita\/wp-json\/wp\/v2\/product\/1157","targetHints":{"allow":["GET"]}}],"collection":[{"href":"https:\/\/artewebmidia.com.br\/infinita\/wp-json\/wp\/v2\/product"}],"about":[{"href":"https:\/\/artewebmidia.com.br\/infinita\/wp-json\/wp\/v2\/types\/product"}],"replies":[{"embeddable":true,"href":"https:\/\/artewebmidia.com.br\/infinita\/wp-json\/wp\/v2\/comments?post=1157"}],"wp:featuredmedia":[{"embeddable":true,"href":"https:\/\/artewebmidia.com.br\/infinita\/wp-json\/wp\/v2\/media\/1158"}],"wp:attachment":[{"href":"https:\/\/artewebmidia.com.br\/infinita\/wp-json\/wp\/v2\/media?parent=1157"}],"wp:term":[{"taxonomy":"product_brand","embeddable":true,"href":"https:\/\/artewebmidia.com.br\/infinita\/wp-json\/wp\/v2\/product_brand?post=1157"},{"taxonomy":"product_cat","embeddable":true,"href":"https:\/\/artewebmidia.com.br\/infinita\/wp-json\/wp\/v2\/product_cat?post=1157"},{"taxonomy":"product_tag","embeddable":true,"href":"https:\/\/artewebmidia.com.br\/infinita\/wp-json\/wp\/v2\/product_tag?post=1157"}],"curies":[{"name":"wp","href":"https:\/\/api.w.org\/{rel}","templated":true}]}}