{"id":1160,"date":"2023-12-05T11:30:29","date_gmt":"2023-12-05T14:30:29","guid":{"rendered":"https:\/\/artewebmidia.com.br\/infinita\/?post_type=product&#038;p=1160"},"modified":"2024-01-09T11:44:42","modified_gmt":"2024-01-09T14:44:42","slug":"sabonete-liquido-revitalizante-facial","status":"publish","type":"product","link":"https:\/\/artewebmidia.com.br\/infinita\/produto\/sabonete-liquido-revitalizante-facial\/","title":{"rendered":"SABONETE L\u00cdQUIDO REVITALIZANTE FACIAL"},"content":{"rendered":"<p>Ativos: Extrato Glic\u00f3lico de Tomate, Extrato de Clorofila e Natuplex Citrus. Livre de Parabenos, Corantes e Petrolatos. Ingredientes 71% Naturais.<\/p>\n","protected":false},"excerpt":{"rendered":"<p>Limpa profundamente, remove impurezas e revitaliza a pele do rosto, sem ressecar. Possui em sua composi\u00e7\u00e3o vitaminas A, C e do complexo B que tonificam e hidratam a pele, al\u00e9m de subst\u00e2ncias ricas em antioxidantes.<\/p>\n","protected":false},"featured_media":1162,"comment_status":"open","ping_status":"closed","template":"","meta":{"_joinchat":[]},"product_brand":[],"product_cat":[21],"product_tag":[],"class_list":{"0":"post-1160","1":"product","2":"type-product","3":"status-publish","4":"has-post-thumbnail","6":"product_cat-estetica-facial","8":"first","9":"outofstock","10":"shipping-taxable","11":"purchasable","12":"product-type-simple"},"_links":{"self":[{"href":"https:\/\/artewebmidia.com.br\/infinita\/wp-json\/wp\/v2\/product\/1160","targetHints":{"allow":["GET"]}}],"collection":[{"href":"https:\/\/artewebmidia.com.br\/infinita\/wp-json\/wp\/v2\/product"}],"about":[{"href":"https:\/\/artewebmidia.com.br\/infinita\/wp-json\/wp\/v2\/types\/product"}],"replies":[{"embeddable":true,"href":"https:\/\/artewebmidia.com.br\/infinita\/wp-json\/wp\/v2\/comments?post=1160"}],"wp:featuredmedia":[{"embeddable":true,"href":"https:\/\/artewebmidia.com.br\/infinita\/wp-json\/wp\/v2\/media\/1162"}],"wp:attachment":[{"href":"https:\/\/artewebmidia.com.br\/infinita\/wp-json\/wp\/v2\/media?parent=1160"}],"wp:term":[{"taxonomy":"product_brand","embeddable":true,"href":"https:\/\/artewebmidia.com.br\/infinita\/wp-json\/wp\/v2\/product_brand?post=1160"},{"taxonomy":"product_cat","embeddable":true,"href":"https:\/\/artewebmidia.com.br\/infinita\/wp-json\/wp\/v2\/product_cat?post=1160"},{"taxonomy":"product_tag","embeddable":true,"href":"https:\/\/artewebmidia.com.br\/infinita\/wp-json\/wp\/v2\/product_tag?post=1160"}],"curies":[{"name":"wp","href":"https:\/\/api.w.org\/{rel}","templated":true}]}}