{"id":1163,"date":"2023-12-05T11:36:03","date_gmt":"2023-12-05T14:36:03","guid":{"rendered":"https:\/\/artewebmidia.com.br\/infinita\/?post_type=product&#038;p=1163"},"modified":"2024-01-09T11:43:57","modified_gmt":"2024-01-09T14:43:57","slug":"agua-tonificante-reequilibrantes-facial","status":"publish","type":"product","link":"https:\/\/artewebmidia.com.br\/infinita\/produto\/agua-tonificante-reequilibrantes-facial\/","title":{"rendered":"\u00c1GUA TONIFICANTE FACIAL REEQUILIBRANTE"},"content":{"rendered":"<p>Ativos: Extrato Glic\u00f3lico de Tomate, Extrato de Clorofila e Natuplex Citrus. Livre de Parabenos, Corantes e Petrolatos. Ingredientes 96% Naturais.<\/p>\n","protected":false},"excerpt":{"rendered":"<p>Tonifica, reequilibra pH e revigora o t\u00f4nus da pele, auxiliando na renova\u00e7\u00e3o celular. Possui em sua composi\u00e7\u00e3o vitaminas A, C e do complexo B que tonificam e hidratam a pele, al\u00e9m de subst\u00e2ncias ricas em antioxidantes.<\/p>\n","protected":false},"featured_media":1165,"comment_status":"open","ping_status":"closed","template":"","meta":{"_joinchat":[]},"product_brand":[],"product_cat":[21],"product_tag":[],"class_list":{"0":"post-1163","1":"product","2":"type-product","3":"status-publish","4":"has-post-thumbnail","6":"product_cat-estetica-facial","8":"first","9":"outofstock","10":"shipping-taxable","11":"purchasable","12":"product-type-simple"},"_links":{"self":[{"href":"https:\/\/artewebmidia.com.br\/infinita\/wp-json\/wp\/v2\/product\/1163","targetHints":{"allow":["GET"]}}],"collection":[{"href":"https:\/\/artewebmidia.com.br\/infinita\/wp-json\/wp\/v2\/product"}],"about":[{"href":"https:\/\/artewebmidia.com.br\/infinita\/wp-json\/wp\/v2\/types\/product"}],"replies":[{"embeddable":true,"href":"https:\/\/artewebmidia.com.br\/infinita\/wp-json\/wp\/v2\/comments?post=1163"}],"wp:featuredmedia":[{"embeddable":true,"href":"https:\/\/artewebmidia.com.br\/infinita\/wp-json\/wp\/v2\/media\/1165"}],"wp:attachment":[{"href":"https:\/\/artewebmidia.com.br\/infinita\/wp-json\/wp\/v2\/media?parent=1163"}],"wp:term":[{"taxonomy":"product_brand","embeddable":true,"href":"https:\/\/artewebmidia.com.br\/infinita\/wp-json\/wp\/v2\/product_brand?post=1163"},{"taxonomy":"product_cat","embeddable":true,"href":"https:\/\/artewebmidia.com.br\/infinita\/wp-json\/wp\/v2\/product_cat?post=1163"},{"taxonomy":"product_tag","embeddable":true,"href":"https:\/\/artewebmidia.com.br\/infinita\/wp-json\/wp\/v2\/product_tag?post=1163"}],"curies":[{"name":"wp","href":"https:\/\/api.w.org\/{rel}","templated":true}]}}