{"id":1170,"date":"2023-12-06T09:35:54","date_gmt":"2023-12-06T12:35:54","guid":{"rendered":"https:\/\/artewebmidia.com.br\/infinita\/?post_type=product&#038;p=1170"},"modified":"2024-01-09T11:42:46","modified_gmt":"2024-01-09T14:42:46","slug":"serum-firmador-de-seios-e-colo","status":"publish","type":"product","link":"https:\/\/artewebmidia.com.br\/infinita\/produto\/serum-firmador-de-seios-e-colo\/","title":{"rendered":"S\u00c9RUM FIRMADOR DE SEIOS E COLO"},"content":{"rendered":"<p>Ativos: Col\u00e1geno Vegetal + Sculp-up\u00ae. Livre de Parabenos, Petrolatos, Corantes e Silicones.<\/p>\n<p>Ingredientes 96% Naturais.<\/p>\n","protected":false},"excerpt":{"rendered":"<p>Possui f\u00f3rmula aquosa com textura leve de r\u00e1pida absor\u00e7\u00e3o. Exerce uma a\u00e7\u00e3o de lifting na regi\u00e3o dos seios. Possui o ativo biotecnol\u00f3gico Sculpup\u00ae, derivado dos polifen\u00f3is da amora e col\u00e1geno vegetal, que em sinergia promovem a\u00e7\u00e3o tonificante, deixando os seios com apar\u00eancia mais firme e modelada. Diminui as linhas de express\u00e3o da \u00e1rea do colo e proporciona um resultado de pele macia, sedosa e hidratada.<\/p>\n","protected":false},"featured_media":1172,"comment_status":"open","ping_status":"closed","template":"","meta":{"_joinchat":[]},"product_brand":[],"product_cat":[22],"product_tag":[],"class_list":{"0":"post-1170","1":"product","2":"type-product","3":"status-publish","4":"has-post-thumbnail","6":"product_cat-estetica-corporal","8":"first","9":"outofstock","10":"shipping-taxable","11":"purchasable","12":"product-type-simple"},"_links":{"self":[{"href":"https:\/\/artewebmidia.com.br\/infinita\/wp-json\/wp\/v2\/product\/1170","targetHints":{"allow":["GET"]}}],"collection":[{"href":"https:\/\/artewebmidia.com.br\/infinita\/wp-json\/wp\/v2\/product"}],"about":[{"href":"https:\/\/artewebmidia.com.br\/infinita\/wp-json\/wp\/v2\/types\/product"}],"replies":[{"embeddable":true,"href":"https:\/\/artewebmidia.com.br\/infinita\/wp-json\/wp\/v2\/comments?post=1170"}],"wp:featuredmedia":[{"embeddable":true,"href":"https:\/\/artewebmidia.com.br\/infinita\/wp-json\/wp\/v2\/media\/1172"}],"wp:attachment":[{"href":"https:\/\/artewebmidia.com.br\/infinita\/wp-json\/wp\/v2\/media?parent=1170"}],"wp:term":[{"taxonomy":"product_brand","embeddable":true,"href":"https:\/\/artewebmidia.com.br\/infinita\/wp-json\/wp\/v2\/product_brand?post=1170"},{"taxonomy":"product_cat","embeddable":true,"href":"https:\/\/artewebmidia.com.br\/infinita\/wp-json\/wp\/v2\/product_cat?post=1170"},{"taxonomy":"product_tag","embeddable":true,"href":"https:\/\/artewebmidia.com.br\/infinita\/wp-json\/wp\/v2\/product_tag?post=1170"}],"curies":[{"name":"wp","href":"https:\/\/api.w.org\/{rel}","templated":true}]}}