{"id":1173,"date":"2023-12-06T09:40:15","date_gmt":"2023-12-06T12:40:15","guid":{"rendered":"https:\/\/artewebmidia.com.br\/infinita\/?post_type=product&#038;p=1173"},"modified":"2024-01-09T11:42:20","modified_gmt":"2024-01-09T14:42:20","slug":"hidratante-corporal-diabet-hidra","status":"publish","type":"product","link":"https:\/\/artewebmidia.com.br\/infinita\/produto\/hidratante-corporal-diabet-hidra\/","title":{"rendered":"HIDRATANTE CORPORAL DIABET HIDRA"},"content":{"rendered":"<p>Ativos: Alanto\u00edna, Manteiga De Karit\u00e9, \u00d3leo de Girassol e Am\u00eandoa Doce, Hydrovance\u00ae. Livre de Parabenos, Corantes e Petrolatos.<\/p>\n<p>Ingredientes 92% Naturais.<\/p>\n<p>&nbsp;<\/p>\n","protected":false},"excerpt":{"rendered":"<p>A combina\u00e7\u00e3o de seus ativos rep\u00f5e da pele seca e extrasseca, aliviando a aspereza causada pelo ressecamento. Sua f\u00f3rmula de leve textura e r\u00e1pida absor\u00e7\u00e3o, ajuda a restaurar a barreira de prote\u00e7\u00e3o natural da pele retendo \u00e1gua por mais tempo, deixando a pele macia e saud\u00e1vel. Indicado para pessoas com <strong>diabetes.<\/strong><\/p>\n","protected":false},"featured_media":1174,"comment_status":"open","ping_status":"closed","template":"","meta":{"_joinchat":[]},"product_brand":[],"product_cat":[22],"product_tag":[],"class_list":{"0":"post-1173","1":"product","2":"type-product","3":"status-publish","4":"has-post-thumbnail","6":"product_cat-estetica-corporal","8":"first","9":"outofstock","10":"shipping-taxable","11":"purchasable","12":"product-type-simple"},"_links":{"self":[{"href":"https:\/\/artewebmidia.com.br\/infinita\/wp-json\/wp\/v2\/product\/1173","targetHints":{"allow":["GET"]}}],"collection":[{"href":"https:\/\/artewebmidia.com.br\/infinita\/wp-json\/wp\/v2\/product"}],"about":[{"href":"https:\/\/artewebmidia.com.br\/infinita\/wp-json\/wp\/v2\/types\/product"}],"replies":[{"embeddable":true,"href":"https:\/\/artewebmidia.com.br\/infinita\/wp-json\/wp\/v2\/comments?post=1173"}],"wp:featuredmedia":[{"embeddable":true,"href":"https:\/\/artewebmidia.com.br\/infinita\/wp-json\/wp\/v2\/media\/1174"}],"wp:attachment":[{"href":"https:\/\/artewebmidia.com.br\/infinita\/wp-json\/wp\/v2\/media?parent=1173"}],"wp:term":[{"taxonomy":"product_brand","embeddable":true,"href":"https:\/\/artewebmidia.com.br\/infinita\/wp-json\/wp\/v2\/product_brand?post=1173"},{"taxonomy":"product_cat","embeddable":true,"href":"https:\/\/artewebmidia.com.br\/infinita\/wp-json\/wp\/v2\/product_cat?post=1173"},{"taxonomy":"product_tag","embeddable":true,"href":"https:\/\/artewebmidia.com.br\/infinita\/wp-json\/wp\/v2\/product_tag?post=1173"}],"curies":[{"name":"wp","href":"https:\/\/api.w.org\/{rel}","templated":true}]}}