{"id":1179,"date":"2023-12-06T09:50:26","date_gmt":"2023-12-06T12:50:26","guid":{"rendered":"https:\/\/artewebmidia.com.br\/infinita\/?post_type=product&#038;p=1179"},"modified":"2024-01-09T11:41:10","modified_gmt":"2024-01-09T14:41:10","slug":"gel-creme-firmador-redutor-de-estrias","status":"publish","type":"product","link":"https:\/\/artewebmidia.com.br\/infinita\/produto\/gel-creme-firmador-redutor-de-estrias\/","title":{"rendered":"GEL CREME FIRMADOR &#8211; REDUTOR DE ESTRIAS"},"content":{"rendered":"<p>Ativos: Hidroxiprolisilane, Nanoc\u00e1psulas de Cafe\u00edna Centella Asi\u00e1tica, \u00d3leos de Semente de Ab\u00f3bora, Am\u00eandoa Doce e Girassol, Col\u00e1geno Vegetal. Livre de Parabenos e Corantes.<\/p>\n<p>Ingredientes 83% Naturais.<\/p>\n","protected":false},"excerpt":{"rendered":"<p>Com a\u00e7\u00e3o lipol\u00edtica e regeneradora que atua na quebra de adip\u00f3citos (c\u00e9lulas de gordura), auxiliando na redu\u00e7\u00e3o de medidas e na organiza\u00e7\u00e3o das fibras de col\u00e1geno, melhorando o aspecto das estrias. Sua f\u00f3rmula inovadora, em Gel\/Creme, mistura texturas diferentes, proporcionando um sensorial leve e refrescante, al\u00e9m de uma r\u00e1pida absor\u00e7\u00e3o com a\u00e7\u00e3o desodorante.<\/p>\n","protected":false},"featured_media":1181,"comment_status":"open","ping_status":"closed","template":"","meta":{"_joinchat":[]},"product_brand":[],"product_cat":[22],"product_tag":[],"class_list":{"0":"post-1179","1":"product","2":"type-product","3":"status-publish","4":"has-post-thumbnail","6":"product_cat-estetica-corporal","8":"first","9":"outofstock","10":"shipping-taxable","11":"purchasable","12":"product-type-simple"},"_links":{"self":[{"href":"https:\/\/artewebmidia.com.br\/infinita\/wp-json\/wp\/v2\/product\/1179","targetHints":{"allow":["GET"]}}],"collection":[{"href":"https:\/\/artewebmidia.com.br\/infinita\/wp-json\/wp\/v2\/product"}],"about":[{"href":"https:\/\/artewebmidia.com.br\/infinita\/wp-json\/wp\/v2\/types\/product"}],"replies":[{"embeddable":true,"href":"https:\/\/artewebmidia.com.br\/infinita\/wp-json\/wp\/v2\/comments?post=1179"}],"wp:featuredmedia":[{"embeddable":true,"href":"https:\/\/artewebmidia.com.br\/infinita\/wp-json\/wp\/v2\/media\/1181"}],"wp:attachment":[{"href":"https:\/\/artewebmidia.com.br\/infinita\/wp-json\/wp\/v2\/media?parent=1179"}],"wp:term":[{"taxonomy":"product_brand","embeddable":true,"href":"https:\/\/artewebmidia.com.br\/infinita\/wp-json\/wp\/v2\/product_brand?post=1179"},{"taxonomy":"product_cat","embeddable":true,"href":"https:\/\/artewebmidia.com.br\/infinita\/wp-json\/wp\/v2\/product_cat?post=1179"},{"taxonomy":"product_tag","embeddable":true,"href":"https:\/\/artewebmidia.com.br\/infinita\/wp-json\/wp\/v2\/product_tag?post=1179"}],"curies":[{"name":"wp","href":"https:\/\/api.w.org\/{rel}","templated":true}]}}