{"id":1185,"date":"2023-12-06T10:00:53","date_gmt":"2023-12-06T13:00:53","guid":{"rendered":"https:\/\/artewebmidia.com.br\/infinita\/?post_type=product&#038;p=1185"},"modified":"2024-07-23T11:27:02","modified_gmt":"2024-07-23T14:27:02","slug":"creme-hidratantes-para-pes-ureia-3","status":"publish","type":"product","link":"https:\/\/artewebmidia.com.br\/infinita\/produto\/creme-hidratantes-para-pes-ureia-3\/","title":{"rendered":"CREME HIDRATANTE PARA P\u00c9S &#8211; UR\u00c9IA 3%"},"content":{"rendered":"<p>Ativos: Ureia 3%, Vitamina E, \u00d3leo de Am\u00eandoa Doce, Manteiga de Manga e Manteiga de<br \/>\nKarit\u00e9. Livre de Parabenos, Corantes e Petrolatos.<\/p>\n<p>Ingredientes 84% Naturais.<\/p>\n","protected":false},"excerpt":{"rendered":"<p>A combina\u00e7\u00e3o de Ureia a 3% com vitamina E, e os \u00f3leos vegetais presentes em sua composi\u00e7\u00e3o, promove hidrata\u00e7\u00e3o ativa que ret\u00e9m as mol\u00e9culas de \u00e1gua nas c\u00e9lulas e fortalece a barreira de prote\u00e7\u00e3o natural da pele. Alto poder umectante com a\u00e7\u00e3o desodorante.<\/p>\n","protected":false},"featured_media":1186,"comment_status":"open","ping_status":"closed","template":"","meta":{"_joinchat":[]},"product_brand":[],"product_cat":[22],"product_tag":[],"class_list":{"0":"post-1185","1":"product","2":"type-product","3":"status-publish","4":"has-post-thumbnail","6":"product_cat-estetica-corporal","8":"first","9":"instock","10":"shipping-taxable","11":"purchasable","12":"product-type-simple"},"_links":{"self":[{"href":"https:\/\/artewebmidia.com.br\/infinita\/wp-json\/wp\/v2\/product\/1185","targetHints":{"allow":["GET"]}}],"collection":[{"href":"https:\/\/artewebmidia.com.br\/infinita\/wp-json\/wp\/v2\/product"}],"about":[{"href":"https:\/\/artewebmidia.com.br\/infinita\/wp-json\/wp\/v2\/types\/product"}],"replies":[{"embeddable":true,"href":"https:\/\/artewebmidia.com.br\/infinita\/wp-json\/wp\/v2\/comments?post=1185"}],"wp:featuredmedia":[{"embeddable":true,"href":"https:\/\/artewebmidia.com.br\/infinita\/wp-json\/wp\/v2\/media\/1186"}],"wp:attachment":[{"href":"https:\/\/artewebmidia.com.br\/infinita\/wp-json\/wp\/v2\/media?parent=1185"}],"wp:term":[{"taxonomy":"product_brand","embeddable":true,"href":"https:\/\/artewebmidia.com.br\/infinita\/wp-json\/wp\/v2\/product_brand?post=1185"},{"taxonomy":"product_cat","embeddable":true,"href":"https:\/\/artewebmidia.com.br\/infinita\/wp-json\/wp\/v2\/product_cat?post=1185"},{"taxonomy":"product_tag","embeddable":true,"href":"https:\/\/artewebmidia.com.br\/infinita\/wp-json\/wp\/v2\/product_tag?post=1185"}],"curies":[{"name":"wp","href":"https:\/\/api.w.org\/{rel}","templated":true}]}}