{"id":1190,"date":"2023-12-06T10:11:29","date_gmt":"2023-12-06T13:11:29","guid":{"rendered":"https:\/\/artewebmidia.com.br\/infinita\/?post_type=product&#038;p=1190"},"modified":"2024-07-23T11:26:04","modified_gmt":"2024-07-23T14:26:04","slug":"creme-hidratante-corporal-de-ureia-10","status":"publish","type":"product","link":"https:\/\/artewebmidia.com.br\/infinita\/produto\/creme-hidratante-corporal-de-ureia-10\/","title":{"rendered":"CREME HIDRATANTE CORPORAL DE UR\u00c9IA 10%"},"content":{"rendered":"<p>Ativos: Ureia 10%, Vitamina E, \u00d3leo de Am\u00eandoa Doce, Manteiga de Manga e Manteiga de Karit\u00e9. Livre de Parabenos, Corantes e Petrolatos. Hidrata\u00e7\u00e3o 24h intensa.<\/p>\n<p>Ingredientes 77% Naturais.<\/p>\n","protected":false},"excerpt":{"rendered":"<p>Com a\u00e7\u00e3o desodorante, hidrata profundamente a pele devolvendo maciez e sedosidade, sem deixar sensa\u00e7\u00e3o de oleosidade. Indicado principalmente para peles ressecadas, possui poderosa concentra\u00e7\u00e3o de ativos, ideal para manter a hidrata\u00e7\u00e3o da pele por um per\u00edodo prolongado, auxiliando contra o ressecamento e fissuras decorrentes do ressecamento<\/p>\n","protected":false},"featured_media":1193,"comment_status":"open","ping_status":"closed","template":"","meta":{"_joinchat":[]},"product_brand":[],"product_cat":[22],"product_tag":[],"class_list":{"0":"post-1190","1":"product","2":"type-product","3":"status-publish","4":"has-post-thumbnail","6":"product_cat-estetica-corporal","8":"first","9":"instock","10":"shipping-taxable","11":"purchasable","12":"product-type-simple"},"_links":{"self":[{"href":"https:\/\/artewebmidia.com.br\/infinita\/wp-json\/wp\/v2\/product\/1190","targetHints":{"allow":["GET"]}}],"collection":[{"href":"https:\/\/artewebmidia.com.br\/infinita\/wp-json\/wp\/v2\/product"}],"about":[{"href":"https:\/\/artewebmidia.com.br\/infinita\/wp-json\/wp\/v2\/types\/product"}],"replies":[{"embeddable":true,"href":"https:\/\/artewebmidia.com.br\/infinita\/wp-json\/wp\/v2\/comments?post=1190"}],"wp:featuredmedia":[{"embeddable":true,"href":"https:\/\/artewebmidia.com.br\/infinita\/wp-json\/wp\/v2\/media\/1193"}],"wp:attachment":[{"href":"https:\/\/artewebmidia.com.br\/infinita\/wp-json\/wp\/v2\/media?parent=1190"}],"wp:term":[{"taxonomy":"product_brand","embeddable":true,"href":"https:\/\/artewebmidia.com.br\/infinita\/wp-json\/wp\/v2\/product_brand?post=1190"},{"taxonomy":"product_cat","embeddable":true,"href":"https:\/\/artewebmidia.com.br\/infinita\/wp-json\/wp\/v2\/product_cat?post=1190"},{"taxonomy":"product_tag","embeddable":true,"href":"https:\/\/artewebmidia.com.br\/infinita\/wp-json\/wp\/v2\/product_tag?post=1190"}],"curies":[{"name":"wp","href":"https:\/\/api.w.org\/{rel}","templated":true}]}}