{"id":1194,"date":"2023-12-06T10:24:44","date_gmt":"2023-12-06T13:24:44","guid":{"rendered":"https:\/\/artewebmidia.com.br\/infinita\/?post_type=product&#038;p=1194"},"modified":"2023-12-13T17:26:51","modified_gmt":"2023-12-13T20:26:51","slug":"creme-esfoliante-corporal-de-arroz","status":"publish","type":"product","link":"https:\/\/artewebmidia.com.br\/infinita\/produto\/creme-esfoliante-corporal-de-arroz\/","title":{"rendered":"CREME ESFOLIANTE CORPORAL DE ARROZ"},"content":{"rendered":"<p>Ativos: Aloe Vera e Arroz micronizado. Livre de Parabenos, Corantes e Petrolatos.<\/p>\n<p>Ingredientes 74% Naturais.<\/p>\n","protected":false},"excerpt":{"rendered":"<p>Com a\u00e7\u00e3o desodorante, limpa e remove c\u00e9lulas mortas promovendo a renova\u00e7\u00e3o celular. Traz maciez e uniformidade \u00e0 pele, favorecendo os protocolos de regi\u00f5es extremamente ressecadas como m\u00e3os, p\u00e9s, joelhos e cotovelos.<\/p>\n","protected":false},"featured_media":1195,"comment_status":"open","ping_status":"closed","template":"","meta":{"_joinchat":[]},"product_brand":[],"product_cat":[22],"product_tag":[],"class_list":{"0":"post-1194","1":"product","2":"type-product","3":"status-publish","4":"has-post-thumbnail","6":"product_cat-estetica-corporal","8":"first","9":"outofstock","10":"shipping-taxable","11":"purchasable","12":"product-type-variable"},"_links":{"self":[{"href":"https:\/\/artewebmidia.com.br\/infinita\/wp-json\/wp\/v2\/product\/1194","targetHints":{"allow":["GET"]}}],"collection":[{"href":"https:\/\/artewebmidia.com.br\/infinita\/wp-json\/wp\/v2\/product"}],"about":[{"href":"https:\/\/artewebmidia.com.br\/infinita\/wp-json\/wp\/v2\/types\/product"}],"replies":[{"embeddable":true,"href":"https:\/\/artewebmidia.com.br\/infinita\/wp-json\/wp\/v2\/comments?post=1194"}],"wp:featuredmedia":[{"embeddable":true,"href":"https:\/\/artewebmidia.com.br\/infinita\/wp-json\/wp\/v2\/media\/1195"}],"wp:attachment":[{"href":"https:\/\/artewebmidia.com.br\/infinita\/wp-json\/wp\/v2\/media?parent=1194"}],"wp:term":[{"taxonomy":"product_brand","embeddable":true,"href":"https:\/\/artewebmidia.com.br\/infinita\/wp-json\/wp\/v2\/product_brand?post=1194"},{"taxonomy":"product_cat","embeddable":true,"href":"https:\/\/artewebmidia.com.br\/infinita\/wp-json\/wp\/v2\/product_cat?post=1194"},{"taxonomy":"product_tag","embeddable":true,"href":"https:\/\/artewebmidia.com.br\/infinita\/wp-json\/wp\/v2\/product_tag?post=1194"}],"curies":[{"name":"wp","href":"https:\/\/api.w.org\/{rel}","templated":true}]}}