{"id":1202,"date":"2023-12-06T10:46:50","date_gmt":"2023-12-06T13:46:50","guid":{"rendered":"https:\/\/artewebmidia.com.br\/infinita\/?post_type=product&#038;p=1202"},"modified":"2024-06-10T11:35:09","modified_gmt":"2024-06-10T14:35:09","slug":"creme-amolecedor-de-cravos-facial-clean-skin","status":"publish","type":"product","link":"https:\/\/artewebmidia.com.br\/infinita\/produto\/creme-amolecedor-de-cravos-facial-clean-skin\/","title":{"rendered":"CREME AMOLECEDOR DE CRAVOS FACIAL &#8211; CLEAN SKIN"},"content":{"rendered":"<p>Ativos: Extrato de Camomila, \u00d3leo Essencial de Melaleuca, Extrato de Arnica, Vitamina E, Zinco PCA. Livre de Parabenos, Petrolatos, Corantes e Silicones. Produto Hipoalerg\u00eanico.<\/p>\n<p>Ingredientes 86% Naturais.<\/p>\n","protected":false},"excerpt":{"rendered":"<p>Textura em creme com alta efi ciencia na extra\u00e7\u00e3o de cravos e espinhas. Auxilia na diminui\u00e7\u00e3o da produtiva de sebo respons\u00e1vel pelo surgimento de espinhas, por conter \u00f3leo essencial de melaleuca. Pode ser associado \u00e0 Lo\u00e7\u00e3o Emoliente Clean Skin em peles que possuem maior resistencia \u00e0 extra\u00e7\u00e3o. Tamb\u00e9m pode ser utilizado para amolecer cut\u00edculas.<\/p>\n","protected":false},"featured_media":1203,"comment_status":"open","ping_status":"closed","template":"","meta":{"_joinchat":[]},"product_brand":[],"product_cat":[21],"product_tag":[],"class_list":{"0":"post-1202","1":"product","2":"type-product","3":"status-publish","4":"has-post-thumbnail","6":"product_cat-estetica-facial","8":"first","9":"instock","10":"shipping-taxable","11":"purchasable","12":"product-type-simple"},"_links":{"self":[{"href":"https:\/\/artewebmidia.com.br\/infinita\/wp-json\/wp\/v2\/product\/1202","targetHints":{"allow":["GET"]}}],"collection":[{"href":"https:\/\/artewebmidia.com.br\/infinita\/wp-json\/wp\/v2\/product"}],"about":[{"href":"https:\/\/artewebmidia.com.br\/infinita\/wp-json\/wp\/v2\/types\/product"}],"replies":[{"embeddable":true,"href":"https:\/\/artewebmidia.com.br\/infinita\/wp-json\/wp\/v2\/comments?post=1202"}],"wp:featuredmedia":[{"embeddable":true,"href":"https:\/\/artewebmidia.com.br\/infinita\/wp-json\/wp\/v2\/media\/1203"}],"wp:attachment":[{"href":"https:\/\/artewebmidia.com.br\/infinita\/wp-json\/wp\/v2\/media?parent=1202"}],"wp:term":[{"taxonomy":"product_brand","embeddable":true,"href":"https:\/\/artewebmidia.com.br\/infinita\/wp-json\/wp\/v2\/product_brand?post=1202"},{"taxonomy":"product_cat","embeddable":true,"href":"https:\/\/artewebmidia.com.br\/infinita\/wp-json\/wp\/v2\/product_cat?post=1202"},{"taxonomy":"product_tag","embeddable":true,"href":"https:\/\/artewebmidia.com.br\/infinita\/wp-json\/wp\/v2\/product_tag?post=1202"}],"curies":[{"name":"wp","href":"https:\/\/api.w.org\/{rel}","templated":true}]}}