{"id":1204,"date":"2023-12-06T11:08:12","date_gmt":"2023-12-06T14:08:12","guid":{"rendered":"https:\/\/artewebmidia.com.br\/infinita\/?post_type=product&#038;p=1204"},"modified":"2024-07-23T11:31:59","modified_gmt":"2024-07-23T14:31:59","slug":"creme-de-massagem-oleos-essenciais","status":"publish","type":"product","link":"https:\/\/artewebmidia.com.br\/infinita\/produto\/creme-de-massagem-oleos-essenciais\/","title":{"rendered":"CREME DE MASSAGEM \u00d3LEOS ESSENCIAIS"},"content":{"rendered":"<p>Ativos: Blend de \u00d3leos Essenciais: Lentisco, Peppermint e Cipreste. Livre de Parabenos, Corantes e Petrolatos.<\/p>\n<p>Ingredientes 82% Naturais.<\/p>\n","protected":false},"excerpt":{"rendered":"<p>Especialmente desenvolvido para massagem p\u00e9, p\u00f3s-operat\u00f3rio e bem estar. Auxilia no procedimento da drenagem linf\u00e1tica, facilitando as manobras de bombeamento e deslizamento. Com seu poder hidratante e a combina\u00e7\u00e3o dos \u00f3leos essenciais traz conforto e o reequil\u00edbrio da pele.<\/p>\n","protected":false},"featured_media":1205,"comment_status":"open","ping_status":"closed","template":"","meta":{"_joinchat":[]},"product_brand":[],"product_cat":[22],"product_tag":[],"class_list":{"0":"post-1204","1":"product","2":"type-product","3":"status-publish","4":"has-post-thumbnail","6":"product_cat-estetica-corporal","8":"first","9":"instock","10":"shipping-taxable","11":"purchasable","12":"product-type-simple"},"_links":{"self":[{"href":"https:\/\/artewebmidia.com.br\/infinita\/wp-json\/wp\/v2\/product\/1204","targetHints":{"allow":["GET"]}}],"collection":[{"href":"https:\/\/artewebmidia.com.br\/infinita\/wp-json\/wp\/v2\/product"}],"about":[{"href":"https:\/\/artewebmidia.com.br\/infinita\/wp-json\/wp\/v2\/types\/product"}],"replies":[{"embeddable":true,"href":"https:\/\/artewebmidia.com.br\/infinita\/wp-json\/wp\/v2\/comments?post=1204"}],"wp:featuredmedia":[{"embeddable":true,"href":"https:\/\/artewebmidia.com.br\/infinita\/wp-json\/wp\/v2\/media\/1205"}],"wp:attachment":[{"href":"https:\/\/artewebmidia.com.br\/infinita\/wp-json\/wp\/v2\/media?parent=1204"}],"wp:term":[{"taxonomy":"product_brand","embeddable":true,"href":"https:\/\/artewebmidia.com.br\/infinita\/wp-json\/wp\/v2\/product_brand?post=1204"},{"taxonomy":"product_cat","embeddable":true,"href":"https:\/\/artewebmidia.com.br\/infinita\/wp-json\/wp\/v2\/product_cat?post=1204"},{"taxonomy":"product_tag","embeddable":true,"href":"https:\/\/artewebmidia.com.br\/infinita\/wp-json\/wp\/v2\/product_tag?post=1204"}],"curies":[{"name":"wp","href":"https:\/\/api.w.org\/{rel}","templated":true}]}}