{"id":1209,"date":"2023-12-06T11:19:18","date_gmt":"2023-12-06T14:19:18","guid":{"rendered":"https:\/\/artewebmidia.com.br\/infinita\/?post_type=product&#038;p=1209"},"modified":"2024-07-23T11:33:27","modified_gmt":"2024-07-23T14:33:27","slug":"creme-de-massagem-corporal-cafeina-e-curcuma-redutor-de-celulite","status":"publish","type":"product","link":"https:\/\/artewebmidia.com.br\/infinita\/produto\/creme-de-massagem-corporal-cafeina-e-curcuma-redutor-de-celulite\/","title":{"rendered":"CREME DE MASSAGEM CORPORAL CAFE\u00cdNA E C\u00daRCUMA &#8211; REDUTOR DE CELULITE"},"content":{"rendered":"<p>Ativos: Cafe\u00edna, C\u00farcuma, Cavalinha, Ginkgo Biloba, Hera, Centella Asi\u00e1tica, Arica, Fucus e Hortel\u00e3. Livre de Parabenos, Corantes e Petrolatos.<\/p>\n<p>Ingredientes 79% Naturais.<\/p>\n","protected":false},"excerpt":{"rendered":"<p>Com poder extremamente hidratante, a combina\u00e7\u00e3o de seus ativos aliados a massagem est\u00e9tica, ajudam a estimular o metabolismo e a<br \/>\nprodu\u00e7\u00e3o de col\u00e1geno. Auxilia na redu\u00e7\u00e3o de celulite, medidas e gordura localizada.<\/p>\n","protected":false},"featured_media":1210,"comment_status":"open","ping_status":"closed","template":"","meta":{"_joinchat":[]},"product_brand":[],"product_cat":[22],"product_tag":[],"class_list":{"0":"post-1209","1":"product","2":"type-product","3":"status-publish","4":"has-post-thumbnail","6":"product_cat-estetica-corporal","8":"first","9":"instock","10":"shipping-taxable","11":"purchasable","12":"product-type-simple"},"_links":{"self":[{"href":"https:\/\/artewebmidia.com.br\/infinita\/wp-json\/wp\/v2\/product\/1209","targetHints":{"allow":["GET"]}}],"collection":[{"href":"https:\/\/artewebmidia.com.br\/infinita\/wp-json\/wp\/v2\/product"}],"about":[{"href":"https:\/\/artewebmidia.com.br\/infinita\/wp-json\/wp\/v2\/types\/product"}],"replies":[{"embeddable":true,"href":"https:\/\/artewebmidia.com.br\/infinita\/wp-json\/wp\/v2\/comments?post=1209"}],"wp:featuredmedia":[{"embeddable":true,"href":"https:\/\/artewebmidia.com.br\/infinita\/wp-json\/wp\/v2\/media\/1210"}],"wp:attachment":[{"href":"https:\/\/artewebmidia.com.br\/infinita\/wp-json\/wp\/v2\/media?parent=1209"}],"wp:term":[{"taxonomy":"product_brand","embeddable":true,"href":"https:\/\/artewebmidia.com.br\/infinita\/wp-json\/wp\/v2\/product_brand?post=1209"},{"taxonomy":"product_cat","embeddable":true,"href":"https:\/\/artewebmidia.com.br\/infinita\/wp-json\/wp\/v2\/product_cat?post=1209"},{"taxonomy":"product_tag","embeddable":true,"href":"https:\/\/artewebmidia.com.br\/infinita\/wp-json\/wp\/v2\/product_tag?post=1209"}],"curies":[{"name":"wp","href":"https:\/\/api.w.org\/{rel}","templated":true}]}}