{"id":1215,"date":"2023-12-06T11:31:48","date_gmt":"2023-12-06T14:31:48","guid":{"rendered":"https:\/\/artewebmidia.com.br\/infinita\/?post_type=product&#038;p=1215"},"modified":"2024-09-02T10:37:01","modified_gmt":"2024-09-02T13:37:01","slug":"creme-de-massagem-corporal-colageno-vegetal-q10-firmador","status":"publish","type":"product","link":"https:\/\/artewebmidia.com.br\/infinita\/produto\/creme-de-massagem-corporal-colageno-vegetal-q10-firmador\/","title":{"rendered":"CREME DE MASSAGEM CORPORAL COL\u00c1GENO VEGETAL &#038; Q10 &#8211; FIRMADOR"},"content":{"rendered":"<p>Ativos: Col\u00e1geno Vegetal, Lipossomas de Coenzima, Q-10 Vegetal e Vitamina E. Livre de Parabenos e Corantes.<\/p>\n<p>Ingredientes 77% Naturais.<\/p>\n","protected":false},"excerpt":{"rendered":"<p>O Creme de Massagem Col\u00e1geno Vegetal e Q-10 possui a\u00e7\u00e3o desodorante, hidratante e nutritiva da pele. A Coenzima Q-10, presente neste creme, \u00e9 antioxidante e minimiza o efeito negativo dos radicais livres, auxiliando na melhora e na manuten\u00e7\u00e3o da resist\u00eancia da pele. Indicado para massagens est\u00e9ticas modeladoras.<\/p>\n","protected":false},"featured_media":1216,"comment_status":"open","ping_status":"closed","template":"","meta":{"_joinchat":[]},"product_brand":[],"product_cat":[22],"product_tag":[],"class_list":{"0":"post-1215","1":"product","2":"type-product","3":"status-publish","4":"has-post-thumbnail","6":"product_cat-estetica-corporal","8":"first","9":"instock","10":"shipping-taxable","11":"purchasable","12":"product-type-simple"},"_links":{"self":[{"href":"https:\/\/artewebmidia.com.br\/infinita\/wp-json\/wp\/v2\/product\/1215","targetHints":{"allow":["GET"]}}],"collection":[{"href":"https:\/\/artewebmidia.com.br\/infinita\/wp-json\/wp\/v2\/product"}],"about":[{"href":"https:\/\/artewebmidia.com.br\/infinita\/wp-json\/wp\/v2\/types\/product"}],"replies":[{"embeddable":true,"href":"https:\/\/artewebmidia.com.br\/infinita\/wp-json\/wp\/v2\/comments?post=1215"}],"wp:featuredmedia":[{"embeddable":true,"href":"https:\/\/artewebmidia.com.br\/infinita\/wp-json\/wp\/v2\/media\/1216"}],"wp:attachment":[{"href":"https:\/\/artewebmidia.com.br\/infinita\/wp-json\/wp\/v2\/media?parent=1215"}],"wp:term":[{"taxonomy":"product_brand","embeddable":true,"href":"https:\/\/artewebmidia.com.br\/infinita\/wp-json\/wp\/v2\/product_brand?post=1215"},{"taxonomy":"product_cat","embeddable":true,"href":"https:\/\/artewebmidia.com.br\/infinita\/wp-json\/wp\/v2\/product_cat?post=1215"},{"taxonomy":"product_tag","embeddable":true,"href":"https:\/\/artewebmidia.com.br\/infinita\/wp-json\/wp\/v2\/product_tag?post=1215"}],"curies":[{"name":"wp","href":"https:\/\/api.w.org\/{rel}","templated":true}]}}