{"id":1220,"date":"2023-12-06T11:40:24","date_gmt":"2023-12-06T14:40:24","guid":{"rendered":"https:\/\/artewebmidia.com.br\/infinita\/?post_type=product&#038;p=1220"},"modified":"2024-07-23T11:35:44","modified_gmt":"2024-07-23T14:35:44","slug":"creme-de-massagem-corporal-nano-tech-nano-redutor","status":"publish","type":"product","link":"https:\/\/artewebmidia.com.br\/infinita\/produto\/creme-de-massagem-corporal-nano-tech-nano-redutor\/","title":{"rendered":"CREME DE MASSAGEM CORPORAL NANO TECH &#8211; NANO REDUTOR"},"content":{"rendered":"<p>Ativos: Nanoc\u00e1psulas de Cafe\u00edna, Hidroxiprolisilane, Centella Asi\u00e1tica, \u00d3leos de Semente de Ab\u00f3bora e Am\u00eandoas Doce. Livre de Parabenos, Corantes e Petrolatos.<\/p>\n<p>Ingredientes 81% Naturais.<\/p>\n","protected":false},"excerpt":{"rendered":"<p>Sua f\u00f3rmula inovadora combina um complexo de ativos que agem na organiza\u00e7\u00e3o das fibras de col\u00e1geno, com a cafe\u00edna nanoencapsulada, garantindo a libera\u00e7\u00e3o gradual e efeito prolongado de seus benef\u00edcios, melhorando o aspecto das estrias e auxiliando na redu\u00e7\u00e3o da celulite e gordura localizada.<\/p>\n","protected":false},"featured_media":1221,"comment_status":"open","ping_status":"closed","template":"","meta":{"_joinchat":[]},"product_brand":[],"product_cat":[22],"product_tag":[],"class_list":{"0":"post-1220","1":"product","2":"type-product","3":"status-publish","4":"has-post-thumbnail","6":"product_cat-estetica-corporal","8":"first","9":"instock","10":"shipping-taxable","11":"purchasable","12":"product-type-simple"},"_links":{"self":[{"href":"https:\/\/artewebmidia.com.br\/infinita\/wp-json\/wp\/v2\/product\/1220","targetHints":{"allow":["GET"]}}],"collection":[{"href":"https:\/\/artewebmidia.com.br\/infinita\/wp-json\/wp\/v2\/product"}],"about":[{"href":"https:\/\/artewebmidia.com.br\/infinita\/wp-json\/wp\/v2\/types\/product"}],"replies":[{"embeddable":true,"href":"https:\/\/artewebmidia.com.br\/infinita\/wp-json\/wp\/v2\/comments?post=1220"}],"wp:featuredmedia":[{"embeddable":true,"href":"https:\/\/artewebmidia.com.br\/infinita\/wp-json\/wp\/v2\/media\/1221"}],"wp:attachment":[{"href":"https:\/\/artewebmidia.com.br\/infinita\/wp-json\/wp\/v2\/media?parent=1220"}],"wp:term":[{"taxonomy":"product_brand","embeddable":true,"href":"https:\/\/artewebmidia.com.br\/infinita\/wp-json\/wp\/v2\/product_brand?post=1220"},{"taxonomy":"product_cat","embeddable":true,"href":"https:\/\/artewebmidia.com.br\/infinita\/wp-json\/wp\/v2\/product_cat?post=1220"},{"taxonomy":"product_tag","embeddable":true,"href":"https:\/\/artewebmidia.com.br\/infinita\/wp-json\/wp\/v2\/product_tag?post=1220"}],"curies":[{"name":"wp","href":"https:\/\/api.w.org\/{rel}","templated":true}]}}