{"id":1227,"date":"2023-12-07T09:03:26","date_gmt":"2023-12-07T12:03:26","guid":{"rendered":"https:\/\/artewebmidia.com.br\/infinita\/?post_type=product&#038;p=1227"},"modified":"2024-07-23T11:37:48","modified_gmt":"2024-07-23T14:37:48","slug":"creme-de-massagem-corporal-pimenta-preta-termoativo","status":"publish","type":"product","link":"https:\/\/artewebmidia.com.br\/infinita\/produto\/creme-de-massagem-corporal-pimenta-preta-termoativo\/","title":{"rendered":"CREME DE MASSAGEM CORPORAL PIMENTA PRETA &#8211; TERMOATIVO"},"content":{"rendered":"<p>Ativos: Pimenta Preta, Gengibre, Manteiga de Manga, Castanha-da-\u00cdndia, Centella Asi\u00e1tica, Cavalinha, Alga Fucus, Arnica, Hera e Erva Mate. Livre de Parabenos, Corantes e Petrolatos.<\/p>\n<p>Ingrediente 82% Naturais.<\/p>\n","protected":false},"excerpt":{"rendered":"<p>Com a\u00e7\u00e3o altamente hidratante e desodorante, sendo indicado nos protocolos est\u00e9ticos de termoterapia e redu\u00e7\u00e3o de medidas. A pimenta preta \u00e9 um termo ativador natural, e sua sinergia com os outros ingredientes da f\u00f3rmula, ativam o sistema linf\u00e1tico, estimulando a circula\u00e7\u00e3o sangu\u00ednea e o metabolismo celular.<\/p>\n","protected":false},"featured_media":1228,"comment_status":"open","ping_status":"closed","template":"","meta":{"_joinchat":[]},"product_brand":[],"product_cat":[22],"product_tag":[],"class_list":{"0":"post-1227","1":"product","2":"type-product","3":"status-publish","4":"has-post-thumbnail","6":"product_cat-estetica-corporal","8":"first","9":"instock","10":"shipping-taxable","11":"purchasable","12":"product-type-simple"},"_links":{"self":[{"href":"https:\/\/artewebmidia.com.br\/infinita\/wp-json\/wp\/v2\/product\/1227","targetHints":{"allow":["GET"]}}],"collection":[{"href":"https:\/\/artewebmidia.com.br\/infinita\/wp-json\/wp\/v2\/product"}],"about":[{"href":"https:\/\/artewebmidia.com.br\/infinita\/wp-json\/wp\/v2\/types\/product"}],"replies":[{"embeddable":true,"href":"https:\/\/artewebmidia.com.br\/infinita\/wp-json\/wp\/v2\/comments?post=1227"}],"wp:featuredmedia":[{"embeddable":true,"href":"https:\/\/artewebmidia.com.br\/infinita\/wp-json\/wp\/v2\/media\/1228"}],"wp:attachment":[{"href":"https:\/\/artewebmidia.com.br\/infinita\/wp-json\/wp\/v2\/media?parent=1227"}],"wp:term":[{"taxonomy":"product_brand","embeddable":true,"href":"https:\/\/artewebmidia.com.br\/infinita\/wp-json\/wp\/v2\/product_brand?post=1227"},{"taxonomy":"product_cat","embeddable":true,"href":"https:\/\/artewebmidia.com.br\/infinita\/wp-json\/wp\/v2\/product_cat?post=1227"},{"taxonomy":"product_tag","embeddable":true,"href":"https:\/\/artewebmidia.com.br\/infinita\/wp-json\/wp\/v2\/product_tag?post=1227"}],"curies":[{"name":"wp","href":"https:\/\/api.w.org\/{rel}","templated":true}]}}