{"id":1232,"date":"2023-12-07T09:16:53","date_gmt":"2023-12-07T12:16:53","guid":{"rendered":"https:\/\/artewebmidia.com.br\/infinita\/?post_type=product&#038;p=1232"},"modified":"2024-07-23T11:34:01","modified_gmt":"2024-07-23T14:34:01","slug":"creme-de-massagem-corporal-neutro","status":"publish","type":"product","link":"https:\/\/artewebmidia.com.br\/infinita\/produto\/creme-de-massagem-corporal-neutro\/","title":{"rendered":"CREME DE MASSAGEM CORPORAL NEUTRO"},"content":{"rendered":"<p>Livre de Fragr\u00e2ncia, Parabenos, Corantes e Petrolatos.<\/p>\n<p>Ingredientes 82% Naturais.<\/p>\n","protected":false},"excerpt":{"rendered":"<p>Ideal para todos os tipos de massagem (modeladora, drenagem linf\u00e1tica, relaxante). Possui emolientes vegetais que promovem excelente deslizamento e absor\u00e7\u00e3o em tempo ideal para alto rendimento na aplica\u00e7\u00e3o. A\u00e7\u00e3o desodorante, hidrata\u00e7\u00e3o intensa, n\u00e3o oclusiva, com toque seco e sem residual oleoso. Permite a associa\u00e7\u00e3o a \u00f3leos essenciais de acordo com a necessidade e prefer\u00eancia\u00a0do<br \/>\nprofissional.<\/p>\n<p>Seguro para gestantes.<\/p>\n","protected":false},"featured_media":1233,"comment_status":"open","ping_status":"closed","template":"","meta":{"_joinchat":[]},"product_brand":[],"product_cat":[22],"product_tag":[],"class_list":{"0":"post-1232","1":"product","2":"type-product","3":"status-publish","4":"has-post-thumbnail","6":"product_cat-estetica-corporal","8":"first","9":"instock","10":"shipping-taxable","11":"purchasable","12":"product-type-simple"},"_links":{"self":[{"href":"https:\/\/artewebmidia.com.br\/infinita\/wp-json\/wp\/v2\/product\/1232","targetHints":{"allow":["GET"]}}],"collection":[{"href":"https:\/\/artewebmidia.com.br\/infinita\/wp-json\/wp\/v2\/product"}],"about":[{"href":"https:\/\/artewebmidia.com.br\/infinita\/wp-json\/wp\/v2\/types\/product"}],"replies":[{"embeddable":true,"href":"https:\/\/artewebmidia.com.br\/infinita\/wp-json\/wp\/v2\/comments?post=1232"}],"wp:featuredmedia":[{"embeddable":true,"href":"https:\/\/artewebmidia.com.br\/infinita\/wp-json\/wp\/v2\/media\/1233"}],"wp:attachment":[{"href":"https:\/\/artewebmidia.com.br\/infinita\/wp-json\/wp\/v2\/media?parent=1232"}],"wp:term":[{"taxonomy":"product_brand","embeddable":true,"href":"https:\/\/artewebmidia.com.br\/infinita\/wp-json\/wp\/v2\/product_brand?post=1232"},{"taxonomy":"product_cat","embeddable":true,"href":"https:\/\/artewebmidia.com.br\/infinita\/wp-json\/wp\/v2\/product_cat?post=1232"},{"taxonomy":"product_tag","embeddable":true,"href":"https:\/\/artewebmidia.com.br\/infinita\/wp-json\/wp\/v2\/product_tag?post=1232"}],"curies":[{"name":"wp","href":"https:\/\/api.w.org\/{rel}","templated":true}]}}