{"id":1242,"date":"2023-12-07T10:02:48","date_gmt":"2023-12-07T13:02:48","guid":{"rendered":"https:\/\/artewebmidia.com.br\/infinita\/?post_type=product&#038;p=1242"},"modified":"2024-07-23T11:38:27","modified_gmt":"2024-07-23T14:38:27","slug":"creme-corporal-drenagem-linfatica","status":"publish","type":"product","link":"https:\/\/artewebmidia.com.br\/infinita\/produto\/creme-corporal-drenagem-linfatica\/","title":{"rendered":"CREME CORPORAL DRENAGEM LINF\u00c1TICA"},"content":{"rendered":"<p>Ativos: Extrato de Hibisco, Extrato de Flor de L\u00f3tus e \u00d3leo de Girassol. Livre de Parabenos, Corantes e Petrolatos.<\/p>\n<p>Ingredientes 77% Naturais.<\/p>\n","protected":false},"excerpt":{"rendered":"<p>Com extrato de hibisco e flor de l\u00f3tus, associado ao \u00f3leo de girassol e as t\u00e9cnicas terap\u00eauticas de massagem, pode ativar de forma eficiente o sistema linf\u00e1tico e a circula\u00e7\u00e3o, melhorando o fluxo sangu\u00edneo muscular e auxiliando na redu\u00e7\u00e3o de edemas. Al\u00e9m disso, confere \u00e0 pele uma a\u00e7\u00e3o altamente hidratante, melhorando o t\u00f4nus e deixando-a saud\u00e1vel.<\/p>\n","protected":false},"featured_media":1243,"comment_status":"open","ping_status":"closed","template":"","meta":{"_joinchat":[]},"product_brand":[],"product_cat":[22],"product_tag":[],"class_list":{"0":"post-1242","1":"product","2":"type-product","3":"status-publish","4":"has-post-thumbnail","6":"product_cat-estetica-corporal","8":"first","9":"instock","10":"shipping-taxable","11":"purchasable","12":"product-type-simple"},"_links":{"self":[{"href":"https:\/\/artewebmidia.com.br\/infinita\/wp-json\/wp\/v2\/product\/1242","targetHints":{"allow":["GET"]}}],"collection":[{"href":"https:\/\/artewebmidia.com.br\/infinita\/wp-json\/wp\/v2\/product"}],"about":[{"href":"https:\/\/artewebmidia.com.br\/infinita\/wp-json\/wp\/v2\/types\/product"}],"replies":[{"embeddable":true,"href":"https:\/\/artewebmidia.com.br\/infinita\/wp-json\/wp\/v2\/comments?post=1242"}],"wp:featuredmedia":[{"embeddable":true,"href":"https:\/\/artewebmidia.com.br\/infinita\/wp-json\/wp\/v2\/media\/1243"}],"wp:attachment":[{"href":"https:\/\/artewebmidia.com.br\/infinita\/wp-json\/wp\/v2\/media?parent=1242"}],"wp:term":[{"taxonomy":"product_brand","embeddable":true,"href":"https:\/\/artewebmidia.com.br\/infinita\/wp-json\/wp\/v2\/product_brand?post=1242"},{"taxonomy":"product_cat","embeddable":true,"href":"https:\/\/artewebmidia.com.br\/infinita\/wp-json\/wp\/v2\/product_cat?post=1242"},{"taxonomy":"product_tag","embeddable":true,"href":"https:\/\/artewebmidia.com.br\/infinita\/wp-json\/wp\/v2\/product_tag?post=1242"}],"curies":[{"name":"wp","href":"https:\/\/api.w.org\/{rel}","templated":true}]}}