{"id":1248,"date":"2023-12-07T10:07:31","date_gmt":"2023-12-07T13:07:31","guid":{"rendered":"https:\/\/artewebmidia.com.br\/infinita\/?post_type=product&#038;p=1248"},"modified":"2024-09-02T09:54:57","modified_gmt":"2024-09-02T12:54:57","slug":"creme-de-massagem-corporal-arnica","status":"publish","type":"product","link":"https:\/\/artewebmidia.com.br\/infinita\/produto\/creme-de-massagem-corporal-arnica\/","title":{"rendered":"CREME DE MASSAGEM CORPORAL ARNICA"},"content":{"rendered":"<p>Ativos: Arnica e \u00d3leo de Semente de Algod\u00e3o. Livre de Parabenos, Corantes e Petrolatos.<\/p>\n<p>Ingredientes 78% Naturais.<\/p>\n","protected":false},"excerpt":{"rendered":"<p>Especialmente desenvolvido para massagem desportiva e estimulante que auxiliam no al\u00edvio de tens\u00f5es musculares. F\u00f3rmula enriquecida com \u00f3leos vegetais que proporcionam a\u00e7\u00e3o emoliente, promovendo uma sensa\u00e7\u00e3o de conforto e de pele hidratada, podendo ser utilizada regularmente para ajudar a prevenir les\u00f5es por esgotamento.<\/p>\n","protected":false},"featured_media":1249,"comment_status":"open","ping_status":"closed","template":"","meta":{"_joinchat":[]},"product_brand":[],"product_cat":[22],"product_tag":[],"class_list":{"0":"post-1248","1":"product","2":"type-product","3":"status-publish","4":"has-post-thumbnail","6":"product_cat-estetica-corporal","8":"first","9":"instock","10":"shipping-taxable","11":"purchasable","12":"product-type-simple"},"_links":{"self":[{"href":"https:\/\/artewebmidia.com.br\/infinita\/wp-json\/wp\/v2\/product\/1248","targetHints":{"allow":["GET"]}}],"collection":[{"href":"https:\/\/artewebmidia.com.br\/infinita\/wp-json\/wp\/v2\/product"}],"about":[{"href":"https:\/\/artewebmidia.com.br\/infinita\/wp-json\/wp\/v2\/types\/product"}],"replies":[{"embeddable":true,"href":"https:\/\/artewebmidia.com.br\/infinita\/wp-json\/wp\/v2\/comments?post=1248"}],"wp:featuredmedia":[{"embeddable":true,"href":"https:\/\/artewebmidia.com.br\/infinita\/wp-json\/wp\/v2\/media\/1249"}],"wp:attachment":[{"href":"https:\/\/artewebmidia.com.br\/infinita\/wp-json\/wp\/v2\/media?parent=1248"}],"wp:term":[{"taxonomy":"product_brand","embeddable":true,"href":"https:\/\/artewebmidia.com.br\/infinita\/wp-json\/wp\/v2\/product_brand?post=1248"},{"taxonomy":"product_cat","embeddable":true,"href":"https:\/\/artewebmidia.com.br\/infinita\/wp-json\/wp\/v2\/product_cat?post=1248"},{"taxonomy":"product_tag","embeddable":true,"href":"https:\/\/artewebmidia.com.br\/infinita\/wp-json\/wp\/v2\/product_tag?post=1248"}],"curies":[{"name":"wp","href":"https:\/\/api.w.org\/{rel}","templated":true}]}}