{"id":1250,"date":"2023-12-07T10:15:37","date_gmt":"2023-12-07T13:15:37","guid":{"rendered":"https:\/\/artewebmidia.com.br\/infinita\/?post_type=product&#038;p=1250"},"modified":"2024-07-23T11:52:16","modified_gmt":"2024-07-23T14:52:16","slug":"creme-de-massagem-corporal-relaxante","status":"publish","type":"product","link":"https:\/\/artewebmidia.com.br\/infinita\/produto\/creme-de-massagem-corporal-relaxante\/","title":{"rendered":"CREME DE MASSAGEM CORPORAL RELAXANTE 1Kg"},"content":{"rendered":"<p>Ativos: \u00d3leo essencial de Capim Lim\u00e3o. Livre de Parabenos, Corantes e Petrolatos.<\/p>\n<p>Ingredientes 81% Naturais.<\/p>\n","protected":false},"excerpt":{"rendered":"<p>Possui \u00f3timo deslizamento e excelente permea\u00e7\u00e3o. Melhora a performance dos movimentos durante o procedimento de massagem. Sua f\u00f3rmula enriquecida com extrato de capim-lim\u00e3o, rico em \u00f3leos essenciais, possui a\u00e7\u00e3o calmante e refrescante, proporcionando uma sensa\u00e7\u00e3o de tranquilidade e de relaxamento.<\/p>\n","protected":false},"featured_media":0,"comment_status":"open","ping_status":"closed","template":"","meta":{"_joinchat":[]},"product_brand":[],"product_cat":[22],"product_tag":[],"class_list":{"0":"post-1250","1":"product","2":"type-product","3":"status-publish","5":"product_cat-estetica-corporal","7":"first","8":"instock","9":"shipping-taxable","10":"purchasable","11":"product-type-simple"},"_links":{"self":[{"href":"https:\/\/artewebmidia.com.br\/infinita\/wp-json\/wp\/v2\/product\/1250","targetHints":{"allow":["GET"]}}],"collection":[{"href":"https:\/\/artewebmidia.com.br\/infinita\/wp-json\/wp\/v2\/product"}],"about":[{"href":"https:\/\/artewebmidia.com.br\/infinita\/wp-json\/wp\/v2\/types\/product"}],"replies":[{"embeddable":true,"href":"https:\/\/artewebmidia.com.br\/infinita\/wp-json\/wp\/v2\/comments?post=1250"}],"wp:attachment":[{"href":"https:\/\/artewebmidia.com.br\/infinita\/wp-json\/wp\/v2\/media?parent=1250"}],"wp:term":[{"taxonomy":"product_brand","embeddable":true,"href":"https:\/\/artewebmidia.com.br\/infinita\/wp-json\/wp\/v2\/product_brand?post=1250"},{"taxonomy":"product_cat","embeddable":true,"href":"https:\/\/artewebmidia.com.br\/infinita\/wp-json\/wp\/v2\/product_cat?post=1250"},{"taxonomy":"product_tag","embeddable":true,"href":"https:\/\/artewebmidia.com.br\/infinita\/wp-json\/wp\/v2\/product_tag?post=1250"}],"curies":[{"name":"wp","href":"https:\/\/api.w.org\/{rel}","templated":true}]}}