{"id":1252,"date":"2023-12-07T10:27:50","date_gmt":"2023-12-07T13:27:50","guid":{"rendered":"https:\/\/artewebmidia.com.br\/infinita\/?post_type=product&#038;p=1252"},"modified":"2024-06-10T11:51:10","modified_gmt":"2024-06-10T14:51:10","slug":"creme-esfoliante-corporal-neutro","status":"publish","type":"product","link":"https:\/\/artewebmidia.com.br\/infinita\/produto\/creme-esfoliante-corporal-neutro\/","title":{"rendered":"CREME ESFOLIANTE CORPORAL NEUTRO"},"content":{"rendered":"<p>Livre de Parabenos, Corantes e Fragr\u00e2ncias.<\/p>\n<p>Ingredientes 87% Naturais.<\/p>\n","protected":false},"excerpt":{"rendered":"<p>Remove as impurezas da pele por meio de esfolia\u00e7\u00e3o de m\u00e9dia abras\u00e3o, promovendo renova\u00e7\u00e3o celular e favorecendo a permea\u00e7\u00e3o dos ativos nos protocolos est\u00e9ticos. Age como um excelente esfoliante com base neutra, apresenta propriedades regenerativas da pele, conferindo maciez e suavidade. Com a\u00e7\u00e3o desodorante, \u00e9 indicado para todos os tipos de pele e sua f\u00f3rmula \u00e9 segura para uso em <strong>gestantes<\/strong>.<\/p>\n","protected":false},"featured_media":1253,"comment_status":"open","ping_status":"closed","template":"","meta":{"_joinchat":[]},"product_brand":[],"product_cat":[22],"product_tag":[],"class_list":{"0":"post-1252","1":"product","2":"type-product","3":"status-publish","4":"has-post-thumbnail","6":"product_cat-estetica-corporal","8":"first","9":"instock","10":"shipping-taxable","11":"purchasable","12":"product-type-simple"},"_links":{"self":[{"href":"https:\/\/artewebmidia.com.br\/infinita\/wp-json\/wp\/v2\/product\/1252","targetHints":{"allow":["GET"]}}],"collection":[{"href":"https:\/\/artewebmidia.com.br\/infinita\/wp-json\/wp\/v2\/product"}],"about":[{"href":"https:\/\/artewebmidia.com.br\/infinita\/wp-json\/wp\/v2\/types\/product"}],"replies":[{"embeddable":true,"href":"https:\/\/artewebmidia.com.br\/infinita\/wp-json\/wp\/v2\/comments?post=1252"}],"wp:featuredmedia":[{"embeddable":true,"href":"https:\/\/artewebmidia.com.br\/infinita\/wp-json\/wp\/v2\/media\/1253"}],"wp:attachment":[{"href":"https:\/\/artewebmidia.com.br\/infinita\/wp-json\/wp\/v2\/media?parent=1252"}],"wp:term":[{"taxonomy":"product_brand","embeddable":true,"href":"https:\/\/artewebmidia.com.br\/infinita\/wp-json\/wp\/v2\/product_brand?post=1252"},{"taxonomy":"product_cat","embeddable":true,"href":"https:\/\/artewebmidia.com.br\/infinita\/wp-json\/wp\/v2\/product_cat?post=1252"},{"taxonomy":"product_tag","embeddable":true,"href":"https:\/\/artewebmidia.com.br\/infinita\/wp-json\/wp\/v2\/product_tag?post=1252"}],"curies":[{"name":"wp","href":"https:\/\/api.w.org\/{rel}","templated":true}]}}