{"id":1265,"date":"2023-12-07T10:52:27","date_gmt":"2023-12-07T13:52:27","guid":{"rendered":"https:\/\/artewebmidia.com.br\/infinita\/?post_type=product&#038;p=1265"},"modified":"2024-01-09T09:41:28","modified_gmt":"2024-01-09T12:41:28","slug":"argila-branca","status":"publish","type":"product","link":"https:\/\/artewebmidia.com.br\/infinita\/produto\/argila-branca\/","title":{"rendered":"ARGILA BRANCA"},"content":{"rendered":"<p>Ativos: Oligoelementos e minerais.<\/p>\n","protected":false},"excerpt":{"rendered":"<p>Com rigoroso controle microbiol\u00f3gico, \u00e9 indicada para todos os tipos de peles, principalmente delicadas e desidratadas. Rep\u00f5e os minerais e promove uma microesfolia\u00e7\u00e3o retirando todas as impurezas e oleosidade excessiva da pele e do couro cabeludo. Possui um pH fisiol\u00f3gico, promovendo o reequil\u00edbrio natural. Tem a\u00e7\u00e3o calmante e tamb\u00e9m pode ser utilizada em procedimentos p\u00f3s-depilat\u00f3rios.<\/p>\n","protected":false},"featured_media":1266,"comment_status":"open","ping_status":"closed","template":"","meta":{"_joinchat":[]},"product_brand":[],"product_cat":[22],"product_tag":[],"class_list":{"0":"post-1265","1":"product","2":"type-product","3":"status-publish","4":"has-post-thumbnail","6":"product_cat-estetica-corporal","8":"first","9":"outofstock","10":"shipping-taxable","11":"purchasable","12":"product-type-simple"},"_links":{"self":[{"href":"https:\/\/artewebmidia.com.br\/infinita\/wp-json\/wp\/v2\/product\/1265","targetHints":{"allow":["GET"]}}],"collection":[{"href":"https:\/\/artewebmidia.com.br\/infinita\/wp-json\/wp\/v2\/product"}],"about":[{"href":"https:\/\/artewebmidia.com.br\/infinita\/wp-json\/wp\/v2\/types\/product"}],"replies":[{"embeddable":true,"href":"https:\/\/artewebmidia.com.br\/infinita\/wp-json\/wp\/v2\/comments?post=1265"}],"wp:featuredmedia":[{"embeddable":true,"href":"https:\/\/artewebmidia.com.br\/infinita\/wp-json\/wp\/v2\/media\/1266"}],"wp:attachment":[{"href":"https:\/\/artewebmidia.com.br\/infinita\/wp-json\/wp\/v2\/media?parent=1265"}],"wp:term":[{"taxonomy":"product_brand","embeddable":true,"href":"https:\/\/artewebmidia.com.br\/infinita\/wp-json\/wp\/v2\/product_brand?post=1265"},{"taxonomy":"product_cat","embeddable":true,"href":"https:\/\/artewebmidia.com.br\/infinita\/wp-json\/wp\/v2\/product_cat?post=1265"},{"taxonomy":"product_tag","embeddable":true,"href":"https:\/\/artewebmidia.com.br\/infinita\/wp-json\/wp\/v2\/product_tag?post=1265"}],"curies":[{"name":"wp","href":"https:\/\/api.w.org\/{rel}","templated":true}]}}