{"id":1267,"date":"2023-12-07T11:16:01","date_gmt":"2023-12-07T14:16:01","guid":{"rendered":"https:\/\/artewebmidia.com.br\/infinita\/?post_type=product&#038;p=1267"},"modified":"2024-07-23T11:57:03","modified_gmt":"2024-07-23T14:57:03","slug":"argila-verde","status":"publish","type":"product","link":"https:\/\/artewebmidia.com.br\/infinita\/produto\/argila-verde\/","title":{"rendered":"ARGILA VERDE"},"content":{"rendered":"<p>Ativos: Oligoelementos e minerais.<\/p>\n","protected":false},"excerpt":{"rendered":"<p>Com rigoroso controle microbiol\u00f3gico, \u00e9 indicada para peles oleosas. Rica em ferro, alum\u00ednio, pot\u00e1ssio e magn\u00e9sio, promove a reposi\u00e7\u00e3o dos minerais e age no controle da oleosidade da pele e do couro cabeludo. Tamb\u00e9m pode ser utilizada no processo preventivo da foliculite e no p\u00f3s depilat\u00f3rio.<\/p>\n","protected":false},"featured_media":1268,"comment_status":"open","ping_status":"closed","template":"","meta":{"_joinchat":[]},"product_brand":[],"product_cat":[23,22,21],"product_tag":[],"class_list":{"0":"post-1267","1":"product","2":"type-product","3":"status-publish","4":"has-post-thumbnail","6":"product_cat-cabelo","7":"product_cat-estetica-corporal","8":"product_cat-estetica-facial","10":"first","11":"instock","12":"shipping-taxable","13":"purchasable","14":"product-type-simple"},"_links":{"self":[{"href":"https:\/\/artewebmidia.com.br\/infinita\/wp-json\/wp\/v2\/product\/1267","targetHints":{"allow":["GET"]}}],"collection":[{"href":"https:\/\/artewebmidia.com.br\/infinita\/wp-json\/wp\/v2\/product"}],"about":[{"href":"https:\/\/artewebmidia.com.br\/infinita\/wp-json\/wp\/v2\/types\/product"}],"replies":[{"embeddable":true,"href":"https:\/\/artewebmidia.com.br\/infinita\/wp-json\/wp\/v2\/comments?post=1267"}],"wp:featuredmedia":[{"embeddable":true,"href":"https:\/\/artewebmidia.com.br\/infinita\/wp-json\/wp\/v2\/media\/1268"}],"wp:attachment":[{"href":"https:\/\/artewebmidia.com.br\/infinita\/wp-json\/wp\/v2\/media?parent=1267"}],"wp:term":[{"taxonomy":"product_brand","embeddable":true,"href":"https:\/\/artewebmidia.com.br\/infinita\/wp-json\/wp\/v2\/product_brand?post=1267"},{"taxonomy":"product_cat","embeddable":true,"href":"https:\/\/artewebmidia.com.br\/infinita\/wp-json\/wp\/v2\/product_cat?post=1267"},{"taxonomy":"product_tag","embeddable":true,"href":"https:\/\/artewebmidia.com.br\/infinita\/wp-json\/wp\/v2\/product_tag?post=1267"}],"curies":[{"name":"wp","href":"https:\/\/api.w.org\/{rel}","templated":true}]}}