{"id":1271,"date":"2023-12-07T11:39:41","date_gmt":"2023-12-07T14:39:41","guid":{"rendered":"https:\/\/artewebmidia.com.br\/infinita\/?post_type=product&#038;p=1271"},"modified":"2024-06-10T11:54:40","modified_gmt":"2024-06-10T14:54:40","slug":"locao-higienizante","status":"publish","type":"product","link":"https:\/\/artewebmidia.com.br\/infinita\/produto\/locao-higienizante\/","title":{"rendered":"LO\u00c7\u00c3O HIGIENIZANTE RAAVI"},"content":{"rendered":"<p>Ativos: Extrato de Cal\u00eandula e Hortel\u00e3-Pimenta. Livre de Parabenos e Petrolatos.<\/p>\n<p>Ingredientes 85% Naturais.<\/p>\n","protected":false},"excerpt":{"rendered":"<p>Enriquecida com extratos de cal\u00eandula e hortel\u00e3-pimenta, limpa profundamente a pele proporcionando uma agrad\u00e1vel a\u00e7\u00e3o refrescante e desodorante.<\/p>\n","protected":false},"featured_media":1381,"comment_status":"open","ping_status":"closed","template":"","meta":{"_joinchat":[]},"product_brand":[],"product_cat":[22],"product_tag":[],"class_list":{"0":"post-1271","1":"product","2":"type-product","3":"status-publish","4":"has-post-thumbnail","6":"product_cat-estetica-corporal","8":"first","9":"outofstock","10":"shipping-taxable","11":"purchasable","12":"product-type-simple"},"_links":{"self":[{"href":"https:\/\/artewebmidia.com.br\/infinita\/wp-json\/wp\/v2\/product\/1271","targetHints":{"allow":["GET"]}}],"collection":[{"href":"https:\/\/artewebmidia.com.br\/infinita\/wp-json\/wp\/v2\/product"}],"about":[{"href":"https:\/\/artewebmidia.com.br\/infinita\/wp-json\/wp\/v2\/types\/product"}],"replies":[{"embeddable":true,"href":"https:\/\/artewebmidia.com.br\/infinita\/wp-json\/wp\/v2\/comments?post=1271"}],"wp:featuredmedia":[{"embeddable":true,"href":"https:\/\/artewebmidia.com.br\/infinita\/wp-json\/wp\/v2\/media\/1381"}],"wp:attachment":[{"href":"https:\/\/artewebmidia.com.br\/infinita\/wp-json\/wp\/v2\/media?parent=1271"}],"wp:term":[{"taxonomy":"product_brand","embeddable":true,"href":"https:\/\/artewebmidia.com.br\/infinita\/wp-json\/wp\/v2\/product_brand?post=1271"},{"taxonomy":"product_cat","embeddable":true,"href":"https:\/\/artewebmidia.com.br\/infinita\/wp-json\/wp\/v2\/product_cat?post=1271"},{"taxonomy":"product_tag","embeddable":true,"href":"https:\/\/artewebmidia.com.br\/infinita\/wp-json\/wp\/v2\/product_tag?post=1271"}],"curies":[{"name":"wp","href":"https:\/\/api.w.org\/{rel}","templated":true}]}}